{"id":1191,"date":"2024-06-14T15:59:47","date_gmt":"2024-06-14T13:59:47","guid":{"rendered":"https:\/\/agri-cool.eu\/avisos-legais\/"},"modified":"2024-11-20T19:22:15","modified_gmt":"2024-11-20T18:22:15","slug":"avisos-legais","status":"publish","type":"page","link":"https:\/\/agri-cool.eu\/pt-pt\/avisos-legais\/","title":{"rendered":"Avisos legais"},"content":{"rendered":"\t\t<div data-elementor-type=\"wp-page\" data-elementor-id=\"1191\" class=\"elementor elementor-1191 elementor-112\" data-elementor-post-type=\"page\">\n\t\t\t\t\t\t<section class=\"elementor-section elementor-top-section elementor-element elementor-element-6ad6ddd elementor-section-boxed elementor-section-height-default elementor-section-height-default\" data-id=\"6ad6ddd\" data-element_type=\"section\" data-e-type=\"section\">\n\t\t\t\t\t\t<div class=\"elementor-container elementor-column-gap-default\">\n\t\t\t\t\t<div class=\"elementor-column elementor-col-100 elementor-top-column elementor-element elementor-element-7a24eab\" data-id=\"7a24eab\" data-element_type=\"column\" data-e-type=\"column\">\n\t\t\t<div class=\"elementor-widget-wrap elementor-element-populated\">\n\t\t\t\t\t\t<div class=\"elementor-element elementor-element-5078208 animated-slow elementor-invisible elementor-widget elementor-widget-heading\" data-id=\"5078208\" data-element_type=\"widget\" data-e-type=\"widget\" data-settings=\"{&quot;_animation&quot;:&quot;fadeIn&quot;}\" data-widget_type=\"heading.default\">\n\t\t\t\t<div class=\"elementor-widget-container\">\n\t\t\t\t\t<h2 class=\"elementor-heading-title elementor-size-default\">Avisos legais<\/h2>\t\t\t\t<\/div>\n\t\t\t\t<\/div>\n\t\t\t\t<div class=\"elementor-element elementor-element-e618159 animated-slow elementor-widget-divider--view-line elementor-invisible elementor-widget elementor-widget-divider\" data-id=\"e618159\" data-element_type=\"widget\" data-e-type=\"widget\" data-settings=\"{&quot;_animation&quot;:&quot;fadeIn&quot;,&quot;_animation_delay&quot;:500}\" data-widget_type=\"divider.default\">\n\t\t\t\t<div class=\"elementor-widget-container\">\n\t\t\t\t\t\t\t<div class=\"elementor-divider\">\n\t\t\t<span class=\"elementor-divider-separator\">\n\t\t\t\t\t\t<\/span>\n\t\t<\/div>\n\t\t\t\t\t\t<\/div>\n\t\t\t\t<\/div>\n\t\t\t\t<div class=\"elementor-element elementor-element-68087db animated-slow elementor-invisible elementor-widget elementor-widget-text-editor\" data-id=\"68087db\" data-element_type=\"widget\" data-e-type=\"widget\" data-settings=\"{&quot;_animation&quot;:&quot;fadeIn&quot;,&quot;_animation_delay&quot;:700}\" data-widget_type=\"text-editor.default\">\n\t\t\t\t<div class=\"elementor-widget-container\">\n\t\t\t\t\t\t\t\t\t<blockquote class=\"gmail_quote\">\n<div dir=\"ltr\">\n<div>\n<div lang=\"FR\">\n<div>\n<p><b>AGRI-COOL<\/b><\/p>\n<p><span lang=\"EN-US\">Sede social: Universidade de Twente<\/span><span lang=\"EN-US\">Drienerlolaan 5, Enschede, 7522 NB, Pa\u00edses Baixos<\/span><\/p>\n<p><span lang=\"EN-US\">Coordenador : Dr. Shahi Mina, <a href=\"mailto:m.shahi@utwente.nl\" target=\"_blank\" rel=\"noopener\">m.shahi@utwente.nl<\/a><\/span><\/p>\n<p><span lang=\"EN-US\"> <\/span><\/p>\n<p><span lang=\"EN-US\">S\u00edtio Web gerido por:<\/span><\/p>\n<p><span lang=\"EN-US\">INSTITUTO INTERNACIONAL DE REFRIGERA\u00c7\u00c3O<\/span><\/p>\n<p><span lang=\"EN-US\">Sede social: Institut International du Froid &#8211; <a dir=\"ltr\">177 bd Malesherbes &#8211; 75017 Paris FRAN\u00c7A<\/a><\/span><\/p>\n<p><span lang=\"EN-US\">CONTACTO | Telefone. <a dir=\"ltr\" href=\"tel:+33%201%2042%2027%2032%2035\" target=\"_blank\" rel=\"noopener\">+33 1 42 27 32 35<\/a> &#8211; Email :<\/span> <a href=\"mailto:iif-iir@iifiir.org\" target=\"_blank\" rel=\"noopener\"><span lang=\"EN-US\">iif-iir@iifiir.org<\/span><\/a><\/p>\n<p><span lang=\"EN-US\">SIRET | <a dir=\"ltr\" href=\"tel:784%20710%20790%20000%2014\" target=\"_blank\" rel=\"noopener\">784 710 790 000 14<\/a><\/span><\/p>\n<p><span lang=\"EN-US\"> <\/span><\/p>\n<p><span lang=\"EN-US\">Website desenvolvido por: CG N\u00fcm\u00e9rik  <\/span><\/p>\n<p><span lang=\"EN-US\">17 rue Beaus\u00e9jour, 77400 Pomponne<\/span><\/p>\n<p><span lang=\"EN-US\">S\u00edtio Web : https:\/\/www.cg-numerik.com\/<\/span><\/p>\n<\/div>\n<\/div>\n<\/div>\n<\/div>\n<\/blockquote>\n\t\t\t\t\t\t\t\t<\/div>\n\t\t\t\t<\/div>\n\t\t\t\t\t<\/div>\n\t\t<\/div>\n\t\t\t\t\t<\/div>\n\t\t<\/section>\n\t\t\t\t<\/div>\n\t\t","protected":false},"excerpt":{"rendered":"<p>Avisos legais AGRI-COOL Sede social: Universidade de TwenteDrienerlolaan 5, Enschede, 7522 NB, Pa\u00edses Baixos Coordenador : Dr. Shahi Mina, m.shahi@utwente.nl S\u00edtio Web gerido por: INSTITUTO INTERNACIONAL DE REFRIGERA\u00c7\u00c3O Sede social: Institut International du Froid &#8211; 177 bd Malesherbes &#8211; 75017 Paris FRAN\u00c7A CONTACTO | Telefone. +33 1 42 27 32 35 &#8211; Email : iif-iir@iifiir.org [&hellip;]<\/p>\n","protected":false},"author":2,"featured_media":0,"parent":0,"menu_order":0,"comment_status":"closed","ping_status":"closed","template":"","meta":{"footnotes":""},"class_list":["post-1191","page","type-page","status-publish","hentry"],"yoast_head":"<!-- This site is optimized with the Yoast SEO plugin v27.3 - https:\/\/yoast.com\/product\/yoast-seo-wordpress\/ -->\n<title>Avisos legais - AGRI COOL<\/title>\n<meta name=\"robots\" content=\"index, follow, max-snippet:-1, max-image-preview:large, max-video-preview:-1\" \/>\n<link rel=\"canonical\" href=\"https:\/\/agri-cool.eu\/legal-notices\/\" \/>\n<meta property=\"og:locale\" content=\"pt_PT\" \/>\n<meta property=\"og:type\" content=\"article\" \/>\n<meta property=\"og:title\" content=\"Avisos legais - AGRI COOL\" \/>\n<meta property=\"og:description\" content=\"Avisos legais AGRI-COOL Sede social: Universidade de TwenteDrienerlolaan 5, Enschede, 7522 NB, Pa\u00edses Baixos Coordenador : Dr. Shahi Mina, m.shahi@utwente.nl S\u00edtio Web gerido por: INSTITUTO INTERNACIONAL DE REFRIGERA\u00c7\u00c3O Sede social: Institut International du Froid &#8211; 177 bd Malesherbes &#8211; 75017 Paris FRAN\u00c7A CONTACTO | Telefone. +33 1 42 27 32 35 &#8211; Email : iif-iir@iifiir.org [&hellip;]\" \/>\n<meta property=\"og:url\" content=\"https:\/\/agri-cool.eu\/legal-notices\/\" \/>\n<meta property=\"og:site_name\" content=\"AGRI COOL\" \/>\n<meta property=\"article:modified_time\" content=\"2024-11-20T18:22:15+00:00\" \/>\n<meta name=\"twitter:card\" content=\"summary_large_image\" \/>\n<script type=\"application\/ld+json\" class=\"yoast-schema-graph\">{\"@context\":\"https:\\\/\\\/schema.org\",\"@graph\":[{\"@type\":\"WebPage\",\"@id\":\"https:\\\/\\\/agri-cool.eu\\\/legal-notices\\\/\",\"url\":\"https:\\\/\\\/agri-cool.eu\\\/legal-notices\\\/\",\"name\":\"Avisos legais - AGRI COOL\",\"isPartOf\":{\"@id\":\"https:\\\/\\\/agri-cool.eu\\\/#website\"},\"datePublished\":\"2024-06-14T13:59:47+00:00\",\"dateModified\":\"2024-11-20T18:22:15+00:00\",\"breadcrumb\":{\"@id\":\"https:\\\/\\\/agri-cool.eu\\\/legal-notices\\\/#breadcrumb\"},\"inLanguage\":\"pt-PT\",\"potentialAction\":[{\"@type\":\"ReadAction\",\"target\":[\"https:\\\/\\\/agri-cool.eu\\\/legal-notices\\\/\"]}]},{\"@type\":\"BreadcrumbList\",\"@id\":\"https:\\\/\\\/agri-cool.eu\\\/legal-notices\\\/#breadcrumb\",\"itemListElement\":[{\"@type\":\"ListItem\",\"position\":1,\"name\":\"Home\",\"item\":\"https:\\\/\\\/agri-cool.eu\\\/pt-pt\\\/casa\\\/\"},{\"@type\":\"ListItem\",\"position\":2,\"name\":\"Avisos legais\"}]},{\"@type\":\"WebSite\",\"@id\":\"https:\\\/\\\/agri-cool.eu\\\/#website\",\"url\":\"https:\\\/\\\/agri-cool.eu\\\/\",\"name\":\"AGRI COOL\",\"description\":\"\",\"potentialAction\":[{\"@type\":\"SearchAction\",\"target\":{\"@type\":\"EntryPoint\",\"urlTemplate\":\"https:\\\/\\\/agri-cool.eu\\\/?s={search_term_string}\"},\"query-input\":{\"@type\":\"PropertyValueSpecification\",\"valueRequired\":true,\"valueName\":\"search_term_string\"}}],\"inLanguage\":\"pt-PT\"}]}<\/script>\n<!-- \/ Yoast SEO plugin. -->","yoast_head_json":{"title":"Avisos legais - AGRI COOL","robots":{"index":"index","follow":"follow","max-snippet":"max-snippet:-1","max-image-preview":"max-image-preview:large","max-video-preview":"max-video-preview:-1"},"canonical":"https:\/\/agri-cool.eu\/legal-notices\/","og_locale":"pt_PT","og_type":"article","og_title":"Avisos legais - AGRI COOL","og_description":"Avisos legais AGRI-COOL Sede social: Universidade de TwenteDrienerlolaan 5, Enschede, 7522 NB, Pa\u00edses Baixos Coordenador : Dr. Shahi Mina, m.shahi@utwente.nl S\u00edtio Web gerido por: INSTITUTO INTERNACIONAL DE REFRIGERA\u00c7\u00c3O Sede social: Institut International du Froid &#8211; 177 bd Malesherbes &#8211; 75017 Paris FRAN\u00c7A CONTACTO | Telefone. +33 1 42 27 32 35 &#8211; Email : iif-iir@iifiir.org [&hellip;]","og_url":"https:\/\/agri-cool.eu\/legal-notices\/","og_site_name":"AGRI COOL","article_modified_time":"2024-11-20T18:22:15+00:00","twitter_card":"summary_large_image","schema":{"@context":"https:\/\/schema.org","@graph":[{"@type":"WebPage","@id":"https:\/\/agri-cool.eu\/legal-notices\/","url":"https:\/\/agri-cool.eu\/legal-notices\/","name":"Avisos legais - AGRI COOL","isPartOf":{"@id":"https:\/\/agri-cool.eu\/#website"},"datePublished":"2024-06-14T13:59:47+00:00","dateModified":"2024-11-20T18:22:15+00:00","breadcrumb":{"@id":"https:\/\/agri-cool.eu\/legal-notices\/#breadcrumb"},"inLanguage":"pt-PT","potentialAction":[{"@type":"ReadAction","target":["https:\/\/agri-cool.eu\/legal-notices\/"]}]},{"@type":"BreadcrumbList","@id":"https:\/\/agri-cool.eu\/legal-notices\/#breadcrumb","itemListElement":[{"@type":"ListItem","position":1,"name":"Home","item":"https:\/\/agri-cool.eu\/pt-pt\/casa\/"},{"@type":"ListItem","position":2,"name":"Avisos legais"}]},{"@type":"WebSite","@id":"https:\/\/agri-cool.eu\/#website","url":"https:\/\/agri-cool.eu\/","name":"AGRI COOL","description":"","potentialAction":[{"@type":"SearchAction","target":{"@type":"EntryPoint","urlTemplate":"https:\/\/agri-cool.eu\/?s={search_term_string}"},"query-input":{"@type":"PropertyValueSpecification","valueRequired":true,"valueName":"search_term_string"}}],"inLanguage":"pt-PT"}]}},"_links":{"self":[{"href":"https:\/\/agri-cool.eu\/pt-pt\/wp-json\/wp\/v2\/pages\/1191","targetHints":{"allow":["GET"]}}],"collection":[{"href":"https:\/\/agri-cool.eu\/pt-pt\/wp-json\/wp\/v2\/pages"}],"about":[{"href":"https:\/\/agri-cool.eu\/pt-pt\/wp-json\/wp\/v2\/types\/page"}],"author":[{"embeddable":true,"href":"https:\/\/agri-cool.eu\/pt-pt\/wp-json\/wp\/v2\/users\/2"}],"replies":[{"embeddable":true,"href":"https:\/\/agri-cool.eu\/pt-pt\/wp-json\/wp\/v2\/comments?post=1191"}],"version-history":[{"count":1,"href":"https:\/\/agri-cool.eu\/pt-pt\/wp-json\/wp\/v2\/pages\/1191\/revisions"}],"predecessor-version":[{"id":1192,"href":"https:\/\/agri-cool.eu\/pt-pt\/wp-json\/wp\/v2\/pages\/1191\/revisions\/1192"}],"wp:attachment":[{"href":"https:\/\/agri-cool.eu\/pt-pt\/wp-json\/wp\/v2\/media?parent=1191"}],"curies":[{"name":"wp","href":"https:\/\/api.w.org\/{rel}","templated":true}]}}