{"id":1183,"date":"2024-11-19T11:57:27","date_gmt":"2024-11-19T10:57:27","guid":{"rendered":"https:\/\/agri-cool.eu\/transferencias\/"},"modified":"2026-02-23T11:24:40","modified_gmt":"2026-02-23T10:24:40","slug":"transferencias","status":"publish","type":"page","link":"https:\/\/agri-cool.eu\/pt-pt\/transferencias\/","title":{"rendered":"Transfer\u00eancias"},"content":{"rendered":"\t\t<div data-elementor-type=\"wp-page\" data-elementor-id=\"1183\" class=\"elementor elementor-1183 elementor-1090\" data-elementor-post-type=\"page\">\n\t\t\t\t\t\t<section class=\"elementor-section elementor-top-section elementor-element elementor-element-5769d38 elementor-section-boxed elementor-section-height-default elementor-section-height-default\" data-id=\"5769d38\" data-element_type=\"section\" data-e-type=\"section\" data-settings=\"{&quot;background_background&quot;:&quot;classic&quot;}\">\n\t\t\t\t\t\t\t<div class=\"elementor-background-overlay\"><\/div>\n\t\t\t\t\t\t\t<div class=\"elementor-container elementor-column-gap-default\">\n\t\t\t\t\t<div class=\"elementor-column elementor-col-100 elementor-top-column elementor-element elementor-element-049b477\" data-id=\"049b477\" data-element_type=\"column\" data-e-type=\"column\">\n\t\t\t<div class=\"elementor-widget-wrap elementor-element-populated\">\n\t\t\t\t\t\t<div class=\"elementor-element elementor-element-5174140 elementor-widget elementor-widget-heading\" data-id=\"5174140\" data-element_type=\"widget\" data-e-type=\"widget\" data-widget_type=\"heading.default\">\n\t\t\t\t<div class=\"elementor-widget-container\">\n\t\t\t\t\t<h1 class=\"elementor-heading-title elementor-size-default\">Transfer\u00eancias<\/h1>\t\t\t\t<\/div>\n\t\t\t\t<\/div>\n\t\t\t\t\t<\/div>\n\t\t<\/div>\n\t\t\t\t\t<\/div>\n\t\t<\/section>\n\t\t<div class=\"elementor-element elementor-element-12e5997 e-flex e-con-boxed e-con e-parent\" data-id=\"12e5997\" data-element_type=\"container\" data-e-type=\"container\">\n\t\t\t\t\t<div class=\"e-con-inner\">\n\t\t\t\t<div class=\"elementor-element elementor-element-5236764 elementor-widget elementor-widget-eael-adv-tabs\" data-id=\"5236764\" data-element_type=\"widget\" data-e-type=\"widget\" data-widget_type=\"eael-adv-tabs.default\">\n\t\t\t\t<div class=\"elementor-widget-container\">\n\t\t\t\t\t        <div data-scroll-on-click=\"no\" data-scroll-speed=\"300\" id=\"eael-advance-tabs-5236764\" class=\"eael-advance-tabs eael-tabs-horizontal eael-tab-auto-active \" data-tabid=\"5236764\">\n            <div class=\"eael-tabs-nav \">\n                <ul class=\"eael-tab-inline-icon\" role=\"tablist\">\n                                            <li id=\"newsletters\" class=\"inactive eael-tab-item-trigger eael-tab-nav-item\" aria-selected=\"true\" data-tab=\"1\" role=\"tab\" tabindex=\"0\" aria-controls=\"newsletters-tab\" aria-expanded=\"false\">\n                            \n                                                        \n                                                            <span class=\"eael-tab-title title-after-icon\" >Boletins informativos<\/span>                            \n                                                    <\/li>\n                                            <li id=\"communication-supports\" class=\"inactive eael-tab-item-trigger eael-tab-nav-item\" aria-selected=\"false\" data-tab=\"2\" role=\"tab\" tabindex=\"-1\" aria-controls=\"communication-supports-tab\" aria-expanded=\"false\">\n                            \n                                                        \n                                                            <span class=\"eael-tab-title title-after-icon\" >Apoia a comunica\u00e7\u00e3o<\/span>                            \n                                                    <\/li>\n                                            <li id=\"publications\" class=\"inactive eael-tab-item-trigger eael-tab-nav-item\" aria-selected=\"false\" data-tab=\"3\" role=\"tab\" tabindex=\"-1\" aria-controls=\"publications-tab\" aria-expanded=\"false\">\n                            \n                                                        \n                                                            <span class=\"eael-tab-title title-after-icon\" >Publica\u00e7\u00f5es<\/span>                            \n                                                    <\/li>\n                                            <li id=\"public-reports\" class=\"inactive eael-tab-item-trigger eael-tab-nav-item\" aria-selected=\"false\" data-tab=\"4\" role=\"tab\" tabindex=\"-1\" aria-controls=\"public-reports-tab\" aria-expanded=\"false\">\n                            \n                                                        \n                                                            <span class=\"eael-tab-title title-after-icon\" >Relat\u00f3rios p\u00fablicos<\/span>                            \n                                                    <\/li>\n                    \n                                  <\/ul>\n            <\/div>\n            \n            <div class=\"eael-tabs-content\">\n\t\t        \n                    <div id=\"newsletters-tab\" class=\"clearfix eael-tab-content-item inactive\" data-title-link=\"newsletters-tab\">\n\t\t\t\t        <p><a href=\"https:\/\/mailchi.mp\/1c1a7011fd62\/agri-cool-1st-e-newsletter\">1st AGRI-COOL e-Newsletter<\/a> &#8211; 13\/03\/2025<\/p>\n<p><a href=\"https:\/\/mailchi.mp\/f70b8e67e7be\/agri-cool-2nd-e-newsletter\">2nd AGRI-COOL e-Newsletter<\/a> &#8211; 28\/07\/2025<\/p>\n<p><a href=\"https:\/\/mailchi.mp\/3a60307f85ed\/agri-cool-2nd-e-newsletter-4742606\">3rd AGRI-COOL e-Newsletter<\/a> &#8211; 20\/11\/2025<\/p>\n<p><a href=\"https:\/\/mailchi.mp\/8c8790c1f8af\/flksuneilb-4742865\">4th AGRI-COOL e-Newsletter<\/a> &#8211; 20\/02\/2026<\/p>\n                    <\/div>\n\t\t        \n                    <div id=\"communication-supports-tab\" class=\"clearfix eael-tab-content-item inactive\" data-title-link=\"communication-supports-tab\">\n\t\t\t\t        <p style=\"text-align: left\"><strong>P\u00d4STERES<\/strong><\/p>\n<p style=\"text-align: left\"><a  data-e-Disable-Page-Transition=\"true\" class=\"download-link\" title=\"\" href=\"https:\/\/agri-cool.eu\/pt-pt\/download\/2136\/?tmstv=1776558410\" rel=\"nofollow\" id=\"download-link-2136\" data-redirect=\"false\" >\n\tAGRI-COOL Poster ENG<\/a>\n<br \/><a  data-e-Disable-Page-Transition=\"true\" class=\"download-link\" title=\"\" href=\"https:\/\/agri-cool.eu\/pt-pt\/download\/2131\/?tmstv=1776558411\" rel=\"nofollow\" id=\"download-link-2131\" data-redirect=\"false\" >\n\tAGRI-COOL Poster FR<\/a>\n<br \/><a  data-e-Disable-Page-Transition=\"true\" class=\"download-link\" title=\"\" href=\"https:\/\/agri-cool.eu\/pt-pt\/download\/2126\/?tmstv=1776558411\" rel=\"nofollow\" id=\"download-link-2126\" data-redirect=\"false\" >\n\tAGRI-COOL Poster PR<\/a>\n<\/p>\n<p style=\"text-align: left\"><a  data-e-Disable-Page-Transition=\"true\" class=\"download-link\" title=\"\" href=\"https:\/\/agri-cool.eu\/pt-pt\/download\/2121\/?tmstv=1776558411\" rel=\"nofollow\" id=\"download-link-2121\" data-redirect=\"false\" >\n\tTechnical poster AGRI-COOL FR<\/a>\n<\/p>\n<p style=\"text-align: left\"><a  data-e-Disable-Page-Transition=\"true\" class=\"download-link\" title=\"\" href=\"https:\/\/agri-cool.eu\/pt-pt\/download\/2116\/?tmstv=1776558411\" rel=\"nofollow\" id=\"download-link-2116\" data-redirect=\"false\" >\n\tTechnical poster AGRI-COOL ENG.pdf<\/a>\n<\/p>\n<p style=\"text-align: left\"><a  data-e-Disable-Page-Transition=\"true\" class=\"download-link\" title=\"\" href=\"https:\/\/agri-cool.eu\/pt-pt\/download\/2111\/?tmstv=1776558411\" rel=\"nofollow\" id=\"download-link-2111\" data-redirect=\"false\" >\n\tTechnical poster AGRI-COOL PR<\/a>\n<\/p>\n<p style=\"text-align: left\"><a  data-e-Disable-Page-Transition=\"true\" class=\"download-link\" title=\"\" href=\"https:\/\/agri-cool.eu\/pt-pt\/download\/2096\/?tmstv=1776558411\" rel=\"nofollow\" id=\"download-link-2096\" data-redirect=\"false\" >\n\tBrochure AGRI-COOL ENG<\/a>\n<\/p>\n<p style=\"text-align: left\"><a  data-e-Disable-Page-Transition=\"true\" class=\"download-link\" title=\"\" href=\"https:\/\/agri-cool.eu\/pt-pt\/download\/2106\/?tmstv=1776558411\" rel=\"nofollow\" id=\"download-link-2106\" data-redirect=\"false\" >\n\tBrochure AGRI-COOL PR<\/a>\n<\/p>\n<p style=\"text-align: left\"><a  data-e-Disable-Page-Transition=\"true\" class=\"download-link\" title=\"\" href=\"https:\/\/agri-cool.eu\/pt-pt\/download\/2101\/?tmstv=1776558411\" rel=\"nofollow\" id=\"download-link-2101\" data-redirect=\"false\" >\n\tBrochure AGRI-COOL FR<\/a>\n<\/p>\n                    <\/div>\n\t\t        \n                    <div id=\"publications-tab\" class=\"clearfix eael-tab-content-item inactive\" data-title-link=\"publications-tab\">\n\t\t\t\t        <p>Kuznik, F. (\u00c9d.). (2024). <a  data-e-Disable-Page-Transition=\"true\" class=\"download-link\" title=\"\" href=\"https:\/\/agri-cool.eu\/pt-pt\/download\/2148\/?tmstv=1776558411\" rel=\"nofollow\" id=\"download-link-2148\" data-redirect=\"false\" >\n\tProceedings of the 16th IEA ES TCP International Conference on Energy Storage (ENERSTOCK-2024-ISBN-978-2-9595978-0-0)<\/a>\n.  INSAVALOR, Villeurbanne, France. <a class=\"reset interactable cursor-pointer decoration-1 underline-offset-1 text-super hover:underline font-semibold\" href=\"https:\/\/doi.org\/10.5281\/zenodo.13790499\" target=\"_blank\" rel=\"nofollow noopener\"><span class=\"text-box-trim-both\">https:\/\/doi.org\/10.5281\/zenodo.13790499<\/span><\/a><\/p>\n<p>Slaviero, G., Traverso, D., Traverso, F., Noro, M., Zilio, C., &amp; Mancin, S. (2024). <a href=\"https:\/\/zenodo.org\/records\/13790499\/files\/enerstock24.pdf?download=1\"><span>Numerical Analysis Of An Off-Grid Cold Room With Latent Thermal Energy Storage For Food Preservation<\/span><\/a>. International Refrigeration and Air Conditioning Conference at Purdue, Paper 2554.  Purdue University. <a class=\"reset interactable cursor-pointer decoration-1 underline-offset-1 text-super hover:underline font-semibold\" href=\"https:\/\/docs.lib.purdue.edu\/iracc\/2554\" target=\"_blank\" rel=\"nofollow noopener\"><span class=\"text-box-trim-both\">https:\/\/docs.lib.purdue.edu\/iracc\/2554<\/span><\/a><\/p>\n                    <\/div>\n\t\t        \n                    <div id=\"public-reports-tab\" class=\"clearfix eael-tab-content-item inactive\" data-title-link=\"public-reports-tab\">\n\t\t\t\t                            <\/div>\n\t\t                    <\/div>\n        <\/div>\n\t\t\t\t<\/div>\n\t\t\t\t<\/div>\n\t\t\t\t<div class=\"elementor-element elementor-element-cd9483a elementor-hidden-desktop elementor-hidden-tablet elementor-hidden-mobile elementor-tabs-view-horizontal elementor-widget elementor-widget-tabs\" data-id=\"cd9483a\" data-element_type=\"widget\" data-e-type=\"widget\" data-widget_type=\"tabs.default\">\n\t\t\t\t<div class=\"elementor-widget-container\">\n\t\t\t\t\t\t\t<div class=\"elementor-tabs\">\n\t\t\t<div class=\"elementor-tabs-wrapper\" role=\"tablist\" >\n\t\t\t\t\t\t\t\t\t<div id=\"elementor-tab-title-2151\" class=\"elementor-tab-title elementor-tab-desktop-title\" aria-selected=\"true\" data-tab=\"1\" role=\"tab\" tabindex=\"0\" aria-controls=\"elementor-tab-content-2151\" aria-expanded=\"false\">Boletins informativos<\/div>\n\t\t\t\t\t\t\t\t\t<div id=\"elementor-tab-title-2152\" class=\"elementor-tab-title elementor-tab-desktop-title\" aria-selected=\"false\" data-tab=\"2\" role=\"tab\" tabindex=\"-1\" aria-controls=\"elementor-tab-content-2152\" aria-expanded=\"false\">Apoia a comunica\u00e7\u00e3o<\/div>\n\t\t\t\t\t\t\t\t\t<div id=\"elementor-tab-title-2153\" class=\"elementor-tab-title elementor-tab-desktop-title\" aria-selected=\"false\" data-tab=\"3\" role=\"tab\" tabindex=\"-1\" aria-controls=\"elementor-tab-content-2153\" aria-expanded=\"false\">Publica\u00e7\u00f5es<\/div>\n\t\t\t\t\t\t\t\t\t<div id=\"elementor-tab-title-2154\" class=\"elementor-tab-title elementor-tab-desktop-title\" aria-selected=\"false\" data-tab=\"4\" role=\"tab\" tabindex=\"-1\" aria-controls=\"elementor-tab-content-2154\" aria-expanded=\"false\">Relat\u00f3rios p\u00fablicos<\/div>\n\t\t\t\t\t\t\t<\/div>\n\t\t\t<div class=\"elementor-tabs-content-wrapper\" role=\"tablist\" aria-orientation=\"vertical\">\n\t\t\t\t\t\t\t\t\t<div class=\"elementor-tab-title elementor-tab-mobile-title\" aria-selected=\"true\" data-tab=\"1\" role=\"tab\" tabindex=\"0\" aria-controls=\"elementor-tab-content-2151\" aria-expanded=\"false\">Boletins informativos<\/div>\n\t\t\t\t\t<div id=\"elementor-tab-content-2151\" class=\"elementor-tab-content elementor-clearfix\" data-tab=\"1\" role=\"tabpanel\" aria-labelledby=\"elementor-tab-title-2151\" tabindex=\"0\" hidden=\"false\"><p><a href=\"https:\/\/mailchi.mp\/1c1a7011fd62\/agri-cool-1st-e-newsletter\">1st AGRI-COOL e-Newsletter<\/a> &#8211; 13\/03\/2025<\/p>\n<\/div>\n\t\t\t\t\t\t\t\t\t<div class=\"elementor-tab-title elementor-tab-mobile-title\" aria-selected=\"false\" data-tab=\"2\" role=\"tab\" tabindex=\"-1\" aria-controls=\"elementor-tab-content-2152\" aria-expanded=\"false\">Apoia a comunica\u00e7\u00e3o<\/div>\n\t\t\t\t\t<div id=\"elementor-tab-content-2152\" class=\"elementor-tab-content elementor-clearfix\" data-tab=\"2\" role=\"tabpanel\" aria-labelledby=\"elementor-tab-title-2152\" tabindex=\"0\" hidden=\"hidden\"><p><strong>P\u00d4STERES<\/strong><\/p>\n<p><a  data-e-Disable-Page-Transition=\"true\" class=\"download-link\" title=\"\" href=\"https:\/\/agri-cool.eu\/pt-pt\/download\/1105\/?tmstv=1776558411\" rel=\"nofollow\" id=\"download-link-1105\" data-redirect=\"false\" >\n\tAGRI-Cool Poster &#8211; EN<\/a>\n<br \/><a  data-e-Disable-Page-Transition=\"true\" class=\"download-link\" title=\"\" href=\"https:\/\/agri-cool.eu\/pt-pt\/download\/1110\/?tmstv=1776558411\" rel=\"nofollow\" id=\"download-link-1110\" data-redirect=\"false\" >\n\tAGRI-Cool Poster &#8211; FR<\/a>\n<br \/><a  data-e-Disable-Page-Transition=\"true\" class=\"download-link\" title=\"\" href=\"https:\/\/agri-cool.eu\/pt-pt\/download\/1115\/?tmstv=1776558411\" rel=\"nofollow\" id=\"download-link-1115\" data-redirect=\"false\" >\n\tAGRI-Cool Poster &#8211; PR<\/a>\n<\/p>\n<\/div>\n\t\t\t\t\t\t\t\t\t<div class=\"elementor-tab-title elementor-tab-mobile-title\" aria-selected=\"false\" data-tab=\"3\" role=\"tab\" tabindex=\"-1\" aria-controls=\"elementor-tab-content-2153\" aria-expanded=\"false\">Publica\u00e7\u00f5es<\/div>\n\t\t\t\t\t<div id=\"elementor-tab-content-2153\" class=\"elementor-tab-content elementor-clearfix\" data-tab=\"3\" role=\"tabpanel\" aria-labelledby=\"elementor-tab-title-2153\" tabindex=\"0\" hidden=\"hidden\"><a  data-e-Disable-Page-Transition=\"true\" class=\"download-link\" title=\"\" href=\"https:\/\/agri-cool.eu\/pt-pt\/download\/1547\/?tmstv=1776558411\" rel=\"nofollow\" id=\"download-link-1547\" data-redirect=\"false\" >\n\ttest (avec comptage de liens)<\/a>\n\n<p><a href=\"https:\/\/mailchi.mp\/1c1a7011fd62\/agri-cool-1st-e-newsletter?e=%5BUNIQID%5D\" target=\"_blank\" rel=\"noopener\">Test (sans comptage de lien) <\/a><\/p>\n<\/div>\n\t\t\t\t\t\t\t\t\t<div class=\"elementor-tab-title elementor-tab-mobile-title\" aria-selected=\"false\" data-tab=\"4\" role=\"tab\" tabindex=\"-1\" aria-controls=\"elementor-tab-content-2154\" aria-expanded=\"false\">Relat\u00f3rios p\u00fablicos<\/div>\n\t\t\t\t\t<div id=\"elementor-tab-content-2154\" class=\"elementor-tab-content elementor-clearfix\" data-tab=\"4\" role=\"tabpanel\" aria-labelledby=\"elementor-tab-title-2154\" tabindex=\"0\" hidden=\"hidden\"><\/div>\n\t\t\t\t\t\t\t<\/div>\n\t\t<\/div>\n\t\t\t\t\t\t<\/div>\n\t\t\t\t<\/div>\n\t\t\t\t\t<\/div>\n\t\t\t\t<\/div>\n\t\t\t\t<\/div>\n\t\t","protected":false},"excerpt":{"rendered":"<p>Boletins informativos Apoia a comunica\u00e7\u00e3o Publica\u00e7\u00f5es Relat\u00f3rios p\u00fablicos 1st AGRI-COOL e-Newsletter &#8211; 13\/03\/2025 2nd AGRI-COOL e-Newsletter &#8211; 28\/07\/2025 3rd AGRI-COOL e-Newsletter &#8211; 20\/11\/2025 4th AGRI-COOL e-Newsletter &#8211; 20\/02\/2026 P\u00d4STERES AGRI-COOL Poster ENG AGRI-COOL Poster FR AGRI-COOL Poster PR Technical poster AGRI-COOL FR Technical poster AGRI-COOL ENG.pdf Technical poster AGRI-COOL PR Brochure AGRI-COOL ENG Brochure AGRI-COOL [&hellip;]<\/p>\n","protected":false},"author":2,"featured_media":0,"parent":0,"menu_order":0,"comment_status":"closed","ping_status":"closed","template":"elementor_header_footer","meta":{"footnotes":""},"class_list":["post-1183","page","type-page","status-publish","hentry"],"yoast_head":"<!-- This site is optimized with the Yoast SEO plugin v27.3 - https:\/\/yoast.com\/product\/yoast-seo-wordpress\/ -->\n<title>Agri-Cool Downloads: Acede a recursos para uma agricultura sustent\u00e1vel<\/title>\n<meta name=\"description\" content=\"Descarrega os principais recursos da Agri-Cool, incluindo relat\u00f3rios e materiais sobre solu\u00e7\u00f5es inovadoras de armazenamento e agricultura sustent\u00e1vel para as comunidades rurais.\" \/>\n<meta name=\"robots\" content=\"index, follow, max-snippet:-1, max-image-preview:large, max-video-preview:-1\" \/>\n<link rel=\"canonical\" href=\"https:\/\/agri-cool.eu\/pt-pt\/transferencias\/\" \/>\n<meta property=\"og:locale\" content=\"pt_PT\" \/>\n<meta property=\"og:type\" content=\"article\" \/>\n<meta property=\"og:title\" content=\"Agri-Cool Downloads: Acede a recursos para uma agricultura sustent\u00e1vel\" \/>\n<meta property=\"og:description\" content=\"Descarrega os principais recursos da Agri-Cool, incluindo relat\u00f3rios e materiais sobre solu\u00e7\u00f5es inovadoras de armazenamento e agricultura sustent\u00e1vel para as comunidades rurais.\" \/>\n<meta property=\"og:url\" content=\"https:\/\/agri-cool.eu\/pt-pt\/transferencias\/\" \/>\n<meta property=\"og:site_name\" content=\"AGRI COOL\" \/>\n<meta property=\"article:modified_time\" content=\"2026-02-23T10:24:40+00:00\" \/>\n<meta name=\"twitter:card\" content=\"summary_large_image\" \/>\n<meta name=\"twitter:label1\" content=\"Tempo estimado de leitura\" \/>\n\t<meta name=\"twitter:data1\" content=\"1 minuto\" \/>\n<script type=\"application\/ld+json\" class=\"yoast-schema-graph\">{\"@context\":\"https:\\\/\\\/schema.org\",\"@graph\":[{\"@type\":\"WebPage\",\"@id\":\"https:\\\/\\\/agri-cool.eu\\\/pt-pt\\\/transferencias\\\/\",\"url\":\"https:\\\/\\\/agri-cool.eu\\\/pt-pt\\\/transferencias\\\/\",\"name\":\"Agri-Cool Downloads: Acede a recursos para uma agricultura sustent\u00e1vel\",\"isPartOf\":{\"@id\":\"https:\\\/\\\/agri-cool.eu\\\/#website\"},\"datePublished\":\"2024-11-19T10:57:27+00:00\",\"dateModified\":\"2026-02-23T10:24:40+00:00\",\"description\":\"Descarrega os principais recursos da Agri-Cool, incluindo relat\u00f3rios e materiais sobre solu\u00e7\u00f5es inovadoras de armazenamento e agricultura sustent\u00e1vel para as comunidades rurais.\",\"breadcrumb\":{\"@id\":\"https:\\\/\\\/agri-cool.eu\\\/pt-pt\\\/transferencias\\\/#breadcrumb\"},\"inLanguage\":\"pt-PT\",\"potentialAction\":[{\"@type\":\"ReadAction\",\"target\":[\"https:\\\/\\\/agri-cool.eu\\\/pt-pt\\\/transferencias\\\/\"]}]},{\"@type\":\"BreadcrumbList\",\"@id\":\"https:\\\/\\\/agri-cool.eu\\\/pt-pt\\\/transferencias\\\/#breadcrumb\",\"itemListElement\":[{\"@type\":\"ListItem\",\"position\":1,\"name\":\"Home\",\"item\":\"https:\\\/\\\/agri-cool.eu\\\/pt-pt\\\/casa\\\/\"},{\"@type\":\"ListItem\",\"position\":2,\"name\":\"Transfer\u00eancias\"}]},{\"@type\":\"WebSite\",\"@id\":\"https:\\\/\\\/agri-cool.eu\\\/#website\",\"url\":\"https:\\\/\\\/agri-cool.eu\\\/\",\"name\":\"AGRI COOL\",\"description\":\"\",\"potentialAction\":[{\"@type\":\"SearchAction\",\"target\":{\"@type\":\"EntryPoint\",\"urlTemplate\":\"https:\\\/\\\/agri-cool.eu\\\/?s={search_term_string}\"},\"query-input\":{\"@type\":\"PropertyValueSpecification\",\"valueRequired\":true,\"valueName\":\"search_term_string\"}}],\"inLanguage\":\"pt-PT\"}]}<\/script>\n<!-- \/ Yoast SEO plugin. -->","yoast_head_json":{"title":"Agri-Cool Downloads: Acede a recursos para uma agricultura sustent\u00e1vel","description":"Descarrega os principais recursos da Agri-Cool, incluindo relat\u00f3rios e materiais sobre solu\u00e7\u00f5es inovadoras de armazenamento e agricultura sustent\u00e1vel para as comunidades rurais.","robots":{"index":"index","follow":"follow","max-snippet":"max-snippet:-1","max-image-preview":"max-image-preview:large","max-video-preview":"max-video-preview:-1"},"canonical":"https:\/\/agri-cool.eu\/pt-pt\/transferencias\/","og_locale":"pt_PT","og_type":"article","og_title":"Agri-Cool Downloads: Acede a recursos para uma agricultura sustent\u00e1vel","og_description":"Descarrega os principais recursos da Agri-Cool, incluindo relat\u00f3rios e materiais sobre solu\u00e7\u00f5es inovadoras de armazenamento e agricultura sustent\u00e1vel para as comunidades rurais.","og_url":"https:\/\/agri-cool.eu\/pt-pt\/transferencias\/","og_site_name":"AGRI COOL","article_modified_time":"2026-02-23T10:24:40+00:00","twitter_card":"summary_large_image","twitter_misc":{"Tempo estimado de leitura":"1 minuto"},"schema":{"@context":"https:\/\/schema.org","@graph":[{"@type":"WebPage","@id":"https:\/\/agri-cool.eu\/pt-pt\/transferencias\/","url":"https:\/\/agri-cool.eu\/pt-pt\/transferencias\/","name":"Agri-Cool Downloads: Acede a recursos para uma agricultura sustent\u00e1vel","isPartOf":{"@id":"https:\/\/agri-cool.eu\/#website"},"datePublished":"2024-11-19T10:57:27+00:00","dateModified":"2026-02-23T10:24:40+00:00","description":"Descarrega os principais recursos da Agri-Cool, incluindo relat\u00f3rios e materiais sobre solu\u00e7\u00f5es inovadoras de armazenamento e agricultura sustent\u00e1vel para as comunidades rurais.","breadcrumb":{"@id":"https:\/\/agri-cool.eu\/pt-pt\/transferencias\/#breadcrumb"},"inLanguage":"pt-PT","potentialAction":[{"@type":"ReadAction","target":["https:\/\/agri-cool.eu\/pt-pt\/transferencias\/"]}]},{"@type":"BreadcrumbList","@id":"https:\/\/agri-cool.eu\/pt-pt\/transferencias\/#breadcrumb","itemListElement":[{"@type":"ListItem","position":1,"name":"Home","item":"https:\/\/agri-cool.eu\/pt-pt\/casa\/"},{"@type":"ListItem","position":2,"name":"Transfer\u00eancias"}]},{"@type":"WebSite","@id":"https:\/\/agri-cool.eu\/#website","url":"https:\/\/agri-cool.eu\/","name":"AGRI COOL","description":"","potentialAction":[{"@type":"SearchAction","target":{"@type":"EntryPoint","urlTemplate":"https:\/\/agri-cool.eu\/?s={search_term_string}"},"query-input":{"@type":"PropertyValueSpecification","valueRequired":true,"valueName":"search_term_string"}}],"inLanguage":"pt-PT"}]}},"_links":{"self":[{"href":"https:\/\/agri-cool.eu\/pt-pt\/wp-json\/wp\/v2\/pages\/1183","targetHints":{"allow":["GET"]}}],"collection":[{"href":"https:\/\/agri-cool.eu\/pt-pt\/wp-json\/wp\/v2\/pages"}],"about":[{"href":"https:\/\/agri-cool.eu\/pt-pt\/wp-json\/wp\/v2\/types\/page"}],"author":[{"embeddable":true,"href":"https:\/\/agri-cool.eu\/pt-pt\/wp-json\/wp\/v2\/users\/2"}],"replies":[{"embeddable":true,"href":"https:\/\/agri-cool.eu\/pt-pt\/wp-json\/wp\/v2\/comments?post=1183"}],"version-history":[{"count":6,"href":"https:\/\/agri-cool.eu\/pt-pt\/wp-json\/wp\/v2\/pages\/1183\/revisions"}],"predecessor-version":[{"id":2226,"href":"https:\/\/agri-cool.eu\/pt-pt\/wp-json\/wp\/v2\/pages\/1183\/revisions\/2226"}],"wp:attachment":[{"href":"https:\/\/agri-cool.eu\/pt-pt\/wp-json\/wp\/v2\/media?parent=1183"}],"curies":[{"name":"wp","href":"https:\/\/api.w.org\/{rel}","templated":true}]}}