{"id":1179,"date":"2024-10-07T06:05:07","date_gmt":"2024-10-07T04:05:07","guid":{"rendered":"https:\/\/agri-cool.eu\/sites-de-demonstracao\/demo4-valota-farm-phillipi-africa-do-sul-2\/"},"modified":"2024-11-20T19:20:03","modified_gmt":"2024-11-20T18:20:03","slug":"demo4-valota-farm-phillipi-africa-do-sul-2","status":"publish","type":"page","link":"https:\/\/agri-cool.eu\/pt-pt\/sites-de-demonstracao\/demo4-valota-farm-phillipi-africa-do-sul-2\/","title":{"rendered":"DEMO4 &#8211; VALOTA FARM, PHILLIPI, \u00c1FRICA DO SUL"},"content":{"rendered":"\t\t<div data-elementor-type=\"wp-page\" data-elementor-id=\"1179\" class=\"elementor elementor-1179 elementor-536\" data-elementor-post-type=\"page\">\n\t\t\t\t\t\t<section class=\"elementor-section elementor-top-section elementor-element elementor-element-1a1f9ca elementor-section-boxed elementor-section-height-default elementor-section-height-default\" data-id=\"1a1f9ca\" data-element_type=\"section\" data-e-type=\"section\" data-settings=\"{&quot;background_background&quot;:&quot;classic&quot;}\">\n\t\t\t\t\t\t\t<div class=\"elementor-background-overlay\"><\/div>\n\t\t\t\t\t\t\t<div class=\"elementor-container elementor-column-gap-default\">\n\t\t\t\t\t<div class=\"elementor-column elementor-col-100 elementor-top-column elementor-element elementor-element-8e30542\" data-id=\"8e30542\" data-element_type=\"column\" data-e-type=\"column\">\n\t\t\t<div class=\"elementor-widget-wrap elementor-element-populated\">\n\t\t\t\t\t\t<div class=\"elementor-element elementor-element-be42ac5 elementor-widget elementor-widget-heading\" data-id=\"be42ac5\" data-element_type=\"widget\" data-e-type=\"widget\" data-widget_type=\"heading.default\">\n\t\t\t\t<div class=\"elementor-widget-container\">\n\t\t\t\t\t<h1 class=\"elementor-heading-title elementor-size-default\">DEMO4 &#8211; VALOTA FARM, PHILLIPI, \u00c1FRICA DO SUL<\/h1>\t\t\t\t<\/div>\n\t\t\t\t<\/div>\n\t\t\t\t\t<\/div>\n\t\t<\/div>\n\t\t\t\t\t<\/div>\n\t\t<\/section>\n\t\t<div class=\"elementor-element elementor-element-fc00401 e-flex e-con-boxed e-con e-parent\" data-id=\"fc00401\" data-element_type=\"container\" data-e-type=\"container\">\n\t\t\t\t\t<div class=\"e-con-inner\">\n\t\t\t\t<div class=\"elementor-element elementor-element-9d078a4 elementor-widget elementor-widget-text-editor\" data-id=\"9d078a4\" data-element_type=\"widget\" data-e-type=\"widget\" data-widget_type=\"text-editor.default\">\n\t\t\t\t<div class=\"elementor-widget-container\">\n\t\t\t\t\t\t\t\t\t<h3><strong><img fetchpriority=\"high\" decoding=\"async\" class=\"size-medium wp-image-539 alignleft\" src=\"http:\/\/agri-cool.eu\/wp-content\/uploads\/2024\/10\/demo4-300x177.png\" alt=\"\" width=\"300\" height=\"177\" srcset=\"https:\/\/agri-cool.eu\/wp-content\/uploads\/2024\/10\/demo4-300x177.png 300w, https:\/\/agri-cool.eu\/wp-content\/uploads\/2024\/10\/demo4.png 528w\" sizes=\"(max-width: 300px) 100vw, 300px\" \/>Antecedentes:<\/strong><\/h3>\n<p>A quinta Valota \u00e9 uma quinta privada, a \u00fanica quinta org\u00e2nica certificada na zona. A quinta, de propriedade de negros, alberga 12 funcion\u00e1rios permanentes e 10 tempor\u00e1rios na \u00e9poca. 99% dos seus produtos s\u00e3o vendidos por grosso. A Valota tem um s\u00edtio Web funcional para aceder a um p\u00fablico mais vasto, para al\u00e9m dos que passam pela quinta (https:\/\/valota.co.za\/)<\/p>\n<h3><strong>Localiza-te:<\/strong><\/h3>\n<p>A quinta Valota est\u00e1 situada na zona de Philippi. A quinta tem cerca de 13 hectares, n\u00e3o est\u00e1 vedada e fica muito pr\u00f3xima da aldeia agr\u00edcola de Browns, uma aldeia planeada em 1986 pelo governo do Apartheid com uma densidade urbana inicial de 25 unidades habitacionais por hectare. Em 1994, uma parte da aldeia agr\u00edcola de Browns foi &#8220;colonizada&#8221; durante um fim de semana, com a constru\u00e7\u00e3o de estruturas informais em 500 locais durante uma invas\u00e3o de terras. Muitos dos ocupantes da aldeia agr\u00edcola de Browns est\u00e3o desempregados e \u00e0 procura de oportunidades econ\u00f3micas.<\/p>\n<h3><strong>Produtos agr\u00edcolas:<\/strong><\/h3>\n<p><img decoding=\"async\" class=\"size-medium wp-image-538 alignleft\" src=\"http:\/\/agri-cool.eu\/wp-content\/uploads\/2024\/10\/demo4-1-300x190.png\" alt=\"\" width=\"300\" height=\"190\" srcset=\"https:\/\/agri-cool.eu\/wp-content\/uploads\/2024\/10\/demo4-1-300x190.png 300w, https:\/\/agri-cool.eu\/wp-content\/uploads\/2024\/10\/demo4-1.png 467w\" sizes=\"(max-width: 300px) 100vw, 300px\" \/>Os membros da comunidade da aldeia agr\u00edcola de Brown entravam ocasionalmente nos terrenos da quinta e colhiam sem autoriza\u00e7\u00e3o. Por conseguinte, a explora\u00e7\u00e3o concentra-se em culturas de valor limitado para os pobres: microverduras, flores comest\u00edveis, cebolas, ervilhas, favas, rabanetes, funcho, medula, coentros, nabo dourado, couve, salsa italiana, beterraba e feij\u00e3o verde.<\/p>\n<p>A explora\u00e7\u00e3o explora dois pequenos t\u00faneis de estufa (estruturas de 2m x 8m). Entre o inverno e o ver\u00e3o, s\u00e3o cultivados 3 e 6 hectares, respetivamente. A explora\u00e7\u00e3o utiliza \u00e1gua de furos, que \u00e9 bombeada para duas barragens para armazenamento interm\u00e9dio. Durante os invernos, h\u00e1 normalmente um excedente de \u00e1gua e a irriga\u00e7\u00e3o \u00e9 limitada. Sabe-se que a \u00e1gua do furo cont\u00e9m um pouco de sais a mais, o que prejudica o crescimento das plantas.<\/p>\n<h3><strong>Fornecimento e consumo de energia:<\/strong><\/h3>\n<p>A maior parte da energia do pa\u00eds \u00e9 fornecida pela empresa nacional de eletricidade, Eskom, que produz 73% da sua eletricidade a partir de centrais el\u00e9ctricas alimentadas a carv\u00e3o. A casa da quinta tem um consumo anual de energia de 85 000 kWh, com cerca de 8 000 kWh dedicados \u00e0 armazenagem frigor\u00edfica. Em 2023, a Eskom imp\u00f4s um recorde de 6.947 horas de corte de carga, um dos principais factores que contribu\u00edram para o baixo crescimento econ\u00f3mico do pa\u00eds nesse ano [1]. Os agricultores s\u00e3o particularmente afectados, uma vez que os cortes de energia perturbam o funcionamento do equipamento agr\u00edcola, das bombas e dos compressores. Por conseguinte, os geradores a gas\u00f3leo s\u00e3o frequentemente utilizados para satisfazer as necessidades essenciais de eletricidade. A quinta de Valota n\u00e3o tem geradores a gas\u00f3leo. Em vez disso, para reduzir o impacto dos cortes de energia, limita o tamanho da \u00e1rea cultivada.<\/p>\n<ol>\n<li>[https:\/\/www .statista.com\/ statistics\/1459776\/number-of-load-shedding-hours-in-south-africa \/]<\/li>\n<\/ol>\n\t\t\t\t\t\t\t\t<\/div>\n\t\t\t\t<\/div>\n\t\t\t\t\t<\/div>\n\t\t\t\t<\/div>\n\t\t\t\t<\/div>\n\t\t","protected":false},"excerpt":{"rendered":"<p>Antecedentes: A quinta Valota \u00e9 uma quinta privada, a \u00fanica quinta org\u00e2nica certificada na zona. A quinta, de propriedade de negros, alberga 12 funcion\u00e1rios permanentes e 10 tempor\u00e1rios na \u00e9poca. 99% dos seus produtos s\u00e3o vendidos por grosso. A Valota tem um s\u00edtio Web funcional para aceder a um p\u00fablico mais vasto, para al\u00e9m dos [&hellip;]<\/p>\n","protected":false},"author":2,"featured_media":0,"parent":811,"menu_order":0,"comment_status":"closed","ping_status":"closed","template":"elementor_header_footer","meta":{"footnotes":""},"class_list":["post-1179","page","type-page","status-publish","hentry"],"yoast_head":"<!-- This site is optimized with the Yoast SEO plugin v27.3 - https:\/\/yoast.com\/product\/yoast-seo-wordpress\/ -->\n<title>DEMO4 - VALOTA FARM, PHILLIPI, \u00c1FRICA DO SUL - AGRI COOL<\/title>\n<meta name=\"robots\" content=\"index, follow, max-snippet:-1, max-image-preview:large, max-video-preview:-1\" \/>\n<link rel=\"canonical\" href=\"https:\/\/agri-cool.eu\/pt-pt\/sites-de-demonstracao\/demo4-valota-farm-phillipi-africa-do-sul-2\/\" \/>\n<meta property=\"og:locale\" content=\"pt_PT\" \/>\n<meta property=\"og:type\" content=\"article\" \/>\n<meta property=\"og:title\" content=\"DEMO4 - VALOTA FARM, PHILLIPI, \u00c1FRICA DO SUL - AGRI COOL\" \/>\n<meta property=\"og:description\" content=\"Antecedentes: A quinta Valota \u00e9 uma quinta privada, a \u00fanica quinta org\u00e2nica certificada na zona. A quinta, de propriedade de negros, alberga 12 funcion\u00e1rios permanentes e 10 tempor\u00e1rios na \u00e9poca. 99% dos seus produtos s\u00e3o vendidos por grosso. A Valota tem um s\u00edtio Web funcional para aceder a um p\u00fablico mais vasto, para al\u00e9m dos [&hellip;]\" \/>\n<meta property=\"og:url\" content=\"https:\/\/agri-cool.eu\/pt-pt\/sites-de-demonstracao\/demo4-valota-farm-phillipi-africa-do-sul-2\/\" \/>\n<meta property=\"og:site_name\" content=\"AGRI COOL\" \/>\n<meta property=\"article:modified_time\" content=\"2024-11-20T18:20:03+00:00\" \/>\n<meta property=\"og:image\" content=\"https:\/\/agri-cool.eu\/wp-content\/uploads\/2024\/10\/demo4.png\" \/>\n\t<meta property=\"og:image:width\" content=\"528\" \/>\n\t<meta property=\"og:image:height\" content=\"311\" \/>\n\t<meta property=\"og:image:type\" content=\"image\/png\" \/>\n<meta name=\"twitter:card\" content=\"summary_large_image\" \/>\n<meta name=\"twitter:label1\" content=\"Tempo estimado de leitura\" \/>\n\t<meta name=\"twitter:data1\" content=\"2 minutos\" \/>\n<script type=\"application\/ld+json\" class=\"yoast-schema-graph\">{\"@context\":\"https:\\\/\\\/schema.org\",\"@graph\":[{\"@type\":\"WebPage\",\"@id\":\"https:\\\/\\\/agri-cool.eu\\\/pt-pt\\\/sites-de-demonstracao\\\/demo4-valota-farm-phillipi-africa-do-sul-2\\\/\",\"url\":\"https:\\\/\\\/agri-cool.eu\\\/pt-pt\\\/sites-de-demonstracao\\\/demo4-valota-farm-phillipi-africa-do-sul-2\\\/\",\"name\":\"DEMO4 - VALOTA FARM, PHILLIPI, \u00c1FRICA DO SUL - AGRI COOL\",\"isPartOf\":{\"@id\":\"https:\\\/\\\/agri-cool.eu\\\/#website\"},\"primaryImageOfPage\":{\"@id\":\"https:\\\/\\\/agri-cool.eu\\\/pt-pt\\\/sites-de-demonstracao\\\/demo4-valota-farm-phillipi-africa-do-sul-2\\\/#primaryimage\"},\"image\":{\"@id\":\"https:\\\/\\\/agri-cool.eu\\\/pt-pt\\\/sites-de-demonstracao\\\/demo4-valota-farm-phillipi-africa-do-sul-2\\\/#primaryimage\"},\"thumbnailUrl\":\"http:\\\/\\\/agri-cool.eu\\\/wp-content\\\/uploads\\\/2024\\\/10\\\/demo4-300x177.png\",\"datePublished\":\"2024-10-07T04:05:07+00:00\",\"dateModified\":\"2024-11-20T18:20:03+00:00\",\"breadcrumb\":{\"@id\":\"https:\\\/\\\/agri-cool.eu\\\/pt-pt\\\/sites-de-demonstracao\\\/demo4-valota-farm-phillipi-africa-do-sul-2\\\/#breadcrumb\"},\"inLanguage\":\"pt-PT\",\"potentialAction\":[{\"@type\":\"ReadAction\",\"target\":[\"https:\\\/\\\/agri-cool.eu\\\/pt-pt\\\/sites-de-demonstracao\\\/demo4-valota-farm-phillipi-africa-do-sul-2\\\/\"]}]},{\"@type\":\"ImageObject\",\"inLanguage\":\"pt-PT\",\"@id\":\"https:\\\/\\\/agri-cool.eu\\\/pt-pt\\\/sites-de-demonstracao\\\/demo4-valota-farm-phillipi-africa-do-sul-2\\\/#primaryimage\",\"url\":\"http:\\\/\\\/agri-cool.eu\\\/wp-content\\\/uploads\\\/2024\\\/10\\\/demo4-300x177.png\",\"contentUrl\":\"http:\\\/\\\/agri-cool.eu\\\/wp-content\\\/uploads\\\/2024\\\/10\\\/demo4-300x177.png\"},{\"@type\":\"BreadcrumbList\",\"@id\":\"https:\\\/\\\/agri-cool.eu\\\/pt-pt\\\/sites-de-demonstracao\\\/demo4-valota-farm-phillipi-africa-do-sul-2\\\/#breadcrumb\",\"itemListElement\":[{\"@type\":\"ListItem\",\"position\":1,\"name\":\"Home\",\"item\":\"https:\\\/\\\/agri-cool.eu\\\/pt-pt\\\/casa\\\/\"},{\"@type\":\"ListItem\",\"position\":2,\"name\":\"Sites de Demonstra\u00e7\u00e3o\",\"item\":\"https:\\\/\\\/agri-cool.eu\\\/pt-pt\\\/sites-de-demonstracao\\\/\"},{\"@type\":\"ListItem\",\"position\":3,\"name\":\"DEMO4 &#8211; VALOTA FARM, PHILLIPI, \u00c1FRICA DO SUL\"}]},{\"@type\":\"WebSite\",\"@id\":\"https:\\\/\\\/agri-cool.eu\\\/#website\",\"url\":\"https:\\\/\\\/agri-cool.eu\\\/\",\"name\":\"AGRI COOL\",\"description\":\"\",\"potentialAction\":[{\"@type\":\"SearchAction\",\"target\":{\"@type\":\"EntryPoint\",\"urlTemplate\":\"https:\\\/\\\/agri-cool.eu\\\/?s={search_term_string}\"},\"query-input\":{\"@type\":\"PropertyValueSpecification\",\"valueRequired\":true,\"valueName\":\"search_term_string\"}}],\"inLanguage\":\"pt-PT\"}]}<\/script>\n<!-- \/ Yoast SEO plugin. -->","yoast_head_json":{"title":"DEMO4 - VALOTA FARM, PHILLIPI, \u00c1FRICA DO SUL - AGRI COOL","robots":{"index":"index","follow":"follow","max-snippet":"max-snippet:-1","max-image-preview":"max-image-preview:large","max-video-preview":"max-video-preview:-1"},"canonical":"https:\/\/agri-cool.eu\/pt-pt\/sites-de-demonstracao\/demo4-valota-farm-phillipi-africa-do-sul-2\/","og_locale":"pt_PT","og_type":"article","og_title":"DEMO4 - VALOTA FARM, PHILLIPI, \u00c1FRICA DO SUL - AGRI COOL","og_description":"Antecedentes: A quinta Valota \u00e9 uma quinta privada, a \u00fanica quinta org\u00e2nica certificada na zona. A quinta, de propriedade de negros, alberga 12 funcion\u00e1rios permanentes e 10 tempor\u00e1rios na \u00e9poca. 99% dos seus produtos s\u00e3o vendidos por grosso. A Valota tem um s\u00edtio Web funcional para aceder a um p\u00fablico mais vasto, para al\u00e9m dos [&hellip;]","og_url":"https:\/\/agri-cool.eu\/pt-pt\/sites-de-demonstracao\/demo4-valota-farm-phillipi-africa-do-sul-2\/","og_site_name":"AGRI COOL","article_modified_time":"2024-11-20T18:20:03+00:00","og_image":[{"width":528,"height":311,"url":"https:\/\/agri-cool.eu\/wp-content\/uploads\/2024\/10\/demo4.png","type":"image\/png"}],"twitter_card":"summary_large_image","twitter_misc":{"Tempo estimado de leitura":"2 minutos"},"schema":{"@context":"https:\/\/schema.org","@graph":[{"@type":"WebPage","@id":"https:\/\/agri-cool.eu\/pt-pt\/sites-de-demonstracao\/demo4-valota-farm-phillipi-africa-do-sul-2\/","url":"https:\/\/agri-cool.eu\/pt-pt\/sites-de-demonstracao\/demo4-valota-farm-phillipi-africa-do-sul-2\/","name":"DEMO4 - VALOTA FARM, PHILLIPI, \u00c1FRICA DO SUL - AGRI COOL","isPartOf":{"@id":"https:\/\/agri-cool.eu\/#website"},"primaryImageOfPage":{"@id":"https:\/\/agri-cool.eu\/pt-pt\/sites-de-demonstracao\/demo4-valota-farm-phillipi-africa-do-sul-2\/#primaryimage"},"image":{"@id":"https:\/\/agri-cool.eu\/pt-pt\/sites-de-demonstracao\/demo4-valota-farm-phillipi-africa-do-sul-2\/#primaryimage"},"thumbnailUrl":"http:\/\/agri-cool.eu\/wp-content\/uploads\/2024\/10\/demo4-300x177.png","datePublished":"2024-10-07T04:05:07+00:00","dateModified":"2024-11-20T18:20:03+00:00","breadcrumb":{"@id":"https:\/\/agri-cool.eu\/pt-pt\/sites-de-demonstracao\/demo4-valota-farm-phillipi-africa-do-sul-2\/#breadcrumb"},"inLanguage":"pt-PT","potentialAction":[{"@type":"ReadAction","target":["https:\/\/agri-cool.eu\/pt-pt\/sites-de-demonstracao\/demo4-valota-farm-phillipi-africa-do-sul-2\/"]}]},{"@type":"ImageObject","inLanguage":"pt-PT","@id":"https:\/\/agri-cool.eu\/pt-pt\/sites-de-demonstracao\/demo4-valota-farm-phillipi-africa-do-sul-2\/#primaryimage","url":"http:\/\/agri-cool.eu\/wp-content\/uploads\/2024\/10\/demo4-300x177.png","contentUrl":"http:\/\/agri-cool.eu\/wp-content\/uploads\/2024\/10\/demo4-300x177.png"},{"@type":"BreadcrumbList","@id":"https:\/\/agri-cool.eu\/pt-pt\/sites-de-demonstracao\/demo4-valota-farm-phillipi-africa-do-sul-2\/#breadcrumb","itemListElement":[{"@type":"ListItem","position":1,"name":"Home","item":"https:\/\/agri-cool.eu\/pt-pt\/casa\/"},{"@type":"ListItem","position":2,"name":"Sites de Demonstra\u00e7\u00e3o","item":"https:\/\/agri-cool.eu\/pt-pt\/sites-de-demonstracao\/"},{"@type":"ListItem","position":3,"name":"DEMO4 &#8211; VALOTA FARM, PHILLIPI, \u00c1FRICA DO SUL"}]},{"@type":"WebSite","@id":"https:\/\/agri-cool.eu\/#website","url":"https:\/\/agri-cool.eu\/","name":"AGRI COOL","description":"","potentialAction":[{"@type":"SearchAction","target":{"@type":"EntryPoint","urlTemplate":"https:\/\/agri-cool.eu\/?s={search_term_string}"},"query-input":{"@type":"PropertyValueSpecification","valueRequired":true,"valueName":"search_term_string"}}],"inLanguage":"pt-PT"}]}},"_links":{"self":[{"href":"https:\/\/agri-cool.eu\/pt-pt\/wp-json\/wp\/v2\/pages\/1179","targetHints":{"allow":["GET"]}}],"collection":[{"href":"https:\/\/agri-cool.eu\/pt-pt\/wp-json\/wp\/v2\/pages"}],"about":[{"href":"https:\/\/agri-cool.eu\/pt-pt\/wp-json\/wp\/v2\/types\/page"}],"author":[{"embeddable":true,"href":"https:\/\/agri-cool.eu\/pt-pt\/wp-json\/wp\/v2\/users\/2"}],"replies":[{"embeddable":true,"href":"https:\/\/agri-cool.eu\/pt-pt\/wp-json\/wp\/v2\/comments?post=1179"}],"version-history":[{"count":1,"href":"https:\/\/agri-cool.eu\/pt-pt\/wp-json\/wp\/v2\/pages\/1179\/revisions"}],"predecessor-version":[{"id":1180,"href":"https:\/\/agri-cool.eu\/pt-pt\/wp-json\/wp\/v2\/pages\/1179\/revisions\/1180"}],"up":[{"embeddable":true,"href":"https:\/\/agri-cool.eu\/pt-pt\/wp-json\/wp\/v2\/pages\/811"}],"wp:attachment":[{"href":"https:\/\/agri-cool.eu\/pt-pt\/wp-json\/wp\/v2\/media?parent=1179"}],"curies":[{"name":"wp","href":"https:\/\/api.w.org\/{rel}","templated":true}]}}