{"id":1175,"date":"2024-10-07T05:59:05","date_gmt":"2024-10-07T03:59:05","guid":{"rendered":"https:\/\/agri-cool.eu\/sites-de-demonstracao\/demo3-bulawayo-umguza-farm-zimbabwe\/"},"modified":"2024-11-20T19:19:14","modified_gmt":"2024-11-20T18:19:14","slug":"demo3-bulawayo-umguza-farm-zimbabwe","status":"publish","type":"page","link":"https:\/\/agri-cool.eu\/pt-pt\/sites-de-demonstracao\/demo3-bulawayo-umguza-farm-zimbabwe\/","title":{"rendered":"DEMO3 &#8211; BULAWAYO UMGUZA FARM, ZIMBABWE"},"content":{"rendered":"\t\t<div data-elementor-type=\"wp-page\" data-elementor-id=\"1175\" class=\"elementor elementor-1175 elementor-521\" data-elementor-post-type=\"page\">\n\t\t\t\t\t\t<section class=\"elementor-section elementor-top-section elementor-element elementor-element-1a1f9ca elementor-section-boxed elementor-section-height-default elementor-section-height-default\" data-id=\"1a1f9ca\" data-element_type=\"section\" data-e-type=\"section\" data-settings=\"{&quot;background_background&quot;:&quot;classic&quot;}\">\n\t\t\t\t\t\t\t<div class=\"elementor-background-overlay\"><\/div>\n\t\t\t\t\t\t\t<div class=\"elementor-container elementor-column-gap-default\">\n\t\t\t\t\t<div class=\"elementor-column elementor-col-100 elementor-top-column elementor-element elementor-element-8e30542\" data-id=\"8e30542\" data-element_type=\"column\" data-e-type=\"column\">\n\t\t\t<div class=\"elementor-widget-wrap elementor-element-populated\">\n\t\t\t\t\t\t<div class=\"elementor-element elementor-element-be42ac5 elementor-widget elementor-widget-heading\" data-id=\"be42ac5\" data-element_type=\"widget\" data-e-type=\"widget\" data-widget_type=\"heading.default\">\n\t\t\t\t<div class=\"elementor-widget-container\">\n\t\t\t\t\t<h1 class=\"elementor-heading-title elementor-size-default\">DEMO3 &#8211; BULAWAYO UMGUZA FARM, ZIMBABWE<\/h1>\t\t\t\t<\/div>\n\t\t\t\t<\/div>\n\t\t\t\t\t<\/div>\n\t\t<\/div>\n\t\t\t\t\t<\/div>\n\t\t<\/section>\n\t\t<div class=\"elementor-element elementor-element-fc00401 e-flex e-con-boxed e-con e-parent\" data-id=\"fc00401\" data-element_type=\"container\" data-e-type=\"container\">\n\t\t\t\t\t<div class=\"e-con-inner\">\n\t\t\t\t<div class=\"elementor-element elementor-element-9d078a4 elementor-widget elementor-widget-text-editor\" data-id=\"9d078a4\" data-element_type=\"widget\" data-e-type=\"widget\" data-widget_type=\"text-editor.default\">\n\t\t\t\t<div class=\"elementor-widget-container\">\n\t\t\t\t\t\t\t\t\t<h3><strong>Antecedentes da explora\u00e7\u00e3o:<\/strong><\/h3>\n<p>A propriet\u00e1ria da explora\u00e7\u00e3o agr\u00edcola de Umguza \u00e9 a Sra. Nkiwane, que possui os t\u00edtulos de propriedade da propriedade. A quinta emprega 4 trabalhadores a tempo inteiro e at\u00e9 10 trabalhadores sazonais na \u00e9poca alta. <\/p>\n<h3><strong>Localiza-te:<\/strong><\/h3>\n<p>A quinta fica a 17 quil\u00f3metros a noroeste de Bulawayo, mesmo \u00e0 sa\u00edda da A8, que \u00e9 a estrada principal para as Cataratas Vit\u00f3ria. O Aeroporto Internacional de Bulawayo fica a 37 km da quinta atrav\u00e9s do centro da cidade de Bulawayo <\/p>\n\t\t\t\t\t\t\t\t<\/div>\n\t\t\t\t<\/div>\n\t\t\t\t\t<\/div>\n\t\t\t\t<\/div>\n\t\t<div class=\"elementor-element elementor-element-7ee47ef e-flex e-con-boxed e-con e-parent\" data-id=\"7ee47ef\" data-element_type=\"container\" data-e-type=\"container\">\n\t\t\t\t\t<div class=\"e-con-inner\">\n\t\t<div class=\"elementor-element elementor-element-582a796 e-con-full e-flex e-con e-child\" data-id=\"582a796\" data-element_type=\"container\" data-e-type=\"container\">\n\t\t\t\t<div class=\"elementor-element elementor-element-b729cde elementor-widget elementor-widget-image\" data-id=\"b729cde\" data-element_type=\"widget\" data-e-type=\"widget\" data-widget_type=\"image.default\">\n\t\t\t\t<div class=\"elementor-widget-container\">\n\t\t\t\t\t\t\t\t\t\t\t\t\t\t\t<img fetchpriority=\"high\" decoding=\"async\" width=\"507\" height=\"540\" src=\"https:\/\/agri-cool.eu\/wp-content\/uploads\/2024\/10\/demo3.png\" class=\"attachment-large size-large wp-image-746\" alt=\"\" srcset=\"https:\/\/agri-cool.eu\/wp-content\/uploads\/2024\/10\/demo3.png 507w, https:\/\/agri-cool.eu\/wp-content\/uploads\/2024\/10\/demo3-282x300.png 282w\" sizes=\"(max-width: 507px) 100vw, 507px\" \/>\t\t\t\t\t\t\t\t\t\t\t\t\t\t\t<\/div>\n\t\t\t\t<\/div>\n\t\t\t\t<\/div>\n\t\t<div class=\"elementor-element elementor-element-94ed0b6 e-con-full e-flex e-con e-child\" data-id=\"94ed0b6\" data-element_type=\"container\" data-e-type=\"container\">\n\t\t\t\t<div class=\"elementor-element elementor-element-3ba722c elementor-widget elementor-widget-image\" data-id=\"3ba722c\" data-element_type=\"widget\" data-e-type=\"widget\" data-widget_type=\"image.default\">\n\t\t\t\t<div class=\"elementor-widget-container\">\n\t\t\t\t\t\t\t\t\t\t\t\t\t\t\t<img decoding=\"async\" width=\"392\" height=\"236\" src=\"https:\/\/agri-cool.eu\/wp-content\/uploads\/2024\/10\/demo33.png\" class=\"attachment-full size-full wp-image-748\" alt=\"\" srcset=\"https:\/\/agri-cool.eu\/wp-content\/uploads\/2024\/10\/demo33.png 392w, https:\/\/agri-cool.eu\/wp-content\/uploads\/2024\/10\/demo33-300x181.png 300w\" sizes=\"(max-width: 392px) 100vw, 392px\" \/>\t\t\t\t\t\t\t\t\t\t\t\t\t\t\t<\/div>\n\t\t\t\t<\/div>\n\t\t\t\t<\/div>\n\t\t\t\t\t<\/div>\n\t\t\t\t<\/div>\n\t\t<div class=\"elementor-element elementor-element-f79aed2 e-flex e-con-boxed e-con e-parent\" data-id=\"f79aed2\" data-element_type=\"container\" data-e-type=\"container\">\n\t\t\t\t\t<div class=\"e-con-inner\">\n\t\t\t\t<div class=\"elementor-element elementor-element-612e2e5 elementor-widget elementor-widget-text-editor\" data-id=\"612e2e5\" data-element_type=\"widget\" data-e-type=\"widget\" data-widget_type=\"text-editor.default\">\n\t\t\t\t<div class=\"elementor-widget-container\">\n\t\t\t\t\t\t\t\t\t<h3><strong>O que a quinta produz:<\/strong><\/h3>\n<p>40 hectares da quinta est\u00e3o arrendados a um produtor comercial de batatas e 7 hectares s\u00e3o cultivados pelo filho do propriet\u00e1rio, Kenny Nkiwane, que produz uma variedade de culturas para o mercado de produtos hort\u00edcolas frescos em Bulawayo. A explora\u00e7\u00e3o tem direito \u00e0 \u00e1gua do sistema de irriga\u00e7\u00e3o da barragem de Umguza, mas a \u00e1gua est\u00e1 muito polu\u00edda e o n\u00edvel da \u00e1gua \u00e9 demasiado baixo para permitir a irriga\u00e7\u00e3o devido \u00e0 seca atual. A \u00e1gua de um velho furo \u00e9 utilizada com modera\u00e7\u00e3o para irrigar as culturas, utilizando gotejamento e pequenos aspersores suspensos.  <\/p>\n\t\t\t\t\t\t\t\t<\/div>\n\t\t\t\t<\/div>\n\t\t\t\t\t<\/div>\n\t\t\t\t<\/div>\n\t\t<div class=\"elementor-element elementor-element-0c697c9 e-flex e-con-boxed e-con e-parent\" data-id=\"0c697c9\" data-element_type=\"container\" data-e-type=\"container\">\n\t\t\t\t\t<div class=\"e-con-inner\">\n\t\t<div class=\"elementor-element elementor-element-0c06b6f e-con-full e-flex e-con e-child\" data-id=\"0c06b6f\" data-element_type=\"container\" data-e-type=\"container\">\n\t\t\t\t<div class=\"elementor-element elementor-element-1ab6f03 elementor-widget elementor-widget-image\" data-id=\"1ab6f03\" data-element_type=\"widget\" data-e-type=\"widget\" data-widget_type=\"image.default\">\n\t\t\t\t<div class=\"elementor-widget-container\">\n\t\t\t\t\t\t\t\t\t\t\t\t\t\t\t<img decoding=\"async\" width=\"660\" height=\"495\" src=\"https:\/\/agri-cool.eu\/wp-content\/uploads\/2024\/10\/demo3-3.jpg\" class=\"attachment-large size-large wp-image-742\" alt=\"\" srcset=\"https:\/\/agri-cool.eu\/wp-content\/uploads\/2024\/10\/demo3-3.jpg 660w, https:\/\/agri-cool.eu\/wp-content\/uploads\/2024\/10\/demo3-3-300x225.jpg 300w\" sizes=\"(max-width: 660px) 100vw, 660px\" \/>\t\t\t\t\t\t\t\t\t\t\t\t\t\t\t<\/div>\n\t\t\t\t<\/div>\n\t\t\t\t<\/div>\n\t\t<div class=\"elementor-element elementor-element-9a28d71 e-con-full e-flex e-con e-child\" data-id=\"9a28d71\" data-element_type=\"container\" data-e-type=\"container\">\n\t\t\t\t<div class=\"elementor-element elementor-element-812dcc0 elementor-widget elementor-widget-image\" data-id=\"812dcc0\" data-element_type=\"widget\" data-e-type=\"widget\" data-widget_type=\"image.default\">\n\t\t\t\t<div class=\"elementor-widget-container\">\n\t\t\t\t\t\t\t\t\t\t\t\t\t\t\t<img loading=\"lazy\" decoding=\"async\" width=\"434\" height=\"324\" src=\"https:\/\/agri-cool.eu\/wp-content\/uploads\/2024\/10\/demo3-4.jpg\" class=\"attachment-full size-full wp-image-744\" alt=\"\" srcset=\"https:\/\/agri-cool.eu\/wp-content\/uploads\/2024\/10\/demo3-4.jpg 434w, https:\/\/agri-cool.eu\/wp-content\/uploads\/2024\/10\/demo3-4-300x224.jpg 300w\" sizes=\"(max-width: 434px) 100vw, 434px\" \/>\t\t\t\t\t\t\t\t\t\t\t\t\t\t\t<\/div>\n\t\t\t\t<\/div>\n\t\t\t\t<\/div>\n\t\t\t\t\t<\/div>\n\t\t\t\t<\/div>\n\t\t<div class=\"elementor-element elementor-element-df0a7cc e-flex e-con-boxed e-con e-parent\" data-id=\"df0a7cc\" data-element_type=\"container\" data-e-type=\"container\">\n\t\t\t\t\t<div class=\"e-con-inner\">\n\t\t\t\t<div class=\"elementor-element elementor-element-72f9508 elementor-widget elementor-widget-text-editor\" data-id=\"72f9508\" data-element_type=\"widget\" data-e-type=\"widget\" data-widget_type=\"text-editor.default\">\n\t\t\t\t<div class=\"elementor-widget-container\">\n\t\t\t\t\t\t\t\t\t<h3><strong>Consumo de energia:<\/strong><\/h3>\n<p>A energia no Zimbabu\u00e9 \u00e9 um problema grave para o pa\u00eds. A utiliza\u00e7\u00e3o extensiva de lenha leva \u00e0 desfloresta\u00e7\u00e3o e a capacidade de produ\u00e7\u00e3o de eletricidade \u00e9 demasiado baixa para o atual n\u00edvel de consumo. O Zimbabu\u00e9 tem uma central hidroel\u00e9trica e quatro geradores a carv\u00e3o que produzem uma capacidade total combinada de 2.240 megawatts. A capacidade da central hidroel\u00e9trica de Kariba \u00e9 de 1050MW mas, devido ao baixo n\u00edvel da barragem, a capacidade de produ\u00e7\u00e3o atual \u00e9 de apenas 215MW ( https:\/\/www.newsday.co.zw\/local-news\/article\/200031810\/more-dark-days-aheadas-kariba-faces-shutdown (MW).[ https:\/\/venturesafrica.com\/zimbabwes-centragrid-makes-plans-to-scale-up-solar-output\/] Apenas 79,9% da popula\u00e7\u00e3o tem acesso \u00e0 eletricidade para fins energ\u00e9ticos.<\/p>\n<p>Devido \u00e0 falta de fiabilidade do fornecimento de eletricidade, a escolha de culturas da explora\u00e7\u00e3o \u00e9 limitada a cultivares que n\u00e3o requerem processamento ou refrigera\u00e7\u00e3o. Com o acesso \u00e0 energia e \u00e0 refrigera\u00e7\u00e3o, ser\u00e1 considerada uma maior variedade de culturas. <\/p>\n\t\t\t\t\t\t\t\t<\/div>\n\t\t\t\t<\/div>\n\t\t\t\t\t<\/div>\n\t\t\t\t<\/div>\n\t\t\t\t<\/div>\n\t\t","protected":false},"excerpt":{"rendered":"<p>Antecedentes da explora\u00e7\u00e3o: A propriet\u00e1ria da explora\u00e7\u00e3o agr\u00edcola de Umguza \u00e9 a Sra. Nkiwane, que possui os t\u00edtulos de propriedade da propriedade. A quinta emprega 4 trabalhadores a tempo inteiro e at\u00e9 10 trabalhadores sazonais na \u00e9poca alta. Localiza-te: A quinta fica a 17 quil\u00f3metros a noroeste de Bulawayo, mesmo \u00e0 sa\u00edda da A8, que [&hellip;]<\/p>\n","protected":false},"author":2,"featured_media":0,"parent":811,"menu_order":0,"comment_status":"closed","ping_status":"closed","template":"elementor_header_footer","meta":{"footnotes":""},"class_list":["post-1175","page","type-page","status-publish","hentry"],"yoast_head":"<!-- This site is optimized with the Yoast SEO plugin v27.3 - https:\/\/yoast.com\/product\/yoast-seo-wordpress\/ -->\n<title>DEMO3 - BULAWAYO UMGUZA FARM, ZIMBABWE - AGRI COOL<\/title>\n<meta name=\"robots\" content=\"index, follow, max-snippet:-1, max-image-preview:large, max-video-preview:-1\" \/>\n<link rel=\"canonical\" href=\"https:\/\/agri-cool.eu\/pt-pt\/sites-de-demonstracao\/demo3-bulawayo-umguza-farm-zimbabwe\/\" \/>\n<meta property=\"og:locale\" content=\"pt_PT\" \/>\n<meta property=\"og:type\" content=\"article\" \/>\n<meta property=\"og:title\" content=\"DEMO3 - BULAWAYO UMGUZA FARM, ZIMBABWE - AGRI COOL\" \/>\n<meta property=\"og:description\" content=\"Antecedentes da explora\u00e7\u00e3o: A propriet\u00e1ria da explora\u00e7\u00e3o agr\u00edcola de Umguza \u00e9 a Sra. Nkiwane, que possui os t\u00edtulos de propriedade da propriedade. A quinta emprega 4 trabalhadores a tempo inteiro e at\u00e9 10 trabalhadores sazonais na \u00e9poca alta. Localiza-te: A quinta fica a 17 quil\u00f3metros a noroeste de Bulawayo, mesmo \u00e0 sa\u00edda da A8, que [&hellip;]\" \/>\n<meta property=\"og:url\" content=\"https:\/\/agri-cool.eu\/pt-pt\/sites-de-demonstracao\/demo3-bulawayo-umguza-farm-zimbabwe\/\" \/>\n<meta property=\"og:site_name\" content=\"AGRI COOL\" \/>\n<meta property=\"article:modified_time\" content=\"2024-11-20T18:19:14+00:00\" \/>\n<meta property=\"og:image\" content=\"https:\/\/agri-cool.eu\/wp-content\/uploads\/2024\/10\/demo3.png\" \/>\n\t<meta property=\"og:image:width\" content=\"507\" \/>\n\t<meta property=\"og:image:height\" content=\"540\" \/>\n\t<meta property=\"og:image:type\" content=\"image\/png\" \/>\n<meta name=\"twitter:card\" content=\"summary_large_image\" \/>\n<meta name=\"twitter:label1\" content=\"Tempo estimado de leitura\" \/>\n\t<meta name=\"twitter:data1\" content=\"2 minutos\" \/>\n<script type=\"application\/ld+json\" class=\"yoast-schema-graph\">{\"@context\":\"https:\\\/\\\/schema.org\",\"@graph\":[{\"@type\":\"WebPage\",\"@id\":\"https:\\\/\\\/agri-cool.eu\\\/pt-pt\\\/sites-de-demonstracao\\\/demo3-bulawayo-umguza-farm-zimbabwe\\\/\",\"url\":\"https:\\\/\\\/agri-cool.eu\\\/pt-pt\\\/sites-de-demonstracao\\\/demo3-bulawayo-umguza-farm-zimbabwe\\\/\",\"name\":\"DEMO3 - BULAWAYO UMGUZA FARM, ZIMBABWE - AGRI COOL\",\"isPartOf\":{\"@id\":\"https:\\\/\\\/agri-cool.eu\\\/#website\"},\"primaryImageOfPage\":{\"@id\":\"https:\\\/\\\/agri-cool.eu\\\/pt-pt\\\/sites-de-demonstracao\\\/demo3-bulawayo-umguza-farm-zimbabwe\\\/#primaryimage\"},\"image\":{\"@id\":\"https:\\\/\\\/agri-cool.eu\\\/pt-pt\\\/sites-de-demonstracao\\\/demo3-bulawayo-umguza-farm-zimbabwe\\\/#primaryimage\"},\"thumbnailUrl\":\"https:\\\/\\\/agri-cool.eu\\\/wp-content\\\/uploads\\\/2024\\\/10\\\/demo3.png\",\"datePublished\":\"2024-10-07T03:59:05+00:00\",\"dateModified\":\"2024-11-20T18:19:14+00:00\",\"breadcrumb\":{\"@id\":\"https:\\\/\\\/agri-cool.eu\\\/pt-pt\\\/sites-de-demonstracao\\\/demo3-bulawayo-umguza-farm-zimbabwe\\\/#breadcrumb\"},\"inLanguage\":\"pt-PT\",\"potentialAction\":[{\"@type\":\"ReadAction\",\"target\":[\"https:\\\/\\\/agri-cool.eu\\\/pt-pt\\\/sites-de-demonstracao\\\/demo3-bulawayo-umguza-farm-zimbabwe\\\/\"]}]},{\"@type\":\"ImageObject\",\"inLanguage\":\"pt-PT\",\"@id\":\"https:\\\/\\\/agri-cool.eu\\\/pt-pt\\\/sites-de-demonstracao\\\/demo3-bulawayo-umguza-farm-zimbabwe\\\/#primaryimage\",\"url\":\"https:\\\/\\\/agri-cool.eu\\\/wp-content\\\/uploads\\\/2024\\\/10\\\/demo3.png\",\"contentUrl\":\"https:\\\/\\\/agri-cool.eu\\\/wp-content\\\/uploads\\\/2024\\\/10\\\/demo3.png\"},{\"@type\":\"BreadcrumbList\",\"@id\":\"https:\\\/\\\/agri-cool.eu\\\/pt-pt\\\/sites-de-demonstracao\\\/demo3-bulawayo-umguza-farm-zimbabwe\\\/#breadcrumb\",\"itemListElement\":[{\"@type\":\"ListItem\",\"position\":1,\"name\":\"Home\",\"item\":\"https:\\\/\\\/agri-cool.eu\\\/pt-pt\\\/casa\\\/\"},{\"@type\":\"ListItem\",\"position\":2,\"name\":\"Sites de Demonstra\u00e7\u00e3o\",\"item\":\"https:\\\/\\\/agri-cool.eu\\\/pt-pt\\\/sites-de-demonstracao\\\/\"},{\"@type\":\"ListItem\",\"position\":3,\"name\":\"DEMO3 &#8211; BULAWAYO UMGUZA FARM, ZIMBABWE\"}]},{\"@type\":\"WebSite\",\"@id\":\"https:\\\/\\\/agri-cool.eu\\\/#website\",\"url\":\"https:\\\/\\\/agri-cool.eu\\\/\",\"name\":\"AGRI COOL\",\"description\":\"\",\"potentialAction\":[{\"@type\":\"SearchAction\",\"target\":{\"@type\":\"EntryPoint\",\"urlTemplate\":\"https:\\\/\\\/agri-cool.eu\\\/?s={search_term_string}\"},\"query-input\":{\"@type\":\"PropertyValueSpecification\",\"valueRequired\":true,\"valueName\":\"search_term_string\"}}],\"inLanguage\":\"pt-PT\"}]}<\/script>\n<!-- \/ Yoast SEO plugin. -->","yoast_head_json":{"title":"DEMO3 - BULAWAYO UMGUZA FARM, ZIMBABWE - AGRI COOL","robots":{"index":"index","follow":"follow","max-snippet":"max-snippet:-1","max-image-preview":"max-image-preview:large","max-video-preview":"max-video-preview:-1"},"canonical":"https:\/\/agri-cool.eu\/pt-pt\/sites-de-demonstracao\/demo3-bulawayo-umguza-farm-zimbabwe\/","og_locale":"pt_PT","og_type":"article","og_title":"DEMO3 - BULAWAYO UMGUZA FARM, ZIMBABWE - AGRI COOL","og_description":"Antecedentes da explora\u00e7\u00e3o: A propriet\u00e1ria da explora\u00e7\u00e3o agr\u00edcola de Umguza \u00e9 a Sra. Nkiwane, que possui os t\u00edtulos de propriedade da propriedade. A quinta emprega 4 trabalhadores a tempo inteiro e at\u00e9 10 trabalhadores sazonais na \u00e9poca alta. Localiza-te: A quinta fica a 17 quil\u00f3metros a noroeste de Bulawayo, mesmo \u00e0 sa\u00edda da A8, que [&hellip;]","og_url":"https:\/\/agri-cool.eu\/pt-pt\/sites-de-demonstracao\/demo3-bulawayo-umguza-farm-zimbabwe\/","og_site_name":"AGRI COOL","article_modified_time":"2024-11-20T18:19:14+00:00","og_image":[{"width":507,"height":540,"url":"https:\/\/agri-cool.eu\/wp-content\/uploads\/2024\/10\/demo3.png","type":"image\/png"}],"twitter_card":"summary_large_image","twitter_misc":{"Tempo estimado de leitura":"2 minutos"},"schema":{"@context":"https:\/\/schema.org","@graph":[{"@type":"WebPage","@id":"https:\/\/agri-cool.eu\/pt-pt\/sites-de-demonstracao\/demo3-bulawayo-umguza-farm-zimbabwe\/","url":"https:\/\/agri-cool.eu\/pt-pt\/sites-de-demonstracao\/demo3-bulawayo-umguza-farm-zimbabwe\/","name":"DEMO3 - BULAWAYO UMGUZA FARM, ZIMBABWE - AGRI COOL","isPartOf":{"@id":"https:\/\/agri-cool.eu\/#website"},"primaryImageOfPage":{"@id":"https:\/\/agri-cool.eu\/pt-pt\/sites-de-demonstracao\/demo3-bulawayo-umguza-farm-zimbabwe\/#primaryimage"},"image":{"@id":"https:\/\/agri-cool.eu\/pt-pt\/sites-de-demonstracao\/demo3-bulawayo-umguza-farm-zimbabwe\/#primaryimage"},"thumbnailUrl":"https:\/\/agri-cool.eu\/wp-content\/uploads\/2024\/10\/demo3.png","datePublished":"2024-10-07T03:59:05+00:00","dateModified":"2024-11-20T18:19:14+00:00","breadcrumb":{"@id":"https:\/\/agri-cool.eu\/pt-pt\/sites-de-demonstracao\/demo3-bulawayo-umguza-farm-zimbabwe\/#breadcrumb"},"inLanguage":"pt-PT","potentialAction":[{"@type":"ReadAction","target":["https:\/\/agri-cool.eu\/pt-pt\/sites-de-demonstracao\/demo3-bulawayo-umguza-farm-zimbabwe\/"]}]},{"@type":"ImageObject","inLanguage":"pt-PT","@id":"https:\/\/agri-cool.eu\/pt-pt\/sites-de-demonstracao\/demo3-bulawayo-umguza-farm-zimbabwe\/#primaryimage","url":"https:\/\/agri-cool.eu\/wp-content\/uploads\/2024\/10\/demo3.png","contentUrl":"https:\/\/agri-cool.eu\/wp-content\/uploads\/2024\/10\/demo3.png"},{"@type":"BreadcrumbList","@id":"https:\/\/agri-cool.eu\/pt-pt\/sites-de-demonstracao\/demo3-bulawayo-umguza-farm-zimbabwe\/#breadcrumb","itemListElement":[{"@type":"ListItem","position":1,"name":"Home","item":"https:\/\/agri-cool.eu\/pt-pt\/casa\/"},{"@type":"ListItem","position":2,"name":"Sites de Demonstra\u00e7\u00e3o","item":"https:\/\/agri-cool.eu\/pt-pt\/sites-de-demonstracao\/"},{"@type":"ListItem","position":3,"name":"DEMO3 &#8211; BULAWAYO UMGUZA FARM, ZIMBABWE"}]},{"@type":"WebSite","@id":"https:\/\/agri-cool.eu\/#website","url":"https:\/\/agri-cool.eu\/","name":"AGRI COOL","description":"","potentialAction":[{"@type":"SearchAction","target":{"@type":"EntryPoint","urlTemplate":"https:\/\/agri-cool.eu\/?s={search_term_string}"},"query-input":{"@type":"PropertyValueSpecification","valueRequired":true,"valueName":"search_term_string"}}],"inLanguage":"pt-PT"}]}},"_links":{"self":[{"href":"https:\/\/agri-cool.eu\/pt-pt\/wp-json\/wp\/v2\/pages\/1175","targetHints":{"allow":["GET"]}}],"collection":[{"href":"https:\/\/agri-cool.eu\/pt-pt\/wp-json\/wp\/v2\/pages"}],"about":[{"href":"https:\/\/agri-cool.eu\/pt-pt\/wp-json\/wp\/v2\/types\/page"}],"author":[{"embeddable":true,"href":"https:\/\/agri-cool.eu\/pt-pt\/wp-json\/wp\/v2\/users\/2"}],"replies":[{"embeddable":true,"href":"https:\/\/agri-cool.eu\/pt-pt\/wp-json\/wp\/v2\/comments?post=1175"}],"version-history":[{"count":1,"href":"https:\/\/agri-cool.eu\/pt-pt\/wp-json\/wp\/v2\/pages\/1175\/revisions"}],"predecessor-version":[{"id":1176,"href":"https:\/\/agri-cool.eu\/pt-pt\/wp-json\/wp\/v2\/pages\/1175\/revisions\/1176"}],"up":[{"embeddable":true,"href":"https:\/\/agri-cool.eu\/pt-pt\/wp-json\/wp\/v2\/pages\/811"}],"wp:attachment":[{"href":"https:\/\/agri-cool.eu\/pt-pt\/wp-json\/wp\/v2\/media?parent=1175"}],"curies":[{"name":"wp","href":"https:\/\/api.w.org\/{rel}","templated":true}]}}