{"id":1167,"date":"2024-10-07T05:52:41","date_gmt":"2024-10-07T03:52:41","guid":{"rendered":"https:\/\/agri-cool.eu\/sites-de-demonstracao\/demo4-valota-farm-phillipi-africa-do-sul\/"},"modified":"2024-11-20T19:17:56","modified_gmt":"2024-11-20T18:17:56","slug":"demo4-valota-farm-phillipi-africa-do-sul","status":"publish","type":"page","link":"https:\/\/agri-cool.eu\/pt-pt\/sites-de-demonstracao\/demo4-valota-farm-phillipi-africa-do-sul\/","title":{"rendered":"DEMO4 &#8211; Valota Farm, Phillipi (\u00c1frica do Sul)"},"content":{"rendered":"\t\t<div data-elementor-type=\"wp-page\" data-elementor-id=\"1167\" class=\"elementor elementor-1167 elementor-500\" data-elementor-post-type=\"page\">\n\t\t\t\t\t\t<section class=\"elementor-section elementor-top-section elementor-element elementor-element-1a1f9ca elementor-section-boxed elementor-section-height-default elementor-section-height-default\" data-id=\"1a1f9ca\" data-element_type=\"section\" data-e-type=\"section\" data-settings=\"{&quot;background_background&quot;:&quot;classic&quot;}\">\n\t\t\t\t\t\t\t<div class=\"elementor-background-overlay\"><\/div>\n\t\t\t\t\t\t\t<div class=\"elementor-container elementor-column-gap-default\">\n\t\t\t\t\t<div class=\"elementor-column elementor-col-100 elementor-top-column elementor-element elementor-element-8e30542\" data-id=\"8e30542\" data-element_type=\"column\" data-e-type=\"column\">\n\t\t\t<div class=\"elementor-widget-wrap elementor-element-populated\">\n\t\t\t\t\t\t<div class=\"elementor-element elementor-element-be42ac5 elementor-widget elementor-widget-heading\" data-id=\"be42ac5\" data-element_type=\"widget\" data-e-type=\"widget\" data-widget_type=\"heading.default\">\n\t\t\t\t<div class=\"elementor-widget-container\">\n\t\t\t\t\t<h1 class=\"elementor-heading-title elementor-size-default\">DEMO4 &#8211; Valota Farm, Phillipi (\u00c1frica do Sul)<\/h1>\t\t\t\t<\/div>\n\t\t\t\t<\/div>\n\t\t\t\t\t<\/div>\n\t\t<\/div>\n\t\t\t\t\t<\/div>\n\t\t<\/section>\n\t\t<div class=\"elementor-element elementor-element-fc00401 e-flex e-con-boxed e-con e-parent\" data-id=\"fc00401\" data-element_type=\"container\" data-e-type=\"container\">\n\t\t\t\t\t<div class=\"e-con-inner\">\n\t\t\t\t<div class=\"elementor-element elementor-element-9d078a4 elementor-widget elementor-widget-text-editor\" data-id=\"9d078a4\" data-element_type=\"widget\" data-e-type=\"widget\" data-widget_type=\"text-editor.default\">\n\t\t\t\t<div class=\"elementor-widget-container\">\n\t\t\t\t\t\t\t\t\t<p>Varandinha \u00e9 uma zona rural sem liga\u00e7\u00e3o \u00e0 rede e sem qualquer infraestrutura de cadeia de frio. 82,7% da energia \u00e9 produzida atrav\u00e9s de motores a gas\u00f3leo, com um custo de cerca de 0,45 a 0,9 euros\/kWh. Em 2020, a GW instalou um sistema de dessaliniza\u00e7\u00e3o fora da rede para fornecer \u00e1gua doce aos agricultores e \u00e0 comunidade.  <\/p>\n\t\t\t\t\t\t\t\t<\/div>\n\t\t\t\t<\/div>\n\t\t\t\t\t<\/div>\n\t\t\t\t<\/div>\n\t\t<div class=\"elementor-element elementor-element-7ee47ef e-flex e-con-boxed e-con e-parent\" data-id=\"7ee47ef\" data-element_type=\"container\" data-e-type=\"container\">\n\t\t\t\t\t<div class=\"e-con-inner\">\n\t\t<div class=\"elementor-element elementor-element-582a796 e-con-full e-flex e-con e-child\" data-id=\"582a796\" data-element_type=\"container\" data-e-type=\"container\">\n\t\t\t\t<div class=\"elementor-element elementor-element-b729cde elementor-widget elementor-widget-image\" data-id=\"b729cde\" data-element_type=\"widget\" data-e-type=\"widget\" data-widget_type=\"image.default\">\n\t\t\t\t<div class=\"elementor-widget-container\">\n\t\t\t\t\t\t\t\t\t\t\t\t\t\t\t<img fetchpriority=\"high\" decoding=\"async\" width=\"800\" height=\"460\" src=\"https:\/\/agri-cool.eu\/wp-content\/uploads\/2024\/10\/boavista2-1024x589.jpg\" class=\"attachment-large size-large wp-image-736\" alt=\"\" srcset=\"https:\/\/agri-cool.eu\/wp-content\/uploads\/2024\/10\/boavista2-1024x589.jpg 1024w, https:\/\/agri-cool.eu\/wp-content\/uploads\/2024\/10\/boavista2-300x173.jpg 300w, https:\/\/agri-cool.eu\/wp-content\/uploads\/2024\/10\/boavista2-768x442.jpg 768w, https:\/\/agri-cool.eu\/wp-content\/uploads\/2024\/10\/boavista2-1536x883.jpg 1536w, https:\/\/agri-cool.eu\/wp-content\/uploads\/2024\/10\/boavista2-2048x1178.jpg 2048w\" sizes=\"(max-width: 800px) 100vw, 800px\" \/>\t\t\t\t\t\t\t\t\t\t\t\t\t\t\t<\/div>\n\t\t\t\t<\/div>\n\t\t\t\t<\/div>\n\t\t<div class=\"elementor-element elementor-element-94ed0b6 e-con-full e-flex e-con e-child\" data-id=\"94ed0b6\" data-element_type=\"container\" data-e-type=\"container\">\n\t\t\t\t<div class=\"elementor-element elementor-element-3ba722c elementor-widget elementor-widget-image\" data-id=\"3ba722c\" data-element_type=\"widget\" data-e-type=\"widget\" data-widget_type=\"image.default\">\n\t\t\t\t<div class=\"elementor-widget-container\">\n\t\t\t\t\t\t\t\t\t\t\t\t\t\t\t<img decoding=\"async\" width=\"800\" height=\"452\" src=\"https:\/\/agri-cool.eu\/wp-content\/uploads\/2024\/10\/boavista1-1024x578.jpg\" class=\"attachment-large size-large wp-image-734\" alt=\"\" srcset=\"https:\/\/agri-cool.eu\/wp-content\/uploads\/2024\/10\/boavista1-1024x578.jpg 1024w, https:\/\/agri-cool.eu\/wp-content\/uploads\/2024\/10\/boavista1-300x169.jpg 300w, https:\/\/agri-cool.eu\/wp-content\/uploads\/2024\/10\/boavista1-768x434.jpg 768w, https:\/\/agri-cool.eu\/wp-content\/uploads\/2024\/10\/boavista1-1536x867.jpg 1536w, https:\/\/agri-cool.eu\/wp-content\/uploads\/2024\/10\/boavista1.jpg 1915w\" sizes=\"(max-width: 800px) 100vw, 800px\" \/>\t\t\t\t\t\t\t\t\t\t\t\t\t\t\t<\/div>\n\t\t\t\t<\/div>\n\t\t\t\t<\/div>\n\t\t\t\t\t<\/div>\n\t\t\t\t<\/div>\n\t\t\t\t<\/div>\n\t\t","protected":false},"excerpt":{"rendered":"<p>Varandinha \u00e9 uma zona rural sem liga\u00e7\u00e3o \u00e0 rede e sem qualquer infraestrutura de cadeia de frio. 82,7% da energia \u00e9 produzida atrav\u00e9s de motores a gas\u00f3leo, com um custo de cerca de 0,45 a 0,9 euros\/kWh. Em 2020, a GW instalou um sistema de dessaliniza\u00e7\u00e3o fora da rede para fornecer \u00e1gua doce aos agricultores [&hellip;]<\/p>\n","protected":false},"author":2,"featured_media":0,"parent":811,"menu_order":0,"comment_status":"closed","ping_status":"closed","template":"elementor_header_footer","meta":{"footnotes":""},"class_list":["post-1167","page","type-page","status-publish","hentry"],"yoast_head":"<!-- This site is optimized with the Yoast SEO plugin v27.3 - https:\/\/yoast.com\/product\/yoast-seo-wordpress\/ -->\n<title>DEMO4 - Valota Farm, Phillipi (\u00c1frica do Sul) - AGRI COOL<\/title>\n<meta name=\"robots\" content=\"index, follow, max-snippet:-1, max-image-preview:large, max-video-preview:-1\" \/>\n<link rel=\"canonical\" href=\"https:\/\/agri-cool.eu\/pt-pt\/sites-de-demonstracao\/demo4-valota-farm-phillipi-africa-do-sul\/\" \/>\n<meta property=\"og:locale\" content=\"pt_PT\" \/>\n<meta property=\"og:type\" content=\"article\" \/>\n<meta property=\"og:title\" content=\"DEMO4 - Valota Farm, Phillipi (\u00c1frica do Sul) - AGRI COOL\" \/>\n<meta property=\"og:description\" content=\"Varandinha \u00e9 uma zona rural sem liga\u00e7\u00e3o \u00e0 rede e sem qualquer infraestrutura de cadeia de frio. 82,7% da energia \u00e9 produzida atrav\u00e9s de motores a gas\u00f3leo, com um custo de cerca de 0,45 a 0,9 euros\/kWh. Em 2020, a GW instalou um sistema de dessaliniza\u00e7\u00e3o fora da rede para fornecer \u00e1gua doce aos agricultores [&hellip;]\" \/>\n<meta property=\"og:url\" content=\"https:\/\/agri-cool.eu\/pt-pt\/sites-de-demonstracao\/demo4-valota-farm-phillipi-africa-do-sul\/\" \/>\n<meta property=\"og:site_name\" content=\"AGRI COOL\" \/>\n<meta property=\"article:modified_time\" content=\"2024-11-20T18:17:56+00:00\" \/>\n<meta property=\"og:image\" content=\"https:\/\/agri-cool.eu\/wp-content\/uploads\/2024\/10\/boavista2.jpg\" \/>\n\t<meta property=\"og:image:width\" content=\"2135\" \/>\n\t<meta property=\"og:image:height\" content=\"1228\" \/>\n\t<meta property=\"og:image:type\" content=\"image\/jpeg\" \/>\n<meta name=\"twitter:card\" content=\"summary_large_image\" \/>\n<script type=\"application\/ld+json\" class=\"yoast-schema-graph\">{\"@context\":\"https:\\\/\\\/schema.org\",\"@graph\":[{\"@type\":\"WebPage\",\"@id\":\"https:\\\/\\\/agri-cool.eu\\\/pt-pt\\\/sites-de-demonstracao\\\/demo4-valota-farm-phillipi-africa-do-sul\\\/\",\"url\":\"https:\\\/\\\/agri-cool.eu\\\/pt-pt\\\/sites-de-demonstracao\\\/demo4-valota-farm-phillipi-africa-do-sul\\\/\",\"name\":\"DEMO4 - Valota Farm, Phillipi (\u00c1frica do Sul) - AGRI COOL\",\"isPartOf\":{\"@id\":\"https:\\\/\\\/agri-cool.eu\\\/#website\"},\"primaryImageOfPage\":{\"@id\":\"https:\\\/\\\/agri-cool.eu\\\/pt-pt\\\/sites-de-demonstracao\\\/demo4-valota-farm-phillipi-africa-do-sul\\\/#primaryimage\"},\"image\":{\"@id\":\"https:\\\/\\\/agri-cool.eu\\\/pt-pt\\\/sites-de-demonstracao\\\/demo4-valota-farm-phillipi-africa-do-sul\\\/#primaryimage\"},\"thumbnailUrl\":\"https:\\\/\\\/agri-cool.eu\\\/wp-content\\\/uploads\\\/2024\\\/10\\\/boavista2-1024x589.jpg\",\"datePublished\":\"2024-10-07T03:52:41+00:00\",\"dateModified\":\"2024-11-20T18:17:56+00:00\",\"breadcrumb\":{\"@id\":\"https:\\\/\\\/agri-cool.eu\\\/pt-pt\\\/sites-de-demonstracao\\\/demo4-valota-farm-phillipi-africa-do-sul\\\/#breadcrumb\"},\"inLanguage\":\"pt-PT\",\"potentialAction\":[{\"@type\":\"ReadAction\",\"target\":[\"https:\\\/\\\/agri-cool.eu\\\/pt-pt\\\/sites-de-demonstracao\\\/demo4-valota-farm-phillipi-africa-do-sul\\\/\"]}]},{\"@type\":\"ImageObject\",\"inLanguage\":\"pt-PT\",\"@id\":\"https:\\\/\\\/agri-cool.eu\\\/pt-pt\\\/sites-de-demonstracao\\\/demo4-valota-farm-phillipi-africa-do-sul\\\/#primaryimage\",\"url\":\"https:\\\/\\\/agri-cool.eu\\\/wp-content\\\/uploads\\\/2024\\\/10\\\/boavista2-1024x589.jpg\",\"contentUrl\":\"https:\\\/\\\/agri-cool.eu\\\/wp-content\\\/uploads\\\/2024\\\/10\\\/boavista2-1024x589.jpg\"},{\"@type\":\"BreadcrumbList\",\"@id\":\"https:\\\/\\\/agri-cool.eu\\\/pt-pt\\\/sites-de-demonstracao\\\/demo4-valota-farm-phillipi-africa-do-sul\\\/#breadcrumb\",\"itemListElement\":[{\"@type\":\"ListItem\",\"position\":1,\"name\":\"Home\",\"item\":\"https:\\\/\\\/agri-cool.eu\\\/pt-pt\\\/casa\\\/\"},{\"@type\":\"ListItem\",\"position\":2,\"name\":\"Sites de Demonstra\u00e7\u00e3o\",\"item\":\"https:\\\/\\\/agri-cool.eu\\\/pt-pt\\\/sites-de-demonstracao\\\/\"},{\"@type\":\"ListItem\",\"position\":3,\"name\":\"DEMO4 &#8211; Valota Farm, Phillipi (\u00c1frica do Sul)\"}]},{\"@type\":\"WebSite\",\"@id\":\"https:\\\/\\\/agri-cool.eu\\\/#website\",\"url\":\"https:\\\/\\\/agri-cool.eu\\\/\",\"name\":\"AGRI COOL\",\"description\":\"\",\"potentialAction\":[{\"@type\":\"SearchAction\",\"target\":{\"@type\":\"EntryPoint\",\"urlTemplate\":\"https:\\\/\\\/agri-cool.eu\\\/?s={search_term_string}\"},\"query-input\":{\"@type\":\"PropertyValueSpecification\",\"valueRequired\":true,\"valueName\":\"search_term_string\"}}],\"inLanguage\":\"pt-PT\"}]}<\/script>\n<!-- \/ Yoast SEO plugin. -->","yoast_head_json":{"title":"DEMO4 - Valota Farm, Phillipi (\u00c1frica do Sul) - AGRI COOL","robots":{"index":"index","follow":"follow","max-snippet":"max-snippet:-1","max-image-preview":"max-image-preview:large","max-video-preview":"max-video-preview:-1"},"canonical":"https:\/\/agri-cool.eu\/pt-pt\/sites-de-demonstracao\/demo4-valota-farm-phillipi-africa-do-sul\/","og_locale":"pt_PT","og_type":"article","og_title":"DEMO4 - Valota Farm, Phillipi (\u00c1frica do Sul) - AGRI COOL","og_description":"Varandinha \u00e9 uma zona rural sem liga\u00e7\u00e3o \u00e0 rede e sem qualquer infraestrutura de cadeia de frio. 82,7% da energia \u00e9 produzida atrav\u00e9s de motores a gas\u00f3leo, com um custo de cerca de 0,45 a 0,9 euros\/kWh. Em 2020, a GW instalou um sistema de dessaliniza\u00e7\u00e3o fora da rede para fornecer \u00e1gua doce aos agricultores [&hellip;]","og_url":"https:\/\/agri-cool.eu\/pt-pt\/sites-de-demonstracao\/demo4-valota-farm-phillipi-africa-do-sul\/","og_site_name":"AGRI COOL","article_modified_time":"2024-11-20T18:17:56+00:00","og_image":[{"width":2135,"height":1228,"url":"https:\/\/agri-cool.eu\/wp-content\/uploads\/2024\/10\/boavista2.jpg","type":"image\/jpeg"}],"twitter_card":"summary_large_image","schema":{"@context":"https:\/\/schema.org","@graph":[{"@type":"WebPage","@id":"https:\/\/agri-cool.eu\/pt-pt\/sites-de-demonstracao\/demo4-valota-farm-phillipi-africa-do-sul\/","url":"https:\/\/agri-cool.eu\/pt-pt\/sites-de-demonstracao\/demo4-valota-farm-phillipi-africa-do-sul\/","name":"DEMO4 - Valota Farm, Phillipi (\u00c1frica do Sul) - AGRI COOL","isPartOf":{"@id":"https:\/\/agri-cool.eu\/#website"},"primaryImageOfPage":{"@id":"https:\/\/agri-cool.eu\/pt-pt\/sites-de-demonstracao\/demo4-valota-farm-phillipi-africa-do-sul\/#primaryimage"},"image":{"@id":"https:\/\/agri-cool.eu\/pt-pt\/sites-de-demonstracao\/demo4-valota-farm-phillipi-africa-do-sul\/#primaryimage"},"thumbnailUrl":"https:\/\/agri-cool.eu\/wp-content\/uploads\/2024\/10\/boavista2-1024x589.jpg","datePublished":"2024-10-07T03:52:41+00:00","dateModified":"2024-11-20T18:17:56+00:00","breadcrumb":{"@id":"https:\/\/agri-cool.eu\/pt-pt\/sites-de-demonstracao\/demo4-valota-farm-phillipi-africa-do-sul\/#breadcrumb"},"inLanguage":"pt-PT","potentialAction":[{"@type":"ReadAction","target":["https:\/\/agri-cool.eu\/pt-pt\/sites-de-demonstracao\/demo4-valota-farm-phillipi-africa-do-sul\/"]}]},{"@type":"ImageObject","inLanguage":"pt-PT","@id":"https:\/\/agri-cool.eu\/pt-pt\/sites-de-demonstracao\/demo4-valota-farm-phillipi-africa-do-sul\/#primaryimage","url":"https:\/\/agri-cool.eu\/wp-content\/uploads\/2024\/10\/boavista2-1024x589.jpg","contentUrl":"https:\/\/agri-cool.eu\/wp-content\/uploads\/2024\/10\/boavista2-1024x589.jpg"},{"@type":"BreadcrumbList","@id":"https:\/\/agri-cool.eu\/pt-pt\/sites-de-demonstracao\/demo4-valota-farm-phillipi-africa-do-sul\/#breadcrumb","itemListElement":[{"@type":"ListItem","position":1,"name":"Home","item":"https:\/\/agri-cool.eu\/pt-pt\/casa\/"},{"@type":"ListItem","position":2,"name":"Sites de Demonstra\u00e7\u00e3o","item":"https:\/\/agri-cool.eu\/pt-pt\/sites-de-demonstracao\/"},{"@type":"ListItem","position":3,"name":"DEMO4 &#8211; Valota Farm, Phillipi (\u00c1frica do Sul)"}]},{"@type":"WebSite","@id":"https:\/\/agri-cool.eu\/#website","url":"https:\/\/agri-cool.eu\/","name":"AGRI COOL","description":"","potentialAction":[{"@type":"SearchAction","target":{"@type":"EntryPoint","urlTemplate":"https:\/\/agri-cool.eu\/?s={search_term_string}"},"query-input":{"@type":"PropertyValueSpecification","valueRequired":true,"valueName":"search_term_string"}}],"inLanguage":"pt-PT"}]}},"_links":{"self":[{"href":"https:\/\/agri-cool.eu\/pt-pt\/wp-json\/wp\/v2\/pages\/1167","targetHints":{"allow":["GET"]}}],"collection":[{"href":"https:\/\/agri-cool.eu\/pt-pt\/wp-json\/wp\/v2\/pages"}],"about":[{"href":"https:\/\/agri-cool.eu\/pt-pt\/wp-json\/wp\/v2\/types\/page"}],"author":[{"embeddable":true,"href":"https:\/\/agri-cool.eu\/pt-pt\/wp-json\/wp\/v2\/users\/2"}],"replies":[{"embeddable":true,"href":"https:\/\/agri-cool.eu\/pt-pt\/wp-json\/wp\/v2\/comments?post=1167"}],"version-history":[{"count":1,"href":"https:\/\/agri-cool.eu\/pt-pt\/wp-json\/wp\/v2\/pages\/1167\/revisions"}],"predecessor-version":[{"id":1168,"href":"https:\/\/agri-cool.eu\/pt-pt\/wp-json\/wp\/v2\/pages\/1167\/revisions\/1168"}],"up":[{"embeddable":true,"href":"https:\/\/agri-cool.eu\/pt-pt\/wp-json\/wp\/v2\/pages\/811"}],"wp:attachment":[{"href":"https:\/\/agri-cool.eu\/pt-pt\/wp-json\/wp\/v2\/media?parent=1167"}],"curies":[{"name":"wp","href":"https:\/\/api.w.org\/{rel}","templated":true}]}}