{"id":1163,"date":"2024-11-19T11:17:19","date_gmt":"2024-11-19T10:17:19","guid":{"rendered":"https:\/\/agri-cool.eu\/sites-de-demonstracao\/demo-5-ilha-da-boa-vista-cabo-verde\/"},"modified":"2024-11-20T19:17:17","modified_gmt":"2024-11-20T18:17:17","slug":"demo-5-ilha-da-boa-vista-cabo-verde","status":"publish","type":"page","link":"https:\/\/agri-cool.eu\/pt-pt\/sites-de-demonstracao\/demo-5-ilha-da-boa-vista-cabo-verde\/","title":{"rendered":"DEMO 5- Ilha da Boa Vista, CABO VERDE"},"content":{"rendered":"\t\t<div data-elementor-type=\"wp-page\" data-elementor-id=\"1163\" class=\"elementor elementor-1163 elementor-1072\" data-elementor-post-type=\"page\">\n\t\t\t\t\t\t<section class=\"elementor-section elementor-top-section elementor-element elementor-element-1a1f9ca elementor-section-boxed elementor-section-height-default elementor-section-height-default\" data-id=\"1a1f9ca\" data-element_type=\"section\" data-e-type=\"section\" data-settings=\"{&quot;background_background&quot;:&quot;classic&quot;}\">\n\t\t\t\t\t\t\t<div class=\"elementor-background-overlay\"><\/div>\n\t\t\t\t\t\t\t<div class=\"elementor-container elementor-column-gap-default\">\n\t\t\t\t\t<div class=\"elementor-column elementor-col-100 elementor-top-column elementor-element elementor-element-8e30542\" data-id=\"8e30542\" data-element_type=\"column\" data-e-type=\"column\">\n\t\t\t<div class=\"elementor-widget-wrap elementor-element-populated\">\n\t\t\t\t\t\t<div class=\"elementor-element elementor-element-be42ac5 elementor-widget elementor-widget-heading\" data-id=\"be42ac5\" data-element_type=\"widget\" data-e-type=\"widget\" data-widget_type=\"heading.default\">\n\t\t\t\t<div class=\"elementor-widget-container\">\n\t\t\t\t\t<h1 class=\"elementor-heading-title elementor-size-default\">DEMO 5- Ilha da Boa Vista, CABO VERDE<\/h1>\t\t\t\t<\/div>\n\t\t\t\t<\/div>\n\t\t\t\t\t<\/div>\n\t\t<\/div>\n\t\t\t\t\t<\/div>\n\t\t<\/section>\n\t\t<div class=\"elementor-element elementor-element-fc00401 e-flex e-con-boxed e-con e-parent\" data-id=\"fc00401\" data-element_type=\"container\" data-e-type=\"container\">\n\t\t\t\t\t<div class=\"e-con-inner\">\n\t\t\t\t<div class=\"elementor-element elementor-element-9d078a4 elementor-widget elementor-widget-text-editor\" data-id=\"9d078a4\" data-element_type=\"widget\" data-e-type=\"widget\" data-widget_type=\"text-editor.default\">\n\t\t\t\t<div class=\"elementor-widget-container\">\n\t\t\t\t\t\t\t\t\t<h3><strong>Readapta\u00e7\u00e3o de uma c\u00e2mara de frio positiva de 500 m\u00b3  <\/strong><\/h3>\n<p>O projeto DEMO5 na Ilha da Boa Vista mostra o potencial da inova\u00e7\u00e3o AGRI-COOL na adapta\u00e7\u00e3o de c\u00e2maras frigor\u00edficas existentes, abordando inefici\u00eancias ambientais e operacionais cr\u00edticas. Esta c\u00e2mara de frio positivo, instalada num edif\u00edcio industrial, \u00e9 um excelente exemplo dos desafios colocados por sistemas de refrigera\u00e7\u00e3o obsoletos.<\/p>\n<h3><strong>Carater\u00edsticas principais da c\u00e2mara frigor\u00edfica atual:<\/strong><\/h3>\n<p><strong>&#8211; Volume e estrutura:<\/strong> C\u00e2mara de 500 m\u00b3 com uma \u00e1rea de superf\u00edcie de 130 m\u00b2, uma altura de 3,8 m e paredes isoladas com 12 cm de espessura.<\/p>\n<p> &#8211;<strong> Localiza\u00e7\u00e3o e Sombreamento:<\/strong> Situada num edif\u00edcio industrial, sombreada pelas paredes da estrutura, com um impacto negligenci\u00e1vel da radia\u00e7\u00e3o solar.<\/p>\n<p><strong>&#8211; Perfil energ\u00e9tico:<\/strong> A c\u00e2mara funciona atualmente com um motor a gas\u00f3leo, consumindo anualmente cerca de 15.850 kWh para compensar as perdas de calor.<\/p>\n\t\t\t\t\t\t\t\t<\/div>\n\t\t\t\t<\/div>\n\t\t\t\t\t<\/div>\n\t\t\t\t<\/div>\n\t\t<div class=\"elementor-element elementor-element-7ee47ef e-flex e-con-boxed e-con e-parent\" data-id=\"7ee47ef\" data-element_type=\"container\" data-e-type=\"container\">\n\t\t\t\t\t<div class=\"e-con-inner\">\n\t\t<div class=\"elementor-element elementor-element-582a796 e-con-full e-flex e-con e-child\" data-id=\"582a796\" data-element_type=\"container\" data-e-type=\"container\">\n\t\t\t\t<div class=\"elementor-element elementor-element-b729cde elementor-widget elementor-widget-image\" data-id=\"b729cde\" data-element_type=\"widget\" data-e-type=\"widget\" data-widget_type=\"image.default\">\n\t\t\t\t<div class=\"elementor-widget-container\">\n\t\t\t\t\t\t\t\t\t\t\t\t\t\t\t<img fetchpriority=\"high\" decoding=\"async\" width=\"608\" height=\"310\" src=\"https:\/\/agri-cool.eu\/wp-content\/uploads\/2024\/11\/demo5-1.png\" class=\"attachment-full size-full wp-image-1068\" alt=\"\" srcset=\"https:\/\/agri-cool.eu\/wp-content\/uploads\/2024\/11\/demo5-1.png 608w, https:\/\/agri-cool.eu\/wp-content\/uploads\/2024\/11\/demo5-1-300x153.png 300w\" sizes=\"(max-width: 608px) 100vw, 608px\" \/>\t\t\t\t\t\t\t\t\t\t\t\t\t\t\t<\/div>\n\t\t\t\t<\/div>\n\t\t\t\t<\/div>\n\t\t<div class=\"elementor-element elementor-element-94ed0b6 e-con-full e-flex e-con e-child\" data-id=\"94ed0b6\" data-element_type=\"container\" data-e-type=\"container\">\n\t\t\t\t<div class=\"elementor-element elementor-element-3ba722c elementor-widget elementor-widget-image\" data-id=\"3ba722c\" data-element_type=\"widget\" data-e-type=\"widget\" data-widget_type=\"image.default\">\n\t\t\t\t<div class=\"elementor-widget-container\">\n\t\t\t\t\t\t\t\t\t\t\t\t\t\t\t<img decoding=\"async\" width=\"608\" height=\"464\" src=\"https:\/\/agri-cool.eu\/wp-content\/uploads\/2024\/11\/demo5-2.png\" class=\"attachment-full size-full wp-image-1076\" alt=\"\" srcset=\"https:\/\/agri-cool.eu\/wp-content\/uploads\/2024\/11\/demo5-2.png 608w, https:\/\/agri-cool.eu\/wp-content\/uploads\/2024\/11\/demo5-2-300x229.png 300w\" sizes=\"(max-width: 608px) 100vw, 608px\" \/>\t\t\t\t\t\t\t\t\t\t\t\t\t\t\t<\/div>\n\t\t\t\t<\/div>\n\t\t\t\t<\/div>\n\t\t\t\t\t<\/div>\n\t\t\t\t<\/div>\n\t\t<div class=\"elementor-element elementor-element-f79aed2 e-flex e-con-boxed e-con e-parent\" data-id=\"f79aed2\" data-element_type=\"container\" data-e-type=\"container\">\n\t\t\t\t\t<div class=\"e-con-inner\">\n\t\t\t\t<div class=\"elementor-element elementor-element-612e2e5 elementor-widget elementor-widget-text-editor\" data-id=\"612e2e5\" data-element_type=\"widget\" data-e-type=\"widget\" data-widget_type=\"text-editor.default\">\n\t\t\t\t<div class=\"elementor-widget-container\">\n\t\t\t\t\t\t\t\t\t<h3><strong>Impacto ambiental e econ\u00f3mico:<\/strong><\/h3>\n<p><strong>&#8211; Emiss\u00f5es de GEE:<\/strong> Emiss\u00f5es anuais de cerca de 10,4 tCO\u2082eq devido ao gerador a gas\u00f3leo de alta emiss\u00e3o.<br \/> &#8211;<strong> Custos Operacionais:<\/strong> As despesas com combust\u00edvel variam entre 7.100\u20ac e 14.100\u20ac anuais, dependendo do pre\u00e7o do gas\u00f3leo.<\/p>\n\t\t\t\t\t\t\t\t<\/div>\n\t\t\t\t<\/div>\n\t\t\t\t\t<\/div>\n\t\t\t\t<\/div>\n\t\t<div class=\"elementor-element elementor-element-df0a7cc e-flex e-con-boxed e-con e-parent\" data-id=\"df0a7cc\" data-element_type=\"container\" data-e-type=\"container\">\n\t\t\t\t\t<div class=\"e-con-inner\">\n\t\t\t\t<div class=\"elementor-element elementor-element-72f9508 elementor-widget elementor-widget-text-editor\" data-id=\"72f9508\" data-element_type=\"widget\" data-e-type=\"widget\" data-widget_type=\"text-editor.default\">\n\t\t\t\t<div class=\"elementor-widget-container\">\n\t\t\t\t\t\t\t\t\t<h3>A solu\u00e7\u00e3o de reequipamento:<\/h3>\n<p>A adapta\u00e7\u00e3o AGRI-COOL demonstrar\u00e1 como as solu\u00e7\u00f5es de refrigera\u00e7\u00e3o inovadoras podem reduzir as emiss\u00f5es de gases com efeito de estufa, diminuir os custos de energia e melhorar a sustentabilidade das opera\u00e7\u00f5es da cadeia de frio. Ao modernizar esta instala\u00e7\u00e3o, a DEMO5 pretende estabelecer uma refer\u00eancia para a reabilita\u00e7\u00e3o de sistemas ineficientes em contextos semelhantes a n\u00edvel mundial.<\/p>\n\t\t\t\t\t\t\t\t<\/div>\n\t\t\t\t<\/div>\n\t\t\t\t\t<\/div>\n\t\t\t\t<\/div>\n\t\t\t\t<\/div>\n\t\t","protected":false},"excerpt":{"rendered":"<p>Readapta\u00e7\u00e3o de uma c\u00e2mara de frio positiva de 500 m\u00b3 O projeto DEMO5 na Ilha da Boa Vista mostra o potencial da inova\u00e7\u00e3o AGRI-COOL na adapta\u00e7\u00e3o de c\u00e2maras frigor\u00edficas existentes, abordando inefici\u00eancias ambientais e operacionais cr\u00edticas. Esta c\u00e2mara de frio positivo, instalada num edif\u00edcio industrial, \u00e9 um excelente exemplo dos desafios colocados por sistemas de [&hellip;]<\/p>\n","protected":false},"author":2,"featured_media":0,"parent":811,"menu_order":0,"comment_status":"closed","ping_status":"closed","template":"elementor_header_footer","meta":{"footnotes":""},"class_list":["post-1163","page","type-page","status-publish","hentry"],"yoast_head":"<!-- This site is optimized with the Yoast SEO plugin v27.3 - https:\/\/yoast.com\/product\/yoast-seo-wordpress\/ -->\n<title>DEMO 5- Ilha da Boa Vista, CABO VERDE - AGRI COOL<\/title>\n<meta name=\"robots\" content=\"index, follow, max-snippet:-1, max-image-preview:large, max-video-preview:-1\" \/>\n<link rel=\"canonical\" href=\"https:\/\/agri-cool.eu\/pt-pt\/sites-de-demonstracao\/demo-5-ilha-da-boa-vista-cabo-verde\/\" \/>\n<meta property=\"og:locale\" content=\"pt_PT\" \/>\n<meta property=\"og:type\" content=\"article\" \/>\n<meta property=\"og:title\" content=\"DEMO 5- Ilha da Boa Vista, CABO VERDE - AGRI COOL\" \/>\n<meta property=\"og:description\" content=\"Readapta\u00e7\u00e3o de uma c\u00e2mara de frio positiva de 500 m\u00b3 O projeto DEMO5 na Ilha da Boa Vista mostra o potencial da inova\u00e7\u00e3o AGRI-COOL na adapta\u00e7\u00e3o de c\u00e2maras frigor\u00edficas existentes, abordando inefici\u00eancias ambientais e operacionais cr\u00edticas. Esta c\u00e2mara de frio positivo, instalada num edif\u00edcio industrial, \u00e9 um excelente exemplo dos desafios colocados por sistemas de [&hellip;]\" \/>\n<meta property=\"og:url\" content=\"https:\/\/agri-cool.eu\/pt-pt\/sites-de-demonstracao\/demo-5-ilha-da-boa-vista-cabo-verde\/\" \/>\n<meta property=\"og:site_name\" content=\"AGRI COOL\" \/>\n<meta property=\"article:modified_time\" content=\"2024-11-20T18:17:17+00:00\" \/>\n<meta property=\"og:image\" content=\"https:\/\/agri-cool.eu\/wp-content\/uploads\/2024\/11\/demo5-1.png\" \/>\n\t<meta property=\"og:image:width\" content=\"608\" \/>\n\t<meta property=\"og:image:height\" content=\"310\" \/>\n\t<meta property=\"og:image:type\" content=\"image\/png\" \/>\n<meta name=\"twitter:card\" content=\"summary_large_image\" \/>\n<meta name=\"twitter:label1\" content=\"Tempo estimado de leitura\" \/>\n\t<meta name=\"twitter:data1\" content=\"1 minuto\" \/>\n<script type=\"application\/ld+json\" class=\"yoast-schema-graph\">{\"@context\":\"https:\\\/\\\/schema.org\",\"@graph\":[{\"@type\":\"WebPage\",\"@id\":\"https:\\\/\\\/agri-cool.eu\\\/pt-pt\\\/sites-de-demonstracao\\\/demo-5-ilha-da-boa-vista-cabo-verde\\\/\",\"url\":\"https:\\\/\\\/agri-cool.eu\\\/pt-pt\\\/sites-de-demonstracao\\\/demo-5-ilha-da-boa-vista-cabo-verde\\\/\",\"name\":\"DEMO 5- Ilha da Boa Vista, CABO VERDE - AGRI COOL\",\"isPartOf\":{\"@id\":\"https:\\\/\\\/agri-cool.eu\\\/#website\"},\"primaryImageOfPage\":{\"@id\":\"https:\\\/\\\/agri-cool.eu\\\/pt-pt\\\/sites-de-demonstracao\\\/demo-5-ilha-da-boa-vista-cabo-verde\\\/#primaryimage\"},\"image\":{\"@id\":\"https:\\\/\\\/agri-cool.eu\\\/pt-pt\\\/sites-de-demonstracao\\\/demo-5-ilha-da-boa-vista-cabo-verde\\\/#primaryimage\"},\"thumbnailUrl\":\"https:\\\/\\\/agri-cool.eu\\\/wp-content\\\/uploads\\\/2024\\\/11\\\/demo5-1.png\",\"datePublished\":\"2024-11-19T10:17:19+00:00\",\"dateModified\":\"2024-11-20T18:17:17+00:00\",\"breadcrumb\":{\"@id\":\"https:\\\/\\\/agri-cool.eu\\\/pt-pt\\\/sites-de-demonstracao\\\/demo-5-ilha-da-boa-vista-cabo-verde\\\/#breadcrumb\"},\"inLanguage\":\"pt-PT\",\"potentialAction\":[{\"@type\":\"ReadAction\",\"target\":[\"https:\\\/\\\/agri-cool.eu\\\/pt-pt\\\/sites-de-demonstracao\\\/demo-5-ilha-da-boa-vista-cabo-verde\\\/\"]}]},{\"@type\":\"ImageObject\",\"inLanguage\":\"pt-PT\",\"@id\":\"https:\\\/\\\/agri-cool.eu\\\/pt-pt\\\/sites-de-demonstracao\\\/demo-5-ilha-da-boa-vista-cabo-verde\\\/#primaryimage\",\"url\":\"https:\\\/\\\/agri-cool.eu\\\/wp-content\\\/uploads\\\/2024\\\/11\\\/demo5-1.png\",\"contentUrl\":\"https:\\\/\\\/agri-cool.eu\\\/wp-content\\\/uploads\\\/2024\\\/11\\\/demo5-1.png\"},{\"@type\":\"BreadcrumbList\",\"@id\":\"https:\\\/\\\/agri-cool.eu\\\/pt-pt\\\/sites-de-demonstracao\\\/demo-5-ilha-da-boa-vista-cabo-verde\\\/#breadcrumb\",\"itemListElement\":[{\"@type\":\"ListItem\",\"position\":1,\"name\":\"Home\",\"item\":\"https:\\\/\\\/agri-cool.eu\\\/pt-pt\\\/casa\\\/\"},{\"@type\":\"ListItem\",\"position\":2,\"name\":\"Sites de Demonstra\u00e7\u00e3o\",\"item\":\"https:\\\/\\\/agri-cool.eu\\\/pt-pt\\\/sites-de-demonstracao\\\/\"},{\"@type\":\"ListItem\",\"position\":3,\"name\":\"DEMO 5- Ilha da Boa Vista, CABO VERDE\"}]},{\"@type\":\"WebSite\",\"@id\":\"https:\\\/\\\/agri-cool.eu\\\/#website\",\"url\":\"https:\\\/\\\/agri-cool.eu\\\/\",\"name\":\"AGRI COOL\",\"description\":\"\",\"potentialAction\":[{\"@type\":\"SearchAction\",\"target\":{\"@type\":\"EntryPoint\",\"urlTemplate\":\"https:\\\/\\\/agri-cool.eu\\\/?s={search_term_string}\"},\"query-input\":{\"@type\":\"PropertyValueSpecification\",\"valueRequired\":true,\"valueName\":\"search_term_string\"}}],\"inLanguage\":\"pt-PT\"}]}<\/script>\n<!-- \/ Yoast SEO plugin. -->","yoast_head_json":{"title":"DEMO 5- Ilha da Boa Vista, CABO VERDE - AGRI COOL","robots":{"index":"index","follow":"follow","max-snippet":"max-snippet:-1","max-image-preview":"max-image-preview:large","max-video-preview":"max-video-preview:-1"},"canonical":"https:\/\/agri-cool.eu\/pt-pt\/sites-de-demonstracao\/demo-5-ilha-da-boa-vista-cabo-verde\/","og_locale":"pt_PT","og_type":"article","og_title":"DEMO 5- Ilha da Boa Vista, CABO VERDE - AGRI COOL","og_description":"Readapta\u00e7\u00e3o de uma c\u00e2mara de frio positiva de 500 m\u00b3 O projeto DEMO5 na Ilha da Boa Vista mostra o potencial da inova\u00e7\u00e3o AGRI-COOL na adapta\u00e7\u00e3o de c\u00e2maras frigor\u00edficas existentes, abordando inefici\u00eancias ambientais e operacionais cr\u00edticas. Esta c\u00e2mara de frio positivo, instalada num edif\u00edcio industrial, \u00e9 um excelente exemplo dos desafios colocados por sistemas de [&hellip;]","og_url":"https:\/\/agri-cool.eu\/pt-pt\/sites-de-demonstracao\/demo-5-ilha-da-boa-vista-cabo-verde\/","og_site_name":"AGRI COOL","article_modified_time":"2024-11-20T18:17:17+00:00","og_image":[{"width":608,"height":310,"url":"https:\/\/agri-cool.eu\/wp-content\/uploads\/2024\/11\/demo5-1.png","type":"image\/png"}],"twitter_card":"summary_large_image","twitter_misc":{"Tempo estimado de leitura":"1 minuto"},"schema":{"@context":"https:\/\/schema.org","@graph":[{"@type":"WebPage","@id":"https:\/\/agri-cool.eu\/pt-pt\/sites-de-demonstracao\/demo-5-ilha-da-boa-vista-cabo-verde\/","url":"https:\/\/agri-cool.eu\/pt-pt\/sites-de-demonstracao\/demo-5-ilha-da-boa-vista-cabo-verde\/","name":"DEMO 5- Ilha da Boa Vista, CABO VERDE - AGRI COOL","isPartOf":{"@id":"https:\/\/agri-cool.eu\/#website"},"primaryImageOfPage":{"@id":"https:\/\/agri-cool.eu\/pt-pt\/sites-de-demonstracao\/demo-5-ilha-da-boa-vista-cabo-verde\/#primaryimage"},"image":{"@id":"https:\/\/agri-cool.eu\/pt-pt\/sites-de-demonstracao\/demo-5-ilha-da-boa-vista-cabo-verde\/#primaryimage"},"thumbnailUrl":"https:\/\/agri-cool.eu\/wp-content\/uploads\/2024\/11\/demo5-1.png","datePublished":"2024-11-19T10:17:19+00:00","dateModified":"2024-11-20T18:17:17+00:00","breadcrumb":{"@id":"https:\/\/agri-cool.eu\/pt-pt\/sites-de-demonstracao\/demo-5-ilha-da-boa-vista-cabo-verde\/#breadcrumb"},"inLanguage":"pt-PT","potentialAction":[{"@type":"ReadAction","target":["https:\/\/agri-cool.eu\/pt-pt\/sites-de-demonstracao\/demo-5-ilha-da-boa-vista-cabo-verde\/"]}]},{"@type":"ImageObject","inLanguage":"pt-PT","@id":"https:\/\/agri-cool.eu\/pt-pt\/sites-de-demonstracao\/demo-5-ilha-da-boa-vista-cabo-verde\/#primaryimage","url":"https:\/\/agri-cool.eu\/wp-content\/uploads\/2024\/11\/demo5-1.png","contentUrl":"https:\/\/agri-cool.eu\/wp-content\/uploads\/2024\/11\/demo5-1.png"},{"@type":"BreadcrumbList","@id":"https:\/\/agri-cool.eu\/pt-pt\/sites-de-demonstracao\/demo-5-ilha-da-boa-vista-cabo-verde\/#breadcrumb","itemListElement":[{"@type":"ListItem","position":1,"name":"Home","item":"https:\/\/agri-cool.eu\/pt-pt\/casa\/"},{"@type":"ListItem","position":2,"name":"Sites de Demonstra\u00e7\u00e3o","item":"https:\/\/agri-cool.eu\/pt-pt\/sites-de-demonstracao\/"},{"@type":"ListItem","position":3,"name":"DEMO 5- Ilha da Boa Vista, CABO VERDE"}]},{"@type":"WebSite","@id":"https:\/\/agri-cool.eu\/#website","url":"https:\/\/agri-cool.eu\/","name":"AGRI COOL","description":"","potentialAction":[{"@type":"SearchAction","target":{"@type":"EntryPoint","urlTemplate":"https:\/\/agri-cool.eu\/?s={search_term_string}"},"query-input":{"@type":"PropertyValueSpecification","valueRequired":true,"valueName":"search_term_string"}}],"inLanguage":"pt-PT"}]}},"_links":{"self":[{"href":"https:\/\/agri-cool.eu\/pt-pt\/wp-json\/wp\/v2\/pages\/1163","targetHints":{"allow":["GET"]}}],"collection":[{"href":"https:\/\/agri-cool.eu\/pt-pt\/wp-json\/wp\/v2\/pages"}],"about":[{"href":"https:\/\/agri-cool.eu\/pt-pt\/wp-json\/wp\/v2\/types\/page"}],"author":[{"embeddable":true,"href":"https:\/\/agri-cool.eu\/pt-pt\/wp-json\/wp\/v2\/users\/2"}],"replies":[{"embeddable":true,"href":"https:\/\/agri-cool.eu\/pt-pt\/wp-json\/wp\/v2\/comments?post=1163"}],"version-history":[{"count":1,"href":"https:\/\/agri-cool.eu\/pt-pt\/wp-json\/wp\/v2\/pages\/1163\/revisions"}],"predecessor-version":[{"id":1164,"href":"https:\/\/agri-cool.eu\/pt-pt\/wp-json\/wp\/v2\/pages\/1163\/revisions\/1164"}],"up":[{"embeddable":true,"href":"https:\/\/agri-cool.eu\/pt-pt\/wp-json\/wp\/v2\/pages\/811"}],"wp:attachment":[{"href":"https:\/\/agri-cool.eu\/pt-pt\/wp-json\/wp\/v2\/media?parent=1163"}],"curies":[{"name":"wp","href":"https:\/\/api.w.org\/{rel}","templated":true}]}}