{"id":1147,"date":"2024-08-10T11:37:34","date_gmt":"2024-08-10T09:37:34","guid":{"rendered":"https:\/\/agri-cool.eu\/sobre-o-projeto\/"},"modified":"2026-02-10T16:28:29","modified_gmt":"2026-02-10T15:28:29","slug":"sobre-o-projeto","status":"publish","type":"page","link":"https:\/\/agri-cool.eu\/pt-pt\/sobre-o-projeto\/","title":{"rendered":"Sobre o projeto"},"content":{"rendered":"\t\t<div data-elementor-type=\"wp-page\" data-elementor-id=\"1147\" class=\"elementor elementor-1147 elementor-311\" data-elementor-post-type=\"page\">\n\t\t\t\t\t\t<section class=\"elementor-section elementor-top-section elementor-element elementor-element-1a1f9ca elementor-section-boxed elementor-section-height-default elementor-section-height-default\" data-id=\"1a1f9ca\" data-element_type=\"section\" data-e-type=\"section\" data-settings=\"{&quot;background_background&quot;:&quot;classic&quot;}\">\n\t\t\t\t\t\t\t<div class=\"elementor-background-overlay\"><\/div>\n\t\t\t\t\t\t\t<div class=\"elementor-container elementor-column-gap-default\">\n\t\t\t\t\t<div class=\"elementor-column elementor-col-100 elementor-top-column elementor-element elementor-element-8e30542\" data-id=\"8e30542\" data-element_type=\"column\" data-e-type=\"column\">\n\t\t\t<div class=\"elementor-widget-wrap elementor-element-populated\">\n\t\t\t\t\t\t<div class=\"elementor-element elementor-element-be42ac5 elementor-widget elementor-widget-heading\" data-id=\"be42ac5\" data-element_type=\"widget\" data-e-type=\"widget\" data-widget_type=\"heading.default\">\n\t\t\t\t<div class=\"elementor-widget-container\">\n\t\t\t\t\t<h1 class=\"elementor-heading-title elementor-size-default\">Sobre o projeto<\/h1>\t\t\t\t<\/div>\n\t\t\t\t<\/div>\n\t\t\t\t\t<\/div>\n\t\t<\/div>\n\t\t\t\t\t<\/div>\n\t\t<\/section>\n\t\t\t\t<section class=\"elementor-section elementor-top-section elementor-element elementor-element-d578536 elementor-section-boxed elementor-section-height-default elementor-section-height-default\" data-id=\"d578536\" data-element_type=\"section\" data-e-type=\"section\">\n\t\t\t\t\t\t<div class=\"elementor-container elementor-column-gap-default\">\n\t\t\t\t\t<div class=\"elementor-column elementor-col-50 elementor-top-column elementor-element elementor-element-3b4376b\" data-id=\"3b4376b\" data-element_type=\"column\" data-e-type=\"column\">\n\t\t\t<div class=\"elementor-widget-wrap elementor-element-populated\">\n\t\t\t\t\t\t<div class=\"elementor-element elementor-element-86b838d elementor-widget elementor-widget-image\" data-id=\"86b838d\" data-element_type=\"widget\" data-e-type=\"widget\" data-widget_type=\"image.default\">\n\t\t\t\t<div class=\"elementor-widget-container\">\n\t\t\t\t\t\t\t\t\t\t\t\t\t\t\t<img fetchpriority=\"high\" decoding=\"async\" width=\"2468\" height=\"1440\" src=\"https:\/\/agri-cool.eu\/wp-content\/uploads\/2024\/10\/IMG_2717.jpeg\" class=\"attachment-full size-full wp-image-730\" alt=\"\" srcset=\"https:\/\/agri-cool.eu\/wp-content\/uploads\/2024\/10\/IMG_2717.jpeg 2468w, https:\/\/agri-cool.eu\/wp-content\/uploads\/2024\/10\/IMG_2717-300x175.jpeg 300w, https:\/\/agri-cool.eu\/wp-content\/uploads\/2024\/10\/IMG_2717-1024x597.jpeg 1024w, https:\/\/agri-cool.eu\/wp-content\/uploads\/2024\/10\/IMG_2717-768x448.jpeg 768w, https:\/\/agri-cool.eu\/wp-content\/uploads\/2024\/10\/IMG_2717-1536x896.jpeg 1536w, https:\/\/agri-cool.eu\/wp-content\/uploads\/2024\/10\/IMG_2717-2048x1195.jpeg 2048w\" sizes=\"(max-width: 2468px) 100vw, 2468px\" \/>\t\t\t\t\t\t\t\t\t\t\t\t\t\t\t<\/div>\n\t\t\t\t<\/div>\n\t\t\t\t\t<\/div>\n\t\t<\/div>\n\t\t\t\t<div class=\"elementor-column elementor-col-50 elementor-top-column elementor-element elementor-element-1884294\" data-id=\"1884294\" data-element_type=\"column\" data-e-type=\"column\">\n\t\t\t<div class=\"elementor-widget-wrap elementor-element-populated\">\n\t\t\t\t\t\t<div class=\"elementor-element elementor-element-c15ba8b elementor-widget elementor-widget-heading\" data-id=\"c15ba8b\" data-element_type=\"widget\" data-e-type=\"widget\" data-widget_type=\"heading.default\">\n\t\t\t\t<div class=\"elementor-widget-container\">\n\t\t\t\t\t<h2 class=\"elementor-heading-title elementor-size-default\">AGRI-COOL<\/h2>\t\t\t\t<\/div>\n\t\t\t\t<\/div>\n\t\t\t\t<div class=\"elementor-element elementor-element-575e9d1 elementor-widget-divider--view-line elementor-widget elementor-widget-divider\" data-id=\"575e9d1\" data-element_type=\"widget\" data-e-type=\"widget\" data-widget_type=\"divider.default\">\n\t\t\t\t<div class=\"elementor-widget-container\">\n\t\t\t\t\t\t\t<div class=\"elementor-divider\">\n\t\t\t<span class=\"elementor-divider-separator\">\n\t\t\t\t\t\t<\/span>\n\t\t<\/div>\n\t\t\t\t\t\t<\/div>\n\t\t\t\t<\/div>\n\t\t\t\t<div class=\"elementor-element elementor-element-8cec863 elementor-widget elementor-widget-text-editor\" data-id=\"8cec863\" data-element_type=\"widget\" data-e-type=\"widget\" data-widget_type=\"text-editor.default\">\n\t\t\t\t<div class=\"elementor-widget-container\">\n\t\t\t\t\t\t\t\t\t<p>O AGRI-COOL \u00e9 um projeto inovador concebido para fazer face a desafios agr\u00edcolas cr\u00edticos em \u00c1frica. Esta iniciativa oferece uma solu\u00e7\u00e3o rent\u00e1vel e sustent\u00e1vel para combater o desperd\u00edcio alimentar, aumentar a seguran\u00e7a alimentar e reduzir os impactos das altera\u00e7\u00f5es clim\u00e1ticas. <\/p><p> <\/p>\t\t\t\t\t\t\t\t<\/div>\n\t\t\t\t<\/div>\n\t\t\t\t\t<\/div>\n\t\t<\/div>\n\t\t\t\t\t<\/div>\n\t\t<\/section>\n\t\t\t\t<section class=\"elementor-section elementor-top-section elementor-element elementor-element-a7755d2 elementor-section-boxed elementor-section-height-default elementor-section-height-default\" data-id=\"a7755d2\" data-element_type=\"section\" data-e-type=\"section\">\n\t\t\t\t\t\t<div class=\"elementor-container elementor-column-gap-default\">\n\t\t\t\t\t<div class=\"elementor-column elementor-col-100 elementor-top-column elementor-element elementor-element-0abc0a6\" data-id=\"0abc0a6\" data-element_type=\"column\" data-e-type=\"column\">\n\t\t\t<div class=\"elementor-widget-wrap elementor-element-populated\">\n\t\t\t\t\t\t<section class=\"elementor-section elementor-inner-section elementor-element elementor-element-b1c3283 elementor-section-full_width elementor-section-height-default elementor-section-height-default\" data-id=\"b1c3283\" data-element_type=\"section\" data-e-type=\"section\">\n\t\t\t\t\t\t<div class=\"elementor-container elementor-column-gap-default\">\n\t\t\t\t\t<div class=\"elementor-column elementor-col-33 elementor-inner-column elementor-element elementor-element-b6e6d01 animated-slow elementor-invisible\" data-id=\"b6e6d01\" data-element_type=\"column\" data-e-type=\"column\" data-settings=\"{&quot;background_background&quot;:&quot;classic&quot;,&quot;animation&quot;:&quot;fadeIn&quot;,&quot;animation_delay&quot;:900}\">\n\t\t\t<div class=\"elementor-widget-wrap elementor-element-populated\">\n\t\t\t\t\t\t<div class=\"elementor-element elementor-element-6519c0c elementor-view-default elementor-widget elementor-widget-icon\" data-id=\"6519c0c\" data-element_type=\"widget\" data-e-type=\"widget\" data-widget_type=\"icon.default\">\n\t\t\t\t<div class=\"elementor-widget-container\">\n\t\t\t\t\t\t\t<div class=\"elementor-icon-wrapper\">\n\t\t\t<div class=\"elementor-icon\">\n\t\t\t<i aria-hidden=\"true\" class=\"fas fa-air-freshener\"><\/i>\t\t\t<\/div>\n\t\t<\/div>\n\t\t\t\t\t\t<\/div>\n\t\t\t\t<\/div>\n\t\t\t\t<div class=\"elementor-element elementor-element-34a01bc elementor-widget elementor-widget-heading\" data-id=\"34a01bc\" data-element_type=\"widget\" data-e-type=\"widget\" data-widget_type=\"heading.default\">\n\t\t\t\t<div class=\"elementor-widget-container\">\n\t\t\t\t\t<h2 class=\"elementor-heading-title elementor-size-default\">Solu\u00e7\u00f5es de refrigera\u00e7\u00e3o sustent\u00e1veis<\/h2>\t\t\t\t<\/div>\n\t\t\t\t<\/div>\n\t\t\t\t<div class=\"elementor-element elementor-element-b5b89fc elementor-widget elementor-widget-text-editor\" data-id=\"b5b89fc\" data-element_type=\"widget\" data-e-type=\"widget\" data-widget_type=\"text-editor.default\">\n\t\t\t\t<div class=\"elementor-widget-container\">\n\t\t\t\t\t\t\t\t\t<p>Ao integrar energias renov\u00e1veis, tecnologias de refrigera\u00e7\u00e3o avan\u00e7adas, sistemas de controlo inteligentes e armazenamento de energia t\u00e9rmica de ponta, a AGRI-COOL cria solu\u00e7\u00f5es de refrigera\u00e7\u00e3o escal\u00e1veis e em contentores que melhoram significativamente os processos p\u00f3s-colheita. Esta abordagem inovadora garante que os alimentos perec\u00edveis s\u00e3o preservados de forma eficaz, reduzindo o desperd\u00edcio e aumentando a efici\u00eancia da cadeia de abastecimento. <\/p>\t\t\t\t\t\t\t\t<\/div>\n\t\t\t\t<\/div>\n\t\t\t\t\t<\/div>\n\t\t<\/div>\n\t\t\t\t<div class=\"elementor-column elementor-col-33 elementor-inner-column elementor-element elementor-element-aa40b05 animated-slow elementor-invisible\" data-id=\"aa40b05\" data-element_type=\"column\" data-e-type=\"column\" data-settings=\"{&quot;background_background&quot;:&quot;classic&quot;,&quot;animation&quot;:&quot;fadeIn&quot;,&quot;animation_delay&quot;:1200}\">\n\t\t\t<div class=\"elementor-widget-wrap elementor-element-populated\">\n\t\t\t\t\t\t<div class=\"elementor-element elementor-element-49c7bca elementor-view-default elementor-widget elementor-widget-icon\" data-id=\"49c7bca\" data-element_type=\"widget\" data-e-type=\"widget\" data-widget_type=\"icon.default\">\n\t\t\t\t<div class=\"elementor-widget-container\">\n\t\t\t\t\t\t\t<div class=\"elementor-icon-wrapper\">\n\t\t\t<div class=\"elementor-icon\">\n\t\t\t<i aria-hidden=\"true\" class=\"fas fa-people-arrows\"><\/i>\t\t\t<\/div>\n\t\t<\/div>\n\t\t\t\t\t\t<\/div>\n\t\t\t\t<\/div>\n\t\t\t\t<div class=\"elementor-element elementor-element-d673686 elementor-widget elementor-widget-heading\" data-id=\"d673686\" data-element_type=\"widget\" data-e-type=\"widget\" data-widget_type=\"heading.default\">\n\t\t\t\t<div class=\"elementor-widget-container\">\n\t\t\t\t\t<h2 class=\"elementor-heading-title elementor-size-default\">Capacita\u00e7\u00e3o das comunidades locais<\/h2>\t\t\t\t<\/div>\n\t\t\t\t<\/div>\n\t\t\t\t<div class=\"elementor-element elementor-element-57b0759 elementor-widget elementor-widget-text-editor\" data-id=\"57b0759\" data-element_type=\"widget\" data-e-type=\"widget\" data-widget_type=\"text-editor.default\">\n\t\t\t\t<div class=\"elementor-widget-container\">\n\t\t\t\t\t\t\t\t\t<p>Para al\u00e9m de desenvolver sistemas de refrigera\u00e7\u00e3o alimentados por energia renov\u00e1vel, a AGRI-COOL pretende capacitar as ind\u00fastrias locais e os pequenos agricultores, tornando estas solu\u00e7\u00f5es acess\u00edveis e rent\u00e1veis. Atrav\u00e9s de projectos de demonstra\u00e7\u00e3o em diversas regi\u00f5es, incluindo a \u00c1frica do Sul, Cabo Verde, Som\u00e1lia e Zimbabu\u00e9, a iniciativa ir\u00e1 mostrar a adaptabilidade da sua tecnologia a v\u00e1rios climas e contextos agr\u00edcolas. <\/p>\t\t\t\t\t\t\t\t<\/div>\n\t\t\t\t<\/div>\n\t\t\t\t\t<\/div>\n\t\t<\/div>\n\t\t\t\t<div class=\"elementor-column elementor-col-33 elementor-inner-column elementor-element elementor-element-572c6ba animated-slow elementor-invisible\" data-id=\"572c6ba\" data-element_type=\"column\" data-e-type=\"column\" data-settings=\"{&quot;background_background&quot;:&quot;classic&quot;,&quot;animation&quot;:&quot;fadeIn&quot;,&quot;animation_delay&quot;:1500}\">\n\t\t\t<div class=\"elementor-widget-wrap elementor-element-populated\">\n\t\t\t\t\t\t<div class=\"elementor-element elementor-element-4622528 elementor-view-default elementor-widget elementor-widget-icon\" data-id=\"4622528\" data-element_type=\"widget\" data-e-type=\"widget\" data-widget_type=\"icon.default\">\n\t\t\t\t<div class=\"elementor-widget-container\">\n\t\t\t\t\t\t\t<div class=\"elementor-icon-wrapper\">\n\t\t\t<div class=\"elementor-icon\">\n\t\t\t<i aria-hidden=\"true\" class=\"icon icon-graph\"><\/i>\t\t\t<\/div>\n\t\t<\/div>\n\t\t\t\t\t\t<\/div>\n\t\t\t\t<\/div>\n\t\t\t\t<div class=\"elementor-element elementor-element-001eec2 elementor-widget elementor-widget-heading\" data-id=\"001eec2\" data-element_type=\"widget\" data-e-type=\"widget\" data-widget_type=\"heading.default\">\n\t\t\t\t<div class=\"elementor-widget-container\">\n\t\t\t\t\t<h2 class=\"elementor-heading-title elementor-size-default\">Medi\u00e7\u00e3o do impacto<\/h2>\t\t\t\t<\/div>\n\t\t\t\t<\/div>\n\t\t\t\t<div class=\"elementor-element elementor-element-c1a2bd0 elementor-widget elementor-widget-text-editor\" data-id=\"c1a2bd0\" data-element_type=\"widget\" data-e-type=\"widget\" data-widget_type=\"text-editor.default\">\n\t\t\t\t<div class=\"elementor-widget-container\">\n\t\t\t\t\t\t\t\t\t<p>O impacto do projeto ser\u00e1 avaliado atrav\u00e9s do sucesso da sua tecnologia de refrigera\u00e7\u00e3o inovadora, dos programas de forma\u00e7\u00e3o abrangentes e da abordagem estrat\u00e9gica \u00e0 entrada no mercado. Em \u00faltima an\u00e1lise, o AGRI-COOL procura aumentar a seguran\u00e7a alimentar, reduzir o desperd\u00edcio alimentar e impulsionar o crescimento econ\u00f3mico no sector agr\u00edcola africano, promovendo simultaneamente a sustentabilidade e a resili\u00eancia. <\/p>\t\t\t\t\t\t\t\t<\/div>\n\t\t\t\t<\/div>\n\t\t\t\t\t<\/div>\n\t\t<\/div>\n\t\t\t\t\t<\/div>\n\t\t<\/section>\n\t\t\t\t\t<\/div>\n\t\t<\/div>\n\t\t\t\t\t<\/div>\n\t\t<\/section>\n\t\t<div class=\"elementor-element elementor-element-8e2d7ac e-flex e-con-boxed e-con e-parent\" data-id=\"8e2d7ac\" data-element_type=\"container\" data-e-type=\"container\">\n\t\t\t\t\t<div class=\"e-con-inner\">\n\t\t\t\t<div class=\"elementor-element elementor-element-624fe23 elementor-widget elementor-widget-video\" data-id=\"624fe23\" data-element_type=\"widget\" data-e-type=\"widget\" data-settings=\"{&quot;youtube_url&quot;:&quot;https:\\\/\\\/www.youtube.com\\\/watch?v=mjExgBj0bM0&amp;pp=0gcJCZQKAYcqIYzv&quot;,&quot;video_type&quot;:&quot;youtube&quot;,&quot;controls&quot;:&quot;yes&quot;}\" data-widget_type=\"video.default\">\n\t\t\t\t<div class=\"elementor-widget-container\">\n\t\t\t\t\t\t\t<div class=\"elementor-wrapper elementor-open-inline\">\n\t\t\t<div class=\"elementor-video\"><\/div>\t\t<\/div>\n\t\t\t\t\t\t<\/div>\n\t\t\t\t<\/div>\n\t\t\t\t\t<\/div>\n\t\t\t\t<\/div>\n\t\t\t\t<\/div>\n\t\t","protected":false},"excerpt":{"rendered":"<p>AGRI-COOL O AGRI-COOL \u00e9 um projeto inovador concebido para fazer face a desafios agr\u00edcolas cr\u00edticos em \u00c1frica. Esta iniciativa oferece uma solu\u00e7\u00e3o rent\u00e1vel e sustent\u00e1vel para combater o desperd\u00edcio alimentar, aumentar a seguran\u00e7a alimentar e reduzir os impactos das altera\u00e7\u00f5es clim\u00e1ticas. Solu\u00e7\u00f5es de refrigera\u00e7\u00e3o sustent\u00e1veis Ao integrar energias renov\u00e1veis, tecnologias de refrigera\u00e7\u00e3o avan\u00e7adas, sistemas de [&hellip;]<\/p>\n","protected":false},"author":2,"featured_media":0,"parent":0,"menu_order":0,"comment_status":"closed","ping_status":"closed","template":"elementor_header_footer","meta":{"footnotes":""},"class_list":["post-1147","page","type-page","status-publish","hentry"],"yoast_head":"<!-- This site is optimized with the Yoast SEO plugin v27.3 - https:\/\/yoast.com\/product\/yoast-seo-wordpress\/ -->\n<title>Sobre Agri-Cool: Vis\u00e3o geral do projeto e objectivos para uma agricultura sustent\u00e1vel<\/title>\n<meta name=\"description\" content=\"Descobre o projeto Agri-Cool: solu\u00e7\u00f5es agr\u00edcolas sustent\u00e1veis com sistemas inovadores de armazenamento e refrigera\u00e7\u00e3o para as comunidades rurais africanas.\" \/>\n<meta name=\"robots\" content=\"index, follow, max-snippet:-1, max-image-preview:large, max-video-preview:-1\" \/>\n<link rel=\"canonical\" href=\"https:\/\/agri-cool.eu\/pt-pt\/sobre-o-projeto\/\" \/>\n<meta property=\"og:locale\" content=\"pt_PT\" \/>\n<meta property=\"og:type\" content=\"article\" \/>\n<meta property=\"og:title\" content=\"Sobre Agri-Cool: Vis\u00e3o geral do projeto e objectivos para uma agricultura sustent\u00e1vel\" \/>\n<meta property=\"og:description\" content=\"Descobre o projeto Agri-Cool: solu\u00e7\u00f5es agr\u00edcolas sustent\u00e1veis com sistemas inovadores de armazenamento e refrigera\u00e7\u00e3o para as comunidades rurais africanas.\" \/>\n<meta property=\"og:url\" content=\"https:\/\/agri-cool.eu\/pt-pt\/sobre-o-projeto\/\" \/>\n<meta property=\"og:site_name\" content=\"AGRI COOL\" \/>\n<meta property=\"article:modified_time\" content=\"2026-02-10T15:28:29+00:00\" \/>\n<meta property=\"og:image\" content=\"https:\/\/agri-cool.eu\/wp-content\/uploads\/2024\/10\/IMG_2717-1024x597.jpeg\" \/>\n\t<meta property=\"og:image:width\" content=\"1024\" \/>\n\t<meta property=\"og:image:height\" content=\"597\" \/>\n\t<meta property=\"og:image:type\" content=\"image\/jpeg\" \/>\n<meta name=\"twitter:card\" content=\"summary_large_image\" \/>\n<meta name=\"twitter:label1\" content=\"Tempo estimado de leitura\" \/>\n\t<meta name=\"twitter:data1\" content=\"1 minuto\" \/>\n<script type=\"application\/ld+json\" class=\"yoast-schema-graph\">{\"@context\":\"https:\\\/\\\/schema.org\",\"@graph\":[{\"@type\":\"WebPage\",\"@id\":\"https:\\\/\\\/agri-cool.eu\\\/pt-pt\\\/sobre-o-projeto\\\/\",\"url\":\"https:\\\/\\\/agri-cool.eu\\\/pt-pt\\\/sobre-o-projeto\\\/\",\"name\":\"Sobre Agri-Cool: Vis\u00e3o geral do projeto e objectivos para uma agricultura sustent\u00e1vel\",\"isPartOf\":{\"@id\":\"https:\\\/\\\/agri-cool.eu\\\/#website\"},\"primaryImageOfPage\":{\"@id\":\"https:\\\/\\\/agri-cool.eu\\\/pt-pt\\\/sobre-o-projeto\\\/#primaryimage\"},\"image\":{\"@id\":\"https:\\\/\\\/agri-cool.eu\\\/pt-pt\\\/sobre-o-projeto\\\/#primaryimage\"},\"thumbnailUrl\":\"https:\\\/\\\/agri-cool.eu\\\/wp-content\\\/uploads\\\/2024\\\/10\\\/IMG_2717.jpeg\",\"datePublished\":\"2024-08-10T09:37:34+00:00\",\"dateModified\":\"2026-02-10T15:28:29+00:00\",\"description\":\"Descobre o projeto Agri-Cool: solu\u00e7\u00f5es agr\u00edcolas sustent\u00e1veis com sistemas inovadores de armazenamento e refrigera\u00e7\u00e3o para as comunidades rurais africanas.\",\"breadcrumb\":{\"@id\":\"https:\\\/\\\/agri-cool.eu\\\/pt-pt\\\/sobre-o-projeto\\\/#breadcrumb\"},\"inLanguage\":\"pt-PT\",\"potentialAction\":[{\"@type\":\"ReadAction\",\"target\":[\"https:\\\/\\\/agri-cool.eu\\\/pt-pt\\\/sobre-o-projeto\\\/\"]}]},{\"@type\":\"ImageObject\",\"inLanguage\":\"pt-PT\",\"@id\":\"https:\\\/\\\/agri-cool.eu\\\/pt-pt\\\/sobre-o-projeto\\\/#primaryimage\",\"url\":\"https:\\\/\\\/agri-cool.eu\\\/wp-content\\\/uploads\\\/2024\\\/10\\\/IMG_2717.jpeg\",\"contentUrl\":\"https:\\\/\\\/agri-cool.eu\\\/wp-content\\\/uploads\\\/2024\\\/10\\\/IMG_2717.jpeg\"},{\"@type\":\"BreadcrumbList\",\"@id\":\"https:\\\/\\\/agri-cool.eu\\\/pt-pt\\\/sobre-o-projeto\\\/#breadcrumb\",\"itemListElement\":[{\"@type\":\"ListItem\",\"position\":1,\"name\":\"Home\",\"item\":\"https:\\\/\\\/agri-cool.eu\\\/pt-pt\\\/casa\\\/\"},{\"@type\":\"ListItem\",\"position\":2,\"name\":\"Sobre o projeto\"}]},{\"@type\":\"WebSite\",\"@id\":\"https:\\\/\\\/agri-cool.eu\\\/#website\",\"url\":\"https:\\\/\\\/agri-cool.eu\\\/\",\"name\":\"AGRI COOL\",\"description\":\"\",\"potentialAction\":[{\"@type\":\"SearchAction\",\"target\":{\"@type\":\"EntryPoint\",\"urlTemplate\":\"https:\\\/\\\/agri-cool.eu\\\/?s={search_term_string}\"},\"query-input\":{\"@type\":\"PropertyValueSpecification\",\"valueRequired\":true,\"valueName\":\"search_term_string\"}}],\"inLanguage\":\"pt-PT\"}]}<\/script>\n<!-- \/ Yoast SEO plugin. -->","yoast_head_json":{"title":"Sobre Agri-Cool: Vis\u00e3o geral do projeto e objectivos para uma agricultura sustent\u00e1vel","description":"Descobre o projeto Agri-Cool: solu\u00e7\u00f5es agr\u00edcolas sustent\u00e1veis com sistemas inovadores de armazenamento e refrigera\u00e7\u00e3o para as comunidades rurais africanas.","robots":{"index":"index","follow":"follow","max-snippet":"max-snippet:-1","max-image-preview":"max-image-preview:large","max-video-preview":"max-video-preview:-1"},"canonical":"https:\/\/agri-cool.eu\/pt-pt\/sobre-o-projeto\/","og_locale":"pt_PT","og_type":"article","og_title":"Sobre Agri-Cool: Vis\u00e3o geral do projeto e objectivos para uma agricultura sustent\u00e1vel","og_description":"Descobre o projeto Agri-Cool: solu\u00e7\u00f5es agr\u00edcolas sustent\u00e1veis com sistemas inovadores de armazenamento e refrigera\u00e7\u00e3o para as comunidades rurais africanas.","og_url":"https:\/\/agri-cool.eu\/pt-pt\/sobre-o-projeto\/","og_site_name":"AGRI COOL","article_modified_time":"2026-02-10T15:28:29+00:00","og_image":[{"width":1024,"height":597,"url":"https:\/\/agri-cool.eu\/wp-content\/uploads\/2024\/10\/IMG_2717-1024x597.jpeg","type":"image\/jpeg"}],"twitter_card":"summary_large_image","twitter_misc":{"Tempo estimado de leitura":"1 minuto"},"schema":{"@context":"https:\/\/schema.org","@graph":[{"@type":"WebPage","@id":"https:\/\/agri-cool.eu\/pt-pt\/sobre-o-projeto\/","url":"https:\/\/agri-cool.eu\/pt-pt\/sobre-o-projeto\/","name":"Sobre Agri-Cool: Vis\u00e3o geral do projeto e objectivos para uma agricultura sustent\u00e1vel","isPartOf":{"@id":"https:\/\/agri-cool.eu\/#website"},"primaryImageOfPage":{"@id":"https:\/\/agri-cool.eu\/pt-pt\/sobre-o-projeto\/#primaryimage"},"image":{"@id":"https:\/\/agri-cool.eu\/pt-pt\/sobre-o-projeto\/#primaryimage"},"thumbnailUrl":"https:\/\/agri-cool.eu\/wp-content\/uploads\/2024\/10\/IMG_2717.jpeg","datePublished":"2024-08-10T09:37:34+00:00","dateModified":"2026-02-10T15:28:29+00:00","description":"Descobre o projeto Agri-Cool: solu\u00e7\u00f5es agr\u00edcolas sustent\u00e1veis com sistemas inovadores de armazenamento e refrigera\u00e7\u00e3o para as comunidades rurais africanas.","breadcrumb":{"@id":"https:\/\/agri-cool.eu\/pt-pt\/sobre-o-projeto\/#breadcrumb"},"inLanguage":"pt-PT","potentialAction":[{"@type":"ReadAction","target":["https:\/\/agri-cool.eu\/pt-pt\/sobre-o-projeto\/"]}]},{"@type":"ImageObject","inLanguage":"pt-PT","@id":"https:\/\/agri-cool.eu\/pt-pt\/sobre-o-projeto\/#primaryimage","url":"https:\/\/agri-cool.eu\/wp-content\/uploads\/2024\/10\/IMG_2717.jpeg","contentUrl":"https:\/\/agri-cool.eu\/wp-content\/uploads\/2024\/10\/IMG_2717.jpeg"},{"@type":"BreadcrumbList","@id":"https:\/\/agri-cool.eu\/pt-pt\/sobre-o-projeto\/#breadcrumb","itemListElement":[{"@type":"ListItem","position":1,"name":"Home","item":"https:\/\/agri-cool.eu\/pt-pt\/casa\/"},{"@type":"ListItem","position":2,"name":"Sobre o projeto"}]},{"@type":"WebSite","@id":"https:\/\/agri-cool.eu\/#website","url":"https:\/\/agri-cool.eu\/","name":"AGRI COOL","description":"","potentialAction":[{"@type":"SearchAction","target":{"@type":"EntryPoint","urlTemplate":"https:\/\/agri-cool.eu\/?s={search_term_string}"},"query-input":{"@type":"PropertyValueSpecification","valueRequired":true,"valueName":"search_term_string"}}],"inLanguage":"pt-PT"}]}},"_links":{"self":[{"href":"https:\/\/agri-cool.eu\/pt-pt\/wp-json\/wp\/v2\/pages\/1147","targetHints":{"allow":["GET"]}}],"collection":[{"href":"https:\/\/agri-cool.eu\/pt-pt\/wp-json\/wp\/v2\/pages"}],"about":[{"href":"https:\/\/agri-cool.eu\/pt-pt\/wp-json\/wp\/v2\/types\/page"}],"author":[{"embeddable":true,"href":"https:\/\/agri-cool.eu\/pt-pt\/wp-json\/wp\/v2\/users\/2"}],"replies":[{"embeddable":true,"href":"https:\/\/agri-cool.eu\/pt-pt\/wp-json\/wp\/v2\/comments?post=1147"}],"version-history":[{"count":4,"href":"https:\/\/agri-cool.eu\/pt-pt\/wp-json\/wp\/v2\/pages\/1147\/revisions"}],"predecessor-version":[{"id":2206,"href":"https:\/\/agri-cool.eu\/pt-pt\/wp-json\/wp\/v2\/pages\/1147\/revisions\/2206"}],"wp:attachment":[{"href":"https:\/\/agri-cool.eu\/pt-pt\/wp-json\/wp\/v2\/media?parent=1147"}],"curies":[{"name":"wp","href":"https:\/\/api.w.org\/{rel}","templated":true}]}}