{"id":1315,"date":"2024-12-14T07:14:08","date_gmt":"2024-12-14T06:14:08","guid":{"rendered":"https:\/\/agri-cool.eu\/?page_id=1315"},"modified":"2024-12-19T15:13:04","modified_gmt":"2024-12-19T14:13:04","slug":"a-propos-du-projet-2","status":"publish","type":"page","link":"https:\/\/agri-cool.eu\/fr\/a-propos-du-projet-2\/","title":{"rendered":"L&rsquo;initiative du groupe d&rsquo;\u00e9change de savoir-faire"},"content":{"rendered":"\t\t<div data-elementor-type=\"wp-page\" data-elementor-id=\"1315\" class=\"elementor elementor-1315 elementor-1314\" data-elementor-post-type=\"page\">\n\t\t\t\t\t\t<section class=\"elementor-section elementor-top-section elementor-element elementor-element-1a1f9ca elementor-section-boxed elementor-section-height-default elementor-section-height-default\" data-id=\"1a1f9ca\" data-element_type=\"section\" data-e-type=\"section\" data-settings=\"{&quot;background_background&quot;:&quot;classic&quot;}\">\n\t\t\t\t\t\t\t<div class=\"elementor-background-overlay\"><\/div>\n\t\t\t\t\t\t\t<div class=\"elementor-container elementor-column-gap-default\">\n\t\t\t\t\t<div class=\"elementor-column elementor-col-100 elementor-top-column elementor-element elementor-element-8e30542\" data-id=\"8e30542\" data-element_type=\"column\" data-e-type=\"column\">\n\t\t\t<div class=\"elementor-widget-wrap elementor-element-populated\">\n\t\t\t\t\t\t<div class=\"elementor-element elementor-element-be42ac5 elementor-widget elementor-widget-heading\" data-id=\"be42ac5\" data-element_type=\"widget\" data-e-type=\"widget\" data-widget_type=\"heading.default\">\n\t\t\t\t<div class=\"elementor-widget-container\">\n\t\t\t\t\t<h1 class=\"elementor-heading-title elementor-size-default\">L&rsquo;initiative du groupe d&rsquo;\u00e9change de savoir-faire<\/h1>\t\t\t\t<\/div>\n\t\t\t\t<\/div>\n\t\t\t\t\t<\/div>\n\t\t<\/div>\n\t\t\t\t\t<\/div>\n\t\t<\/section>\n\t\t\t\t<section class=\"elementor-section elementor-top-section elementor-element elementor-element-d578536 elementor-section-boxed elementor-section-height-default elementor-section-height-default\" data-id=\"d578536\" data-element_type=\"section\" data-e-type=\"section\">\n\t\t\t\t\t\t<div class=\"elementor-container elementor-column-gap-default\">\n\t\t\t\t\t<div class=\"elementor-column elementor-col-50 elementor-top-column elementor-element elementor-element-3b4376b\" data-id=\"3b4376b\" data-element_type=\"column\" data-e-type=\"column\">\n\t\t\t<div class=\"elementor-widget-wrap elementor-element-populated\">\n\t\t\t\t\t\t<div class=\"elementor-element elementor-element-86b838d elementor-widget elementor-widget-image\" data-id=\"86b838d\" data-element_type=\"widget\" data-e-type=\"widget\" data-widget_type=\"image.default\">\n\t\t\t\t<div class=\"elementor-widget-container\">\n\t\t\t\t\t\t\t\t\t\t\t\t\t\t\t<img fetchpriority=\"high\" decoding=\"async\" width=\"1600\" height=\"1067\" src=\"https:\/\/agri-cool.eu\/wp-content\/uploads\/2024\/12\/emb60hnhfl8.jpg\" class=\"attachment-full size-full wp-image-1330\" alt=\"\" srcset=\"https:\/\/agri-cool.eu\/wp-content\/uploads\/2024\/12\/emb60hnhfl8.jpg 1600w, https:\/\/agri-cool.eu\/wp-content\/uploads\/2024\/12\/emb60hnhfl8-300x200.jpg 300w, https:\/\/agri-cool.eu\/wp-content\/uploads\/2024\/12\/emb60hnhfl8-1024x683.jpg 1024w, https:\/\/agri-cool.eu\/wp-content\/uploads\/2024\/12\/emb60hnhfl8-768x512.jpg 768w, https:\/\/agri-cool.eu\/wp-content\/uploads\/2024\/12\/emb60hnhfl8-391x260.jpg 391w, https:\/\/agri-cool.eu\/wp-content\/uploads\/2024\/12\/emb60hnhfl8-1536x1024.jpg 1536w\" sizes=\"(max-width: 1600px) 100vw, 1600px\" \/>\t\t\t\t\t\t\t\t\t\t\t\t\t\t\t<\/div>\n\t\t\t\t<\/div>\n\t\t\t\t\t<\/div>\n\t\t<\/div>\n\t\t\t\t<div class=\"elementor-column elementor-col-50 elementor-top-column elementor-element elementor-element-1884294\" data-id=\"1884294\" data-element_type=\"column\" data-e-type=\"column\">\n\t\t\t<div class=\"elementor-widget-wrap elementor-element-populated\">\n\t\t\t\t\t\t<div class=\"elementor-element elementor-element-575e9d1 elementor-widget-divider--view-line elementor-widget elementor-widget-divider\" data-id=\"575e9d1\" data-element_type=\"widget\" data-e-type=\"widget\" data-widget_type=\"divider.default\">\n\t\t\t\t<div class=\"elementor-widget-container\">\n\t\t\t\t\t\t\t<div class=\"elementor-divider\">\n\t\t\t<span class=\"elementor-divider-separator\">\n\t\t\t\t\t\t<\/span>\n\t\t<\/div>\n\t\t\t\t\t\t<\/div>\n\t\t\t\t<\/div>\n\t\t\t\t<div class=\"elementor-element elementor-element-8cec863 elementor-widget elementor-widget-text-editor\" data-id=\"8cec863\" data-element_type=\"widget\" data-e-type=\"widget\" data-widget_type=\"text-editor.default\">\n\t\t\t\t<div class=\"elementor-widget-container\">\n\t\t\t\t\t\t\t\t\t<p><span style=\"color: #35a4cf;\"><strong>Le groupe d&rsquo;\u00e9change de savoir-faire<\/strong><\/span> rassemble un groupe diversifi\u00e9 d&rsquo;experts et de parties prenantes, y compris des membres de l&rsquo;industrie, de la communaut\u00e9 universitaire et de projets connexes. Cette initiative favorise l&rsquo;\u00e9change d&rsquo;informations et d&rsquo;exp\u00e9riences, la compr\u00e9hension mutuelle et la formulation d&rsquo;objectifs communs qui s&rsquo;inscrivent dans la mission d&rsquo;AGRI-COOL de promouvoir des solutions durables pour les communaut\u00e9s rurales. <\/p>\n<p>En impliquant un large \u00e9ventail de parties prenantes, le groupe fournit une plateforme pour discuter des avanc\u00e9es techniques, explorer de nouvelles opportunit\u00e9s et identifier les d\u00e9fis qui peuvent avoir un impact sur la r\u00e9alisation des objectifs du projet et de ses membres.<\/p>\n<p>Gr\u00e2ce \u00e0 des r\u00e9unions virtuelles et hybrides r\u00e9guli\u00e8res, le groupe d&rsquo;\u00e9change de savoir-faire participe activement \u00e0 des t\u00e2ches cl\u00e9s telles que le renforcement des capacit\u00e9s, l&rsquo;engagement sur le march\u00e9 et la diffusion strat\u00e9gique. Ces r\u00e9unions sont coordonn\u00e9es avec l&rsquo;avancement du projet et sont occasionnellement programm\u00e9es avec des ateliers et des \u00e9v\u00e9nements afin de maximiser l&rsquo;impact et la participation. Le groupe se concentre \u00e9galement sur l&rsquo;\u00e9tablissement de liens avec les parties prenantes locales et collabore avec d&rsquo;autres projets pertinents afin de favoriser un r\u00e9seau dynamique de solutions durables et innovantes pour le secteur agricole en Afrique.  <\/p>\n\t\t\t\t\t\t\t\t<\/div>\n\t\t\t\t<\/div>\n\t\t\t\t\t<\/div>\n\t\t<\/div>\n\t\t\t\t\t<\/div>\n\t\t<\/section>\n\t\t\t\t<section class=\"elementor-section elementor-top-section elementor-element elementor-element-a7755d2 elementor-section-boxed elementor-section-height-default elementor-section-height-default\" data-id=\"a7755d2\" data-element_type=\"section\" data-e-type=\"section\">\n\t\t\t\t\t\t<div class=\"elementor-container elementor-column-gap-default\">\n\t\t\t\t\t<div class=\"elementor-column elementor-col-100 elementor-top-column elementor-element elementor-element-0abc0a6\" data-id=\"0abc0a6\" data-element_type=\"column\" data-e-type=\"column\">\n\t\t\t<div class=\"elementor-widget-wrap elementor-element-populated\">\n\t\t\t\t\t\t<section class=\"elementor-section elementor-inner-section elementor-element elementor-element-b1c3283 elementor-section-full_width elementor-section-height-default elementor-section-height-default\" data-id=\"b1c3283\" data-element_type=\"section\" data-e-type=\"section\">\n\t\t\t\t\t\t<div class=\"elementor-container elementor-column-gap-default\">\n\t\t\t\t\t<div class=\"elementor-column elementor-col-33 elementor-inner-column elementor-element elementor-element-b6e6d01 animated-slow elementor-invisible\" data-id=\"b6e6d01\" data-element_type=\"column\" data-e-type=\"column\" data-settings=\"{&quot;background_background&quot;:&quot;classic&quot;,&quot;animation&quot;:&quot;fadeIn&quot;,&quot;animation_delay&quot;:900}\">\n\t\t\t<div class=\"elementor-widget-wrap\">\n\t\t\t\t\t\t\t<\/div>\n\t\t<\/div>\n\t\t\t\t<div class=\"elementor-column elementor-col-33 elementor-inner-column elementor-element elementor-element-aa40b05 animated-slow elementor-invisible\" data-id=\"aa40b05\" data-element_type=\"column\" data-e-type=\"column\" data-settings=\"{&quot;background_background&quot;:&quot;classic&quot;,&quot;animation&quot;:&quot;fadeIn&quot;,&quot;animation_delay&quot;:1200}\">\n\t\t\t<div class=\"elementor-widget-wrap elementor-element-populated\">\n\t\t\t\t\t\t<div class=\"elementor-element elementor-element-49c7bca elementor-view-default elementor-widget elementor-widget-icon\" data-id=\"49c7bca\" data-element_type=\"widget\" data-e-type=\"widget\" data-widget_type=\"icon.default\">\n\t\t\t\t<div class=\"elementor-widget-container\">\n\t\t\t\t\t\t\t<div class=\"elementor-icon-wrapper\">\n\t\t\t<div class=\"elementor-icon\">\n\t\t\t<i aria-hidden=\"true\" class=\"fas fa-mail-bulk\"><\/i>\t\t\t<\/div>\n\t\t<\/div>\n\t\t\t\t\t\t<\/div>\n\t\t\t\t<\/div>\n\t\t<div class=\"elementor-element elementor-element-8389080 e-con-full e-flex e-con e-child\" data-id=\"8389080\" data-element_type=\"container\" data-e-type=\"container\" data-settings=\"{&quot;background_background&quot;:&quot;classic&quot;}\">\n\t\t\t\t<div class=\"elementor-element elementor-element-8c08e0e elementor-widget__width-inherit elementor-button-align-stretch elementor-widget elementor-widget-form\" data-id=\"8c08e0e\" data-element_type=\"widget\" data-e-type=\"widget\" data-settings=\"{&quot;step_next_label&quot;:&quot;Suivant&quot;,&quot;step_previous_label&quot;:&quot;Pr\\u00e9c\\u00e9dent&quot;,&quot;button_width&quot;:&quot;100&quot;,&quot;step_type&quot;:&quot;number_text&quot;,&quot;step_icon_shape&quot;:&quot;circle&quot;}\" data-widget_type=\"form.default\">\n\t\t\t\t<div class=\"elementor-widget-container\">\n\t\t\t\t\t\t\t<form class=\"elementor-form\" method=\"post\" name=\"Nouveau formulaire\" aria-label=\"Nouveau formulaire\">\n\t\t\t<input type=\"hidden\" name=\"post_id\" value=\"1315\"\/>\n\t\t\t<input type=\"hidden\" name=\"form_id\" value=\"8c08e0e\"\/>\n\t\t\t<input type=\"hidden\" name=\"referer_title\" value=\"L&#039;initiative du groupe d&#039;\u00e9change de savoir-faire - AGRI COOL\" \/>\n\n\t\t\t\t\t\t\t<input type=\"hidden\" name=\"queried_id\" value=\"1315\"\/>\n\t\t\t\n\t\t\t<div class=\"elementor-form-fields-wrapper elementor-labels-\">\n\t\t\t\t\t\t\t\t<div class=\"elementor-field-type-text elementor-field-group elementor-column elementor-field-group-name elementor-col-50 elementor-field-required\">\n\t\t\t\t\t\t\t\t\t\t\t\t<label for=\"form-field-name\" class=\"elementor-field-label elementor-screen-only\">\n\t\t\t\t\t\t\t\tPr\u00e9nom\t\t\t\t\t\t\t<\/label>\n\t\t\t\t\t\t\t\t\t\t\t\t\t\t<input size=\"1\" type=\"text\" name=\"form_fields[name]\" id=\"form-field-name\" class=\"elementor-field elementor-size-sm  elementor-field-textual\" placeholder=\"Pr\u00e9nom\" required=\"required\">\n\t\t\t\t\t\t\t\t\t\t\t<\/div>\n\t\t\t\t\t\t\t\t<div class=\"elementor-field-type-text elementor-field-group elementor-column elementor-field-group-field_580ecb6 elementor-col-50 elementor-field-required\">\n\t\t\t\t\t\t\t\t\t\t\t\t<label for=\"form-field-field_580ecb6\" class=\"elementor-field-label elementor-screen-only\">\n\t\t\t\t\t\t\t\tNom de famille\t\t\t\t\t\t\t<\/label>\n\t\t\t\t\t\t\t\t\t\t\t\t\t\t<input size=\"1\" type=\"text\" name=\"form_fields[field_580ecb6]\" id=\"form-field-field_580ecb6\" class=\"elementor-field elementor-size-sm  elementor-field-textual\" placeholder=\"Nom de famille\" required=\"required\">\n\t\t\t\t\t\t\t\t\t\t\t<\/div>\n\t\t\t\t\t\t\t\t<div class=\"elementor-field-type-text elementor-field-group elementor-column elementor-field-group-field_8ff9027 elementor-col-100 elementor-field-required\">\n\t\t\t\t\t\t\t\t\t\t\t\t<label for=\"form-field-field_8ff9027\" class=\"elementor-field-label elementor-screen-only\">\n\t\t\t\t\t\t\t\tVotre organisation\t\t\t\t\t\t\t<\/label>\n\t\t\t\t\t\t\t\t\t\t\t\t\t\t<input size=\"1\" type=\"text\" name=\"form_fields[field_8ff9027]\" id=\"form-field-field_8ff9027\" class=\"elementor-field elementor-size-sm  elementor-field-textual\" placeholder=\"Votre organisation\" required=\"required\">\n\t\t\t\t\t\t\t\t\t\t\t<\/div>\n\t\t\t\t\t\t\t\t<div class=\"elementor-field-type-text elementor-field-group elementor-column elementor-field-group-field_24b3049 elementor-col-100 elementor-field-required\">\n\t\t\t\t\t\t\t\t\t\t\t\t<label for=\"form-field-field_24b3049\" class=\"elementor-field-label elementor-screen-only\">\n\t\t\t\t\t\t\t\tVotre domaine d'expertise\/int\u00e9r\u00eat\t\t\t\t\t\t\t<\/label>\n\t\t\t\t\t\t\t\t\t\t\t\t\t\t<input size=\"1\" type=\"text\" name=\"form_fields[field_24b3049]\" id=\"form-field-field_24b3049\" class=\"elementor-field elementor-size-sm  elementor-field-textual\" placeholder=\"Votre domaine d&#039;expertise\/int\u00e9r\u00eat\" required=\"required\">\n\t\t\t\t\t\t\t\t\t\t\t<\/div>\n\t\t\t\t\t\t\t\t<div class=\"elementor-field-type-email elementor-field-group elementor-column elementor-field-group-email elementor-col-100 elementor-field-required\">\n\t\t\t\t\t\t\t\t\t\t\t\t<label for=\"form-field-email\" class=\"elementor-field-label elementor-screen-only\">\n\t\t\t\t\t\t\t\tCourrier \u00e9lectronique\t\t\t\t\t\t\t<\/label>\n\t\t\t\t\t\t\t\t\t\t\t\t\t\t<input size=\"1\" type=\"email\" name=\"form_fields[email]\" id=\"form-field-email\" class=\"elementor-field elementor-size-sm  elementor-field-textual\" placeholder=\"Courrier \u00e9lectronique\" required=\"required\">\n\t\t\t\t\t\t\t\t\t\t\t<\/div>\n\t\t\t\t\t\t\t\t<div class=\"elementor-field-type-textarea elementor-field-group elementor-column elementor-field-group-message elementor-col-100\">\n\t\t\t\t\t\t\t\t\t\t\t\t<label for=\"form-field-message\" class=\"elementor-field-label elementor-screen-only\">\n\t\t\t\t\t\t\t\tMessage\t\t\t\t\t\t\t<\/label>\n\t\t\t\t\t\t<textarea class=\"elementor-field-textual elementor-field  elementor-size-sm\" name=\"form_fields[message]\" id=\"form-field-message\" rows=\"4\" placeholder=\"Message\"><\/textarea>\t\t\t\t<\/div>\n\t\t\t\t\t\t\t\t<div class=\"elementor-field-type-recaptcha_v3 elementor-field-group elementor-column elementor-field-group-field_47c8ca9 elementor-col-100 recaptcha_v3-bottomright\">\n\t\t\t\t\t<div class=\"elementor-field\" id=\"form-field-field_47c8ca9\"><div class=\"elementor-g-recaptcha\" data-sitekey=\"6Le014UqAAAAABgFf8vJjGSt5me99t9dZYcOjhXt\" data-type=\"v3\" data-action=\"Form\" data-badge=\"bottomright\" data-size=\"invisible\"><\/div><\/div>\t\t\t\t<\/div>\n\t\t\t\t\t\t\t\t<div class=\"elementor-field-group elementor-column elementor-field-type-submit elementor-col-100 e-form__buttons\">\n\t\t\t\t\t<button class=\"elementor-button elementor-size-sm\" type=\"submit\">\n\t\t\t\t\t\t<span class=\"elementor-button-content-wrapper\">\n\t\t\t\t\t\t\t\t\t\t\t\t\t\t\t\t\t\t\t\t\t\t<span class=\"elementor-button-text\">Envoyer<\/span>\n\t\t\t\t\t\t\t\t\t\t\t\t\t<\/span>\n\t\t\t\t\t<\/button>\n\t\t\t\t<\/div>\n\t\t\t<\/div>\n\t\t<\/form>\n\t\t\t\t\t\t<\/div>\n\t\t\t\t<\/div>\n\t\t\t\t<\/div>\n\t\t\t\t\t<\/div>\n\t\t<\/div>\n\t\t\t\t<div class=\"elementor-column elementor-col-33 elementor-inner-column elementor-element elementor-element-572c6ba animated-slow elementor-invisible\" data-id=\"572c6ba\" data-element_type=\"column\" data-e-type=\"column\" data-settings=\"{&quot;background_background&quot;:&quot;classic&quot;,&quot;animation&quot;:&quot;fadeIn&quot;,&quot;animation_delay&quot;:1500}\">\n\t\t\t<div class=\"elementor-widget-wrap\">\n\t\t\t\t\t\t\t<\/div>\n\t\t<\/div>\n\t\t\t\t\t<\/div>\n\t\t<\/section>\n\t\t\t\t\t<\/div>\n\t\t<\/div>\n\t\t\t\t\t<\/div>\n\t\t<\/section>\n\t\t\t\t<\/div>\n\t\t","protected":false},"excerpt":{"rendered":"<p>Le groupe d&rsquo;\u00e9change de savoir-faire rassemble un groupe diversifi\u00e9 d&rsquo;experts et de parties prenantes, y compris des membres de l&rsquo;industrie, de la communaut\u00e9 universitaire et de projets connexes. Cette initiative favorise l&rsquo;\u00e9change d&rsquo;informations et d&rsquo;exp\u00e9riences, la compr\u00e9hension mutuelle et la formulation d&rsquo;objectifs communs qui s&rsquo;inscrivent dans la mission d&rsquo;AGRI-COOL de promouvoir des solutions durables pour [&hellip;]<\/p>\n","protected":false},"author":1,"featured_media":0,"parent":0,"menu_order":0,"comment_status":"closed","ping_status":"closed","template":"elementor_header_footer","meta":{"footnotes":""},"class_list":["post-1315","page","type-page","status-publish","hentry"],"yoast_head":"<!-- This site is optimized with the Yoast SEO plugin v27.3 - https:\/\/yoast.com\/product\/yoast-seo-wordpress\/ -->\n<title>L&#039;initiative du groupe d&#039;\u00e9change de savoir-faire - AGRI COOL<\/title>\n<meta name=\"robots\" content=\"index, follow, max-snippet:-1, max-image-preview:large, max-video-preview:-1\" \/>\n<link rel=\"canonical\" href=\"https:\/\/agri-cool.eu\/the-know-how-exchange-group-initiative\/\" \/>\n<meta property=\"og:locale\" content=\"fr_FR\" \/>\n<meta property=\"og:type\" content=\"article\" \/>\n<meta property=\"og:title\" content=\"L&#039;initiative du groupe d&#039;\u00e9change de savoir-faire - AGRI COOL\" \/>\n<meta property=\"og:description\" content=\"Le groupe d&rsquo;\u00e9change de savoir-faire rassemble un groupe diversifi\u00e9 d&rsquo;experts et de parties prenantes, y compris des membres de l&rsquo;industrie, de la communaut\u00e9 universitaire et de projets connexes. Cette initiative favorise l&rsquo;\u00e9change d&rsquo;informations et d&rsquo;exp\u00e9riences, la compr\u00e9hension mutuelle et la formulation d&rsquo;objectifs communs qui s&rsquo;inscrivent dans la mission d&rsquo;AGRI-COOL de promouvoir des solutions durables pour [&hellip;]\" \/>\n<meta property=\"og:url\" content=\"https:\/\/agri-cool.eu\/the-know-how-exchange-group-initiative\/\" \/>\n<meta property=\"og:site_name\" content=\"AGRI COOL\" \/>\n<meta property=\"article:modified_time\" content=\"2024-12-19T14:13:04+00:00\" \/>\n<meta property=\"og:image\" content=\"https:\/\/agri-cool.eu\/wp-content\/uploads\/2024\/12\/emb60hnhfl8.jpg\" \/>\n\t<meta property=\"og:image:width\" content=\"1600\" \/>\n\t<meta property=\"og:image:height\" content=\"1067\" \/>\n\t<meta property=\"og:image:type\" content=\"image\/jpeg\" \/>\n<meta name=\"twitter:card\" content=\"summary_large_image\" \/>\n<meta name=\"twitter:label1\" content=\"Dur\u00e9e de lecture estim\u00e9e\" \/>\n\t<meta name=\"twitter:data1\" content=\"1 minute\" \/>\n<script type=\"application\/ld+json\" class=\"yoast-schema-graph\">{\"@context\":\"https:\\\/\\\/schema.org\",\"@graph\":[{\"@type\":\"WebPage\",\"@id\":\"https:\\\/\\\/agri-cool.eu\\\/the-know-how-exchange-group-initiative\\\/\",\"url\":\"https:\\\/\\\/agri-cool.eu\\\/the-know-how-exchange-group-initiative\\\/\",\"name\":\"L'initiative du groupe d'\u00e9change de savoir-faire - AGRI COOL\",\"isPartOf\":{\"@id\":\"https:\\\/\\\/agri-cool.eu\\\/#website\"},\"primaryImageOfPage\":{\"@id\":\"https:\\\/\\\/agri-cool.eu\\\/the-know-how-exchange-group-initiative\\\/#primaryimage\"},\"image\":{\"@id\":\"https:\\\/\\\/agri-cool.eu\\\/the-know-how-exchange-group-initiative\\\/#primaryimage\"},\"thumbnailUrl\":\"https:\\\/\\\/agri-cool.eu\\\/wp-content\\\/uploads\\\/2024\\\/12\\\/emb60hnhfl8.jpg\",\"datePublished\":\"2024-12-14T06:14:08+00:00\",\"dateModified\":\"2024-12-19T14:13:04+00:00\",\"breadcrumb\":{\"@id\":\"https:\\\/\\\/agri-cool.eu\\\/the-know-how-exchange-group-initiative\\\/#breadcrumb\"},\"inLanguage\":\"fr-FR\",\"potentialAction\":[{\"@type\":\"ReadAction\",\"target\":[\"https:\\\/\\\/agri-cool.eu\\\/the-know-how-exchange-group-initiative\\\/\"]}]},{\"@type\":\"ImageObject\",\"inLanguage\":\"fr-FR\",\"@id\":\"https:\\\/\\\/agri-cool.eu\\\/the-know-how-exchange-group-initiative\\\/#primaryimage\",\"url\":\"https:\\\/\\\/agri-cool.eu\\\/wp-content\\\/uploads\\\/2024\\\/12\\\/emb60hnhfl8.jpg\",\"contentUrl\":\"https:\\\/\\\/agri-cool.eu\\\/wp-content\\\/uploads\\\/2024\\\/12\\\/emb60hnhfl8.jpg\"},{\"@type\":\"BreadcrumbList\",\"@id\":\"https:\\\/\\\/agri-cool.eu\\\/the-know-how-exchange-group-initiative\\\/#breadcrumb\",\"itemListElement\":[{\"@type\":\"ListItem\",\"position\":1,\"name\":\"Home\",\"item\":\"https:\\\/\\\/agri-cool.eu\\\/fr\\\/accueil\\\/\"},{\"@type\":\"ListItem\",\"position\":2,\"name\":\"L&#8217;initiative du groupe d&#8217;\u00e9change de savoir-faire\"}]},{\"@type\":\"WebSite\",\"@id\":\"https:\\\/\\\/agri-cool.eu\\\/#website\",\"url\":\"https:\\\/\\\/agri-cool.eu\\\/\",\"name\":\"AGRI COOL\",\"description\":\"\",\"potentialAction\":[{\"@type\":\"SearchAction\",\"target\":{\"@type\":\"EntryPoint\",\"urlTemplate\":\"https:\\\/\\\/agri-cool.eu\\\/?s={search_term_string}\"},\"query-input\":{\"@type\":\"PropertyValueSpecification\",\"valueRequired\":true,\"valueName\":\"search_term_string\"}}],\"inLanguage\":\"fr-FR\"}]}<\/script>\n<!-- \/ Yoast SEO plugin. -->","yoast_head_json":{"title":"L'initiative du groupe d'\u00e9change de savoir-faire - AGRI COOL","robots":{"index":"index","follow":"follow","max-snippet":"max-snippet:-1","max-image-preview":"max-image-preview:large","max-video-preview":"max-video-preview:-1"},"canonical":"https:\/\/agri-cool.eu\/the-know-how-exchange-group-initiative\/","og_locale":"fr_FR","og_type":"article","og_title":"L'initiative du groupe d'\u00e9change de savoir-faire - AGRI COOL","og_description":"Le groupe d&rsquo;\u00e9change de savoir-faire rassemble un groupe diversifi\u00e9 d&rsquo;experts et de parties prenantes, y compris des membres de l&rsquo;industrie, de la communaut\u00e9 universitaire et de projets connexes. Cette initiative favorise l&rsquo;\u00e9change d&rsquo;informations et d&rsquo;exp\u00e9riences, la compr\u00e9hension mutuelle et la formulation d&rsquo;objectifs communs qui s&rsquo;inscrivent dans la mission d&rsquo;AGRI-COOL de promouvoir des solutions durables pour [&hellip;]","og_url":"https:\/\/agri-cool.eu\/the-know-how-exchange-group-initiative\/","og_site_name":"AGRI COOL","article_modified_time":"2024-12-19T14:13:04+00:00","og_image":[{"width":1600,"height":1067,"url":"https:\/\/agri-cool.eu\/wp-content\/uploads\/2024\/12\/emb60hnhfl8.jpg","type":"image\/jpeg"}],"twitter_card":"summary_large_image","twitter_misc":{"Dur\u00e9e de lecture estim\u00e9e":"1 minute"},"schema":{"@context":"https:\/\/schema.org","@graph":[{"@type":"WebPage","@id":"https:\/\/agri-cool.eu\/the-know-how-exchange-group-initiative\/","url":"https:\/\/agri-cool.eu\/the-know-how-exchange-group-initiative\/","name":"L'initiative du groupe d'\u00e9change de savoir-faire - AGRI COOL","isPartOf":{"@id":"https:\/\/agri-cool.eu\/#website"},"primaryImageOfPage":{"@id":"https:\/\/agri-cool.eu\/the-know-how-exchange-group-initiative\/#primaryimage"},"image":{"@id":"https:\/\/agri-cool.eu\/the-know-how-exchange-group-initiative\/#primaryimage"},"thumbnailUrl":"https:\/\/agri-cool.eu\/wp-content\/uploads\/2024\/12\/emb60hnhfl8.jpg","datePublished":"2024-12-14T06:14:08+00:00","dateModified":"2024-12-19T14:13:04+00:00","breadcrumb":{"@id":"https:\/\/agri-cool.eu\/the-know-how-exchange-group-initiative\/#breadcrumb"},"inLanguage":"fr-FR","potentialAction":[{"@type":"ReadAction","target":["https:\/\/agri-cool.eu\/the-know-how-exchange-group-initiative\/"]}]},{"@type":"ImageObject","inLanguage":"fr-FR","@id":"https:\/\/agri-cool.eu\/the-know-how-exchange-group-initiative\/#primaryimage","url":"https:\/\/agri-cool.eu\/wp-content\/uploads\/2024\/12\/emb60hnhfl8.jpg","contentUrl":"https:\/\/agri-cool.eu\/wp-content\/uploads\/2024\/12\/emb60hnhfl8.jpg"},{"@type":"BreadcrumbList","@id":"https:\/\/agri-cool.eu\/the-know-how-exchange-group-initiative\/#breadcrumb","itemListElement":[{"@type":"ListItem","position":1,"name":"Home","item":"https:\/\/agri-cool.eu\/fr\/accueil\/"},{"@type":"ListItem","position":2,"name":"L&#8217;initiative du groupe d&#8217;\u00e9change de savoir-faire"}]},{"@type":"WebSite","@id":"https:\/\/agri-cool.eu\/#website","url":"https:\/\/agri-cool.eu\/","name":"AGRI COOL","description":"","potentialAction":[{"@type":"SearchAction","target":{"@type":"EntryPoint","urlTemplate":"https:\/\/agri-cool.eu\/?s={search_term_string}"},"query-input":{"@type":"PropertyValueSpecification","valueRequired":true,"valueName":"search_term_string"}}],"inLanguage":"fr-FR"}]}},"_links":{"self":[{"href":"https:\/\/agri-cool.eu\/fr\/wp-json\/wp\/v2\/pages\/1315","targetHints":{"allow":["GET"]}}],"collection":[{"href":"https:\/\/agri-cool.eu\/fr\/wp-json\/wp\/v2\/pages"}],"about":[{"href":"https:\/\/agri-cool.eu\/fr\/wp-json\/wp\/v2\/types\/page"}],"author":[{"embeddable":true,"href":"https:\/\/agri-cool.eu\/fr\/wp-json\/wp\/v2\/users\/1"}],"replies":[{"embeddable":true,"href":"https:\/\/agri-cool.eu\/fr\/wp-json\/wp\/v2\/comments?post=1315"}],"version-history":[{"count":6,"href":"https:\/\/agri-cool.eu\/fr\/wp-json\/wp\/v2\/pages\/1315\/revisions"}],"predecessor-version":[{"id":1377,"href":"https:\/\/agri-cool.eu\/fr\/wp-json\/wp\/v2\/pages\/1315\/revisions\/1377"}],"wp:attachment":[{"href":"https:\/\/agri-cool.eu\/fr\/wp-json\/wp\/v2\/media?parent=1315"}],"curies":[{"name":"wp","href":"https:\/\/api.w.org\/{rel}","templated":true}]}}