{"id":1189,"date":"2024-06-14T15:59:47","date_gmt":"2024-06-14T13:59:47","guid":{"rendered":"https:\/\/agri-cool.eu\/avis-juridiques\/"},"modified":"2024-11-20T19:21:56","modified_gmt":"2024-11-20T18:21:56","slug":"avis-juridiques","status":"publish","type":"page","link":"https:\/\/agri-cool.eu\/fr\/avis-juridiques\/","title":{"rendered":"Avis juridiques"},"content":{"rendered":"\t\t<div data-elementor-type=\"wp-page\" data-elementor-id=\"1189\" class=\"elementor elementor-1189 elementor-112\" data-elementor-post-type=\"page\">\n\t\t\t\t\t\t<section class=\"elementor-section elementor-top-section elementor-element elementor-element-6ad6ddd elementor-section-boxed elementor-section-height-default elementor-section-height-default\" data-id=\"6ad6ddd\" data-element_type=\"section\" data-e-type=\"section\">\n\t\t\t\t\t\t<div class=\"elementor-container elementor-column-gap-default\">\n\t\t\t\t\t<div class=\"elementor-column elementor-col-100 elementor-top-column elementor-element elementor-element-7a24eab\" data-id=\"7a24eab\" data-element_type=\"column\" data-e-type=\"column\">\n\t\t\t<div class=\"elementor-widget-wrap elementor-element-populated\">\n\t\t\t\t\t\t<div class=\"elementor-element elementor-element-5078208 animated-slow elementor-invisible elementor-widget elementor-widget-heading\" data-id=\"5078208\" data-element_type=\"widget\" data-e-type=\"widget\" data-settings=\"{&quot;_animation&quot;:&quot;fadeIn&quot;}\" data-widget_type=\"heading.default\">\n\t\t\t\t<div class=\"elementor-widget-container\">\n\t\t\t\t\t<h2 class=\"elementor-heading-title elementor-size-default\">Avis juridiques<\/h2>\t\t\t\t<\/div>\n\t\t\t\t<\/div>\n\t\t\t\t<div class=\"elementor-element elementor-element-e618159 animated-slow elementor-widget-divider--view-line elementor-invisible elementor-widget elementor-widget-divider\" data-id=\"e618159\" data-element_type=\"widget\" data-e-type=\"widget\" data-settings=\"{&quot;_animation&quot;:&quot;fadeIn&quot;,&quot;_animation_delay&quot;:500}\" data-widget_type=\"divider.default\">\n\t\t\t\t<div class=\"elementor-widget-container\">\n\t\t\t\t\t\t\t<div class=\"elementor-divider\">\n\t\t\t<span class=\"elementor-divider-separator\">\n\t\t\t\t\t\t<\/span>\n\t\t<\/div>\n\t\t\t\t\t\t<\/div>\n\t\t\t\t<\/div>\n\t\t\t\t<div class=\"elementor-element elementor-element-68087db animated-slow elementor-invisible elementor-widget elementor-widget-text-editor\" data-id=\"68087db\" data-element_type=\"widget\" data-e-type=\"widget\" data-settings=\"{&quot;_animation&quot;:&quot;fadeIn&quot;,&quot;_animation_delay&quot;:700}\" data-widget_type=\"text-editor.default\">\n\t\t\t\t<div class=\"elementor-widget-container\">\n\t\t\t\t\t\t\t\t\t<blockquote class=\"gmail_quote\">\n<div dir=\"ltr\">\n<div>\n<div lang=\"FR\">\n<div>\n<p><b>AGRI-COOL<\/b><\/p>\n<p><span lang=\"EN-US\">Si\u00e8ge social : Universit\u00e9 de Twente<\/span><span lang=\"EN-US\">Universit\u00e9 de Twente, Drienerlolaan 5, Enschede, 7522 NB, Pays-Bas<\/span><\/p>\n<p><span lang=\"EN-US\">Coordinateur : Dr Shahi Mina, <a href=\"mailto:m.shahi@utwente.nl\" target=\"_blank\" rel=\"noopener\">m.shahi@utwente.nl<\/a><\/span><\/p>\n<p><span lang=\"EN-US\"> <\/span><\/p>\n<p><span lang=\"EN-US\">Site g\u00e9r\u00e9 par :<\/span><\/p>\n<p><span lang=\"EN-US\">INSTITUT INTERNATIONAL DU FROID<\/span><\/p>\n<p><span lang=\"EN-US\">Si\u00e8ge social : Institut International du Froid &#8211; <a dir=\"ltr\">177 bd Malesherbes &#8211; 75017 Paris FRANCE<\/a><\/span><\/p>\n<p><span lang=\"EN-US\">CONTACT | T\u00e9l\u00e9phone. <a dir=\"ltr\" href=\"tel:+33%201%2042%2027%2032%2035\" target=\"_blank\" rel=\"noopener\">+33 1 42 27 32 35<\/a> &#8211; Email :<\/span> <a href=\"mailto:iif-iir@iifiir.org\" target=\"_blank\" rel=\"noopener\"><span lang=\"EN-US\">iif-iir@iifiir.org<\/span><\/a><\/p>\n<p><span lang=\"EN-US\">SIRET | <a dir=\"ltr\" href=\"tel:784%20710%20790%20000%2014\" target=\"_blank\" rel=\"noopener\">784 710 790 000 14<\/a><\/span><\/p>\n<p><span lang=\"EN-US\"> <\/span><\/p>\n<p><span lang=\"EN-US\">Site web d\u00e9velopp\u00e9 par : CG N\u00fcm\u00e9rik  <\/span><\/p>\n<p><span lang=\"EN-US\">17 rue Beaus\u00e9jour, 77400 Pomponne<\/span><\/p>\n<p><span lang=\"EN-US\">Site web : https:\/\/www.cg-numerik.com\/<\/span><\/p>\n<\/div>\n<\/div>\n<\/div>\n<\/div>\n<\/blockquote>\n\t\t\t\t\t\t\t\t<\/div>\n\t\t\t\t<\/div>\n\t\t\t\t\t<\/div>\n\t\t<\/div>\n\t\t\t\t\t<\/div>\n\t\t<\/section>\n\t\t\t\t<\/div>\n\t\t","protected":false},"excerpt":{"rendered":"<p>Avis juridiques AGRI-COOL Si\u00e8ge social : Universit\u00e9 de TwenteUniversit\u00e9 de Twente, Drienerlolaan 5, Enschede, 7522 NB, Pays-Bas Coordinateur : Dr Shahi Mina, m.shahi@utwente.nl Site g\u00e9r\u00e9 par : INSTITUT INTERNATIONAL DU FROID Si\u00e8ge social : Institut International du Froid &#8211; 177 bd Malesherbes &#8211; 75017 Paris FRANCE CONTACT | T\u00e9l\u00e9phone. +33 1 42 27 32 35 [&hellip;]<\/p>\n","protected":false},"author":2,"featured_media":0,"parent":0,"menu_order":0,"comment_status":"closed","ping_status":"closed","template":"","meta":{"footnotes":""},"class_list":["post-1189","page","type-page","status-publish","hentry"],"yoast_head":"<!-- This site is optimized with the Yoast SEO plugin v27.3 - https:\/\/yoast.com\/product\/yoast-seo-wordpress\/ -->\n<title>Avis juridiques - AGRI COOL<\/title>\n<meta name=\"robots\" content=\"index, follow, max-snippet:-1, max-image-preview:large, max-video-preview:-1\" \/>\n<link rel=\"canonical\" href=\"https:\/\/agri-cool.eu\/legal-notices\/\" \/>\n<meta property=\"og:locale\" content=\"fr_FR\" \/>\n<meta property=\"og:type\" content=\"article\" \/>\n<meta property=\"og:title\" content=\"Avis juridiques - AGRI COOL\" \/>\n<meta property=\"og:description\" content=\"Avis juridiques AGRI-COOL Si\u00e8ge social : Universit\u00e9 de TwenteUniversit\u00e9 de Twente, Drienerlolaan 5, Enschede, 7522 NB, Pays-Bas Coordinateur : Dr Shahi Mina, m.shahi@utwente.nl Site g\u00e9r\u00e9 par : INSTITUT INTERNATIONAL DU FROID Si\u00e8ge social : Institut International du Froid &#8211; 177 bd Malesherbes &#8211; 75017 Paris FRANCE CONTACT | T\u00e9l\u00e9phone. +33 1 42 27 32 35 [&hellip;]\" \/>\n<meta property=\"og:url\" content=\"https:\/\/agri-cool.eu\/legal-notices\/\" \/>\n<meta property=\"og:site_name\" content=\"AGRI COOL\" \/>\n<meta property=\"article:modified_time\" content=\"2024-11-20T18:21:56+00:00\" \/>\n<meta name=\"twitter:card\" content=\"summary_large_image\" \/>\n<script type=\"application\/ld+json\" class=\"yoast-schema-graph\">{\"@context\":\"https:\\\/\\\/schema.org\",\"@graph\":[{\"@type\":\"WebPage\",\"@id\":\"https:\\\/\\\/agri-cool.eu\\\/legal-notices\\\/\",\"url\":\"https:\\\/\\\/agri-cool.eu\\\/legal-notices\\\/\",\"name\":\"Avis juridiques - AGRI COOL\",\"isPartOf\":{\"@id\":\"https:\\\/\\\/agri-cool.eu\\\/#website\"},\"datePublished\":\"2024-06-14T13:59:47+00:00\",\"dateModified\":\"2024-11-20T18:21:56+00:00\",\"breadcrumb\":{\"@id\":\"https:\\\/\\\/agri-cool.eu\\\/legal-notices\\\/#breadcrumb\"},\"inLanguage\":\"fr-FR\",\"potentialAction\":[{\"@type\":\"ReadAction\",\"target\":[\"https:\\\/\\\/agri-cool.eu\\\/legal-notices\\\/\"]}]},{\"@type\":\"BreadcrumbList\",\"@id\":\"https:\\\/\\\/agri-cool.eu\\\/legal-notices\\\/#breadcrumb\",\"itemListElement\":[{\"@type\":\"ListItem\",\"position\":1,\"name\":\"Home\",\"item\":\"https:\\\/\\\/agri-cool.eu\\\/fr\\\/accueil\\\/\"},{\"@type\":\"ListItem\",\"position\":2,\"name\":\"Avis juridiques\"}]},{\"@type\":\"WebSite\",\"@id\":\"https:\\\/\\\/agri-cool.eu\\\/#website\",\"url\":\"https:\\\/\\\/agri-cool.eu\\\/\",\"name\":\"AGRI COOL\",\"description\":\"\",\"potentialAction\":[{\"@type\":\"SearchAction\",\"target\":{\"@type\":\"EntryPoint\",\"urlTemplate\":\"https:\\\/\\\/agri-cool.eu\\\/?s={search_term_string}\"},\"query-input\":{\"@type\":\"PropertyValueSpecification\",\"valueRequired\":true,\"valueName\":\"search_term_string\"}}],\"inLanguage\":\"fr-FR\"}]}<\/script>\n<!-- \/ Yoast SEO plugin. -->","yoast_head_json":{"title":"Avis juridiques - AGRI COOL","robots":{"index":"index","follow":"follow","max-snippet":"max-snippet:-1","max-image-preview":"max-image-preview:large","max-video-preview":"max-video-preview:-1"},"canonical":"https:\/\/agri-cool.eu\/legal-notices\/","og_locale":"fr_FR","og_type":"article","og_title":"Avis juridiques - AGRI COOL","og_description":"Avis juridiques AGRI-COOL Si\u00e8ge social : Universit\u00e9 de TwenteUniversit\u00e9 de Twente, Drienerlolaan 5, Enschede, 7522 NB, Pays-Bas Coordinateur : Dr Shahi Mina, m.shahi@utwente.nl Site g\u00e9r\u00e9 par : INSTITUT INTERNATIONAL DU FROID Si\u00e8ge social : Institut International du Froid &#8211; 177 bd Malesherbes &#8211; 75017 Paris FRANCE CONTACT | T\u00e9l\u00e9phone. +33 1 42 27 32 35 [&hellip;]","og_url":"https:\/\/agri-cool.eu\/legal-notices\/","og_site_name":"AGRI COOL","article_modified_time":"2024-11-20T18:21:56+00:00","twitter_card":"summary_large_image","schema":{"@context":"https:\/\/schema.org","@graph":[{"@type":"WebPage","@id":"https:\/\/agri-cool.eu\/legal-notices\/","url":"https:\/\/agri-cool.eu\/legal-notices\/","name":"Avis juridiques - AGRI COOL","isPartOf":{"@id":"https:\/\/agri-cool.eu\/#website"},"datePublished":"2024-06-14T13:59:47+00:00","dateModified":"2024-11-20T18:21:56+00:00","breadcrumb":{"@id":"https:\/\/agri-cool.eu\/legal-notices\/#breadcrumb"},"inLanguage":"fr-FR","potentialAction":[{"@type":"ReadAction","target":["https:\/\/agri-cool.eu\/legal-notices\/"]}]},{"@type":"BreadcrumbList","@id":"https:\/\/agri-cool.eu\/legal-notices\/#breadcrumb","itemListElement":[{"@type":"ListItem","position":1,"name":"Home","item":"https:\/\/agri-cool.eu\/fr\/accueil\/"},{"@type":"ListItem","position":2,"name":"Avis juridiques"}]},{"@type":"WebSite","@id":"https:\/\/agri-cool.eu\/#website","url":"https:\/\/agri-cool.eu\/","name":"AGRI COOL","description":"","potentialAction":[{"@type":"SearchAction","target":{"@type":"EntryPoint","urlTemplate":"https:\/\/agri-cool.eu\/?s={search_term_string}"},"query-input":{"@type":"PropertyValueSpecification","valueRequired":true,"valueName":"search_term_string"}}],"inLanguage":"fr-FR"}]}},"_links":{"self":[{"href":"https:\/\/agri-cool.eu\/fr\/wp-json\/wp\/v2\/pages\/1189","targetHints":{"allow":["GET"]}}],"collection":[{"href":"https:\/\/agri-cool.eu\/fr\/wp-json\/wp\/v2\/pages"}],"about":[{"href":"https:\/\/agri-cool.eu\/fr\/wp-json\/wp\/v2\/types\/page"}],"author":[{"embeddable":true,"href":"https:\/\/agri-cool.eu\/fr\/wp-json\/wp\/v2\/users\/2"}],"replies":[{"embeddable":true,"href":"https:\/\/agri-cool.eu\/fr\/wp-json\/wp\/v2\/comments?post=1189"}],"version-history":[{"count":1,"href":"https:\/\/agri-cool.eu\/fr\/wp-json\/wp\/v2\/pages\/1189\/revisions"}],"predecessor-version":[{"id":1190,"href":"https:\/\/agri-cool.eu\/fr\/wp-json\/wp\/v2\/pages\/1189\/revisions\/1190"}],"wp:attachment":[{"href":"https:\/\/agri-cool.eu\/fr\/wp-json\/wp\/v2\/media?parent=1189"}],"curies":[{"name":"wp","href":"https:\/\/api.w.org\/{rel}","templated":true}]}}