{"id":1181,"date":"2024-11-19T11:57:27","date_gmt":"2024-11-19T10:57:27","guid":{"rendered":"https:\/\/agri-cool.eu\/telechargements\/"},"modified":"2026-02-23T11:23:49","modified_gmt":"2026-02-23T10:23:49","slug":"telechargements","status":"publish","type":"page","link":"https:\/\/agri-cool.eu\/fr\/telechargements\/","title":{"rendered":"T\u00e9l\u00e9chargements"},"content":{"rendered":"\t\t<div data-elementor-type=\"wp-page\" data-elementor-id=\"1181\" class=\"elementor elementor-1181 elementor-1090\" data-elementor-post-type=\"page\">\n\t\t\t\t\t\t<section class=\"elementor-section elementor-top-section elementor-element elementor-element-5769d38 elementor-section-boxed elementor-section-height-default elementor-section-height-default\" data-id=\"5769d38\" data-element_type=\"section\" data-e-type=\"section\" data-settings=\"{&quot;background_background&quot;:&quot;classic&quot;}\">\n\t\t\t\t\t\t\t<div class=\"elementor-background-overlay\"><\/div>\n\t\t\t\t\t\t\t<div class=\"elementor-container elementor-column-gap-default\">\n\t\t\t\t\t<div class=\"elementor-column elementor-col-100 elementor-top-column elementor-element elementor-element-049b477\" data-id=\"049b477\" data-element_type=\"column\" data-e-type=\"column\">\n\t\t\t<div class=\"elementor-widget-wrap elementor-element-populated\">\n\t\t\t\t\t\t<div class=\"elementor-element elementor-element-5174140 elementor-widget elementor-widget-heading\" data-id=\"5174140\" data-element_type=\"widget\" data-e-type=\"widget\" data-widget_type=\"heading.default\">\n\t\t\t\t<div class=\"elementor-widget-container\">\n\t\t\t\t\t<h1 class=\"elementor-heading-title elementor-size-default\">T\u00e9l\u00e9chargements<\/h1>\t\t\t\t<\/div>\n\t\t\t\t<\/div>\n\t\t\t\t\t<\/div>\n\t\t<\/div>\n\t\t\t\t\t<\/div>\n\t\t<\/section>\n\t\t<div class=\"elementor-element elementor-element-12e5997 e-flex e-con-boxed e-con e-parent\" data-id=\"12e5997\" data-element_type=\"container\" data-e-type=\"container\">\n\t\t\t\t\t<div class=\"e-con-inner\">\n\t\t\t\t<div class=\"elementor-element elementor-element-5236764 elementor-widget elementor-widget-eael-adv-tabs\" data-id=\"5236764\" data-element_type=\"widget\" data-e-type=\"widget\" data-widget_type=\"eael-adv-tabs.default\">\n\t\t\t\t<div class=\"elementor-widget-container\">\n\t\t\t\t\t        <div data-scroll-on-click=\"no\" data-scroll-speed=\"300\" id=\"eael-advance-tabs-5236764\" class=\"eael-advance-tabs eael-tabs-horizontal eael-tab-auto-active \" data-tabid=\"5236764\">\n            <div class=\"eael-tabs-nav \">\n                <ul class=\"eael-tab-inline-icon\" role=\"tablist\">\n                                            <li id=\"newsletters\" class=\"inactive eael-tab-item-trigger eael-tab-nav-item\" aria-selected=\"true\" data-tab=\"1\" role=\"tab\" tabindex=\"0\" aria-controls=\"newsletters-tab\" aria-expanded=\"false\">\n                            \n                                                        \n                                                            <span class=\"eael-tab-title title-after-icon\" >Bulletins d&rsquo;information<\/span>                            \n                                                    <\/li>\n                                            <li id=\"communication-supports\" class=\"inactive eael-tab-item-trigger eael-tab-nav-item\" aria-selected=\"false\" data-tab=\"2\" role=\"tab\" tabindex=\"-1\" aria-controls=\"communication-supports-tab\" aria-expanded=\"false\">\n                            \n                                                        \n                                                            <span class=\"eael-tab-title title-after-icon\" >Supports de communication<\/span>                            \n                                                    <\/li>\n                                            <li id=\"publications\" class=\"inactive eael-tab-item-trigger eael-tab-nav-item\" aria-selected=\"false\" data-tab=\"3\" role=\"tab\" tabindex=\"-1\" aria-controls=\"publications-tab\" aria-expanded=\"false\">\n                            \n                                                        \n                                                            <span class=\"eael-tab-title title-after-icon\" >Publications<\/span>                            \n                                                    <\/li>\n                                            <li id=\"public-reports\" class=\"inactive eael-tab-item-trigger eael-tab-nav-item\" aria-selected=\"false\" data-tab=\"4\" role=\"tab\" tabindex=\"-1\" aria-controls=\"public-reports-tab\" aria-expanded=\"false\">\n                            \n                                                        \n                                                            <span class=\"eael-tab-title title-after-icon\" >Rapports publics<\/span>                            \n                                                    <\/li>\n                    \n                                  <\/ul>\n            <\/div>\n            \n            <div class=\"eael-tabs-content\">\n\t\t        \n                    <div id=\"newsletters-tab\" class=\"clearfix eael-tab-content-item inactive\" data-title-link=\"newsletters-tab\">\n\t\t\t\t        <p><a href=\"https:\/\/mailchi.mp\/1c1a7011fd62\/agri-cool-1st-e-newsletter\">1\u00e9re e- Newsletter AGRI-COOL <\/a> &#8211; 13\/03\/2025<\/p><p><a href=\"https:\/\/mailchi.mp\/f70b8e67e7be\/agri-cool-2nd-e-newsletter\">2\u00e8me e-Newsletter AGRI-COOL <\/a> &#8211; 28\/07\/2025<\/p><p><a href=\"https:\/\/mailchi.mp\/3a60307f85ed\/agri-cool-2nd-e-newsletter-4742606\">3\u00e8me e-Newsletter AGRI-COOL <\/a> &#8211; 20\/11\/2025<\/p><p><a href=\"https:\/\/mailchi.mp\/260fde793862\/flksuneilb-4742864\">4\u00e8me e-Newsletter AGRI-COOL<\/a> &#8211; 20\/02\/2026<\/p>                    <\/div>\n\t\t        \n                    <div id=\"communication-supports-tab\" class=\"clearfix eael-tab-content-item inactive\" data-title-link=\"communication-supports-tab\">\n\t\t\t\t        <p style=\"text-align: left\"><strong>AFFICHES<\/strong><\/p>\n<p style=\"text-align: left\"><a  data-e-Disable-Page-Transition=\"true\" class=\"download-link\" title=\"\" href=\"https:\/\/agri-cool.eu\/fr\/download\/2136\/?tmstv=1776681938\" rel=\"nofollow\" id=\"download-link-2136\" data-redirect=\"false\" >\n\tAGRI-COOL Poster ENG<\/a>\n<br \/><a  data-e-Disable-Page-Transition=\"true\" class=\"download-link\" title=\"\" href=\"https:\/\/agri-cool.eu\/fr\/download\/2131\/?tmstv=1776681938\" rel=\"nofollow\" id=\"download-link-2131\" data-redirect=\"false\" >\n\tAGRI-COOL Poster FR<\/a>\n<br \/><a  data-e-Disable-Page-Transition=\"true\" class=\"download-link\" title=\"\" href=\"https:\/\/agri-cool.eu\/fr\/download\/2126\/?tmstv=1776681938\" rel=\"nofollow\" id=\"download-link-2126\" data-redirect=\"false\" >\n\tAGRI-COOL Poster PR<\/a>\n<\/p>\n<p style=\"text-align: left\"><a  data-e-Disable-Page-Transition=\"true\" class=\"download-link\" title=\"\" href=\"https:\/\/agri-cool.eu\/fr\/download\/2121\/?tmstv=1776681938\" rel=\"nofollow\" id=\"download-link-2121\" data-redirect=\"false\" >\n\tTechnical poster AGRI-COOL FR<\/a>\n<\/p>\n<p style=\"text-align: left\"><a  data-e-Disable-Page-Transition=\"true\" class=\"download-link\" title=\"\" href=\"https:\/\/agri-cool.eu\/fr\/download\/2116\/?tmstv=1776681938\" rel=\"nofollow\" id=\"download-link-2116\" data-redirect=\"false\" >\n\tTechnical poster AGRI-COOL ENG.pdf<\/a>\n<\/p>\n<p style=\"text-align: left\"><a  data-e-Disable-Page-Transition=\"true\" class=\"download-link\" title=\"\" href=\"https:\/\/agri-cool.eu\/fr\/download\/2111\/?tmstv=1776681938\" rel=\"nofollow\" id=\"download-link-2111\" data-redirect=\"false\" >\n\tTechnical poster AGRI-COOL PR<\/a>\n<\/p>\n<p style=\"text-align: left\"><a  data-e-Disable-Page-Transition=\"true\" class=\"download-link\" title=\"\" href=\"https:\/\/agri-cool.eu\/fr\/download\/2096\/?tmstv=1776681938\" rel=\"nofollow\" id=\"download-link-2096\" data-redirect=\"false\" >\n\tBrochure AGRI-COOL ENG<\/a>\n<\/p>\n<p style=\"text-align: left\"><a  data-e-Disable-Page-Transition=\"true\" class=\"download-link\" title=\"\" href=\"https:\/\/agri-cool.eu\/fr\/download\/2106\/?tmstv=1776681938\" rel=\"nofollow\" id=\"download-link-2106\" data-redirect=\"false\" >\n\tBrochure AGRI-COOL PR<\/a>\n<\/p>\n<p style=\"text-align: left\"><a  data-e-Disable-Page-Transition=\"true\" class=\"download-link\" title=\"\" href=\"https:\/\/agri-cool.eu\/fr\/download\/2101\/?tmstv=1776681938\" rel=\"nofollow\" id=\"download-link-2101\" data-redirect=\"false\" >\n\tBrochure AGRI-COOL FR<\/a>\n<\/p>\n                    <\/div>\n\t\t        \n                    <div id=\"publications-tab\" class=\"clearfix eael-tab-content-item inactive\" data-title-link=\"publications-tab\">\n\t\t\t\t        <p>Kuznik, F. (\u00c9d.). (2024). <a  data-e-Disable-Page-Transition=\"true\" class=\"download-link\" title=\"\" href=\"https:\/\/agri-cool.eu\/fr\/download\/2148\/?tmstv=1776681938\" rel=\"nofollow\" id=\"download-link-2148\" data-redirect=\"false\" >\n\tProceedings of the 16th IEA ES TCP International Conference on Energy Storage (ENERSTOCK-2024-ISBN-978-2-9595978-0-0)<\/a>\n. INSAVALOR, Villeurbanne, France.   <a class=\"reset interactable cursor-pointer decoration-1 underline-offset-1 text-super hover:underline font-semibold\" href=\"https:\/\/doi.org\/10.5281\/zenodo.13790499\" target=\"_blank\" rel=\"nofollow noopener\"><span class=\"text-box-trim-both\">https:\/\/doi.org\/10.5281\/zenodo.13790499<\/span><\/a><\/p>\n<p>Slaviero, G., Traverso, D., Traverso, F., Noro, M., Zilio, C. et Mancin, S. (2024). <a href=\"https:\/\/zenodo.org\/records\/13790499\/files\/enerstock24.pdf?download=1\"><span>Analyse num\u00e9rique d&rsquo;une chambre froide autonome avec stockage de chaleur latente pour la conservation des aliments<\/span><\/a>. Conf\u00e9rence internationale sur le g\u00e9nie frigorifique et climatique \u00e0 Purdue, pr\u00e9sentation 2554. Universit\u00e9 Purdue.   <a class=\"reset interactable cursor-pointer decoration-1 underline-offset-1 text-super hover:underline font-semibold\" href=\"https:\/\/docs.lib.purdue.edu\/iracc\/2554\" target=\"_blank\" rel=\"nofollow noopener\"><span class=\"text-box-trim-both\">https:\/\/docs.lib.purdue.edu\/iracc\/2554<\/span><\/a><\/p><\/p>\n                    <\/div>\n\t\t        \n                    <div id=\"public-reports-tab\" class=\"clearfix eael-tab-content-item inactive\" data-title-link=\"public-reports-tab\">\n\t\t\t\t                            <\/div>\n\t\t                    <\/div>\n        <\/div>\n\t\t\t\t<\/div>\n\t\t\t\t<\/div>\n\t\t\t\t<div class=\"elementor-element elementor-element-cd9483a elementor-hidden-desktop elementor-hidden-tablet elementor-hidden-mobile elementor-tabs-view-horizontal elementor-widget elementor-widget-tabs\" data-id=\"cd9483a\" data-element_type=\"widget\" data-e-type=\"widget\" data-widget_type=\"tabs.default\">\n\t\t\t\t<div class=\"elementor-widget-container\">\n\t\t\t\t\t\t\t<div class=\"elementor-tabs\">\n\t\t\t<div class=\"elementor-tabs-wrapper\" role=\"tablist\" >\n\t\t\t\t\t\t\t\t\t<div id=\"elementor-tab-title-2151\" class=\"elementor-tab-title elementor-tab-desktop-title\" aria-selected=\"true\" data-tab=\"1\" role=\"tab\" tabindex=\"0\" aria-controls=\"elementor-tab-content-2151\" aria-expanded=\"false\">Bulletins d'information<\/div>\n\t\t\t\t\t\t\t\t\t<div id=\"elementor-tab-title-2152\" class=\"elementor-tab-title elementor-tab-desktop-title\" aria-selected=\"false\" data-tab=\"2\" role=\"tab\" tabindex=\"-1\" aria-controls=\"elementor-tab-content-2152\" aria-expanded=\"false\">Supports de communication<\/div>\n\t\t\t\t\t\t\t\t\t<div id=\"elementor-tab-title-2153\" class=\"elementor-tab-title elementor-tab-desktop-title\" aria-selected=\"false\" data-tab=\"3\" role=\"tab\" tabindex=\"-1\" aria-controls=\"elementor-tab-content-2153\" aria-expanded=\"false\">Publications<\/div>\n\t\t\t\t\t\t\t\t\t<div id=\"elementor-tab-title-2154\" class=\"elementor-tab-title elementor-tab-desktop-title\" aria-selected=\"false\" data-tab=\"4\" role=\"tab\" tabindex=\"-1\" aria-controls=\"elementor-tab-content-2154\" aria-expanded=\"false\">Rapports publics<\/div>\n\t\t\t\t\t\t\t<\/div>\n\t\t\t<div class=\"elementor-tabs-content-wrapper\" role=\"tablist\" aria-orientation=\"vertical\">\n\t\t\t\t\t\t\t\t\t<div class=\"elementor-tab-title elementor-tab-mobile-title\" aria-selected=\"true\" data-tab=\"1\" role=\"tab\" tabindex=\"0\" aria-controls=\"elementor-tab-content-2151\" aria-expanded=\"false\">Bulletins d'information<\/div>\n\t\t\t\t\t<div id=\"elementor-tab-content-2151\" class=\"elementor-tab-content elementor-clearfix\" data-tab=\"1\" role=\"tabpanel\" aria-labelledby=\"elementor-tab-title-2151\" tabindex=\"0\" hidden=\"false\"><p><a href=\"https:\/\/mailchi.mp\/1c1a7011fd62\/agri-cool-1st-e-newsletter\">1\u00e8re e-Newsletter AGRI-COOL<\/a> &#8211; 13\/03\/2025<\/p>\n<\/div>\n\t\t\t\t\t\t\t\t\t<div class=\"elementor-tab-title elementor-tab-mobile-title\" aria-selected=\"false\" data-tab=\"2\" role=\"tab\" tabindex=\"-1\" aria-controls=\"elementor-tab-content-2152\" aria-expanded=\"false\">Supports de communication<\/div>\n\t\t\t\t\t<div id=\"elementor-tab-content-2152\" class=\"elementor-tab-content elementor-clearfix\" data-tab=\"2\" role=\"tabpanel\" aria-labelledby=\"elementor-tab-title-2152\" tabindex=\"0\" hidden=\"hidden\"><p><strong>AFFICHES<\/strong><\/p>\n<p><a  data-e-Disable-Page-Transition=\"true\" class=\"download-link\" title=\"\" href=\"https:\/\/agri-cool.eu\/fr\/download\/1105\/?tmstv=1776681938\" rel=\"nofollow\" id=\"download-link-1105\" data-redirect=\"false\" >\n\tAGRI-Cool Poster &#8211; EN<\/a>\n<br \/><a  data-e-Disable-Page-Transition=\"true\" class=\"download-link\" title=\"\" href=\"https:\/\/agri-cool.eu\/fr\/download\/1110\/?tmstv=1776681938\" rel=\"nofollow\" id=\"download-link-1110\" data-redirect=\"false\" >\n\tAGRI-Cool Poster &#8211; FR<\/a>\n<br \/><a  data-e-Disable-Page-Transition=\"true\" class=\"download-link\" title=\"\" href=\"https:\/\/agri-cool.eu\/fr\/download\/1115\/?tmstv=1776681938\" rel=\"nofollow\" id=\"download-link-1115\" data-redirect=\"false\" >\n\tAGRI-Cool Poster &#8211; PR<\/a>\n<\/p>\n<\/div>\n\t\t\t\t\t\t\t\t\t<div class=\"elementor-tab-title elementor-tab-mobile-title\" aria-selected=\"false\" data-tab=\"3\" role=\"tab\" tabindex=\"-1\" aria-controls=\"elementor-tab-content-2153\" aria-expanded=\"false\">Publications<\/div>\n\t\t\t\t\t<div id=\"elementor-tab-content-2153\" class=\"elementor-tab-content elementor-clearfix\" data-tab=\"3\" role=\"tabpanel\" aria-labelledby=\"elementor-tab-title-2153\" tabindex=\"0\" hidden=\"hidden\"><a  data-e-Disable-Page-Transition=\"true\" class=\"download-link\" title=\"\" href=\"https:\/\/agri-cool.eu\/fr\/download\/1547\/?tmstv=1776681938\" rel=\"nofollow\" id=\"download-link-1547\" data-redirect=\"false\" >\n\ttest (avec comptage de liens)<\/a>\n\n<p><a href=\"https:\/\/mailchi.mp\/1c1a7011fd62\/agri-cool-1st-e-newsletter?e=%5BUNIQID%5D\" target=\"_blank\" rel=\"noopener\">Test (sans comptage de lien) <\/a><\/p>\n<\/div>\n\t\t\t\t\t\t\t\t\t<div class=\"elementor-tab-title elementor-tab-mobile-title\" aria-selected=\"false\" data-tab=\"4\" role=\"tab\" tabindex=\"-1\" aria-controls=\"elementor-tab-content-2154\" aria-expanded=\"false\">Rapports publics<\/div>\n\t\t\t\t\t<div id=\"elementor-tab-content-2154\" class=\"elementor-tab-content elementor-clearfix\" data-tab=\"4\" role=\"tabpanel\" aria-labelledby=\"elementor-tab-title-2154\" tabindex=\"0\" hidden=\"hidden\"><\/div>\n\t\t\t\t\t\t\t<\/div>\n\t\t<\/div>\n\t\t\t\t\t\t<\/div>\n\t\t\t\t<\/div>\n\t\t\t\t\t<\/div>\n\t\t\t\t<\/div>\n\t\t\t\t<\/div>\n\t\t","protected":false},"excerpt":{"rendered":"<p>Bulletins d&#8217;information Supports de communication Publications Rapports publics 1\u00e9re e- Newsletter AGRI-COOL &#8211; 13\/03\/2025 2\u00e8me e-Newsletter AGRI-COOL &#8211; 28\/07\/2025 3\u00e8me e-Newsletter AGRI-COOL &#8211; 20\/11\/2025 4\u00e8me e-Newsletter AGRI-COOL &#8211; 20\/02\/2026 AFFICHES AGRI-COOL Poster ENG AGRI-COOL Poster FR AGRI-COOL Poster PR Technical poster AGRI-COOL FR Technical poster AGRI-COOL ENG.pdf Technical poster AGRI-COOL PR Brochure AGRI-COOL ENG Brochure [&hellip;]<\/p>\n","protected":false},"author":2,"featured_media":0,"parent":0,"menu_order":0,"comment_status":"closed","ping_status":"closed","template":"elementor_header_footer","meta":{"footnotes":""},"class_list":["post-1181","page","type-page","status-publish","hentry"],"yoast_head":"<!-- This site is optimized with the Yoast SEO plugin v27.3 - https:\/\/yoast.com\/product\/yoast-seo-wordpress\/ -->\n<title>T\u00e9l\u00e9chargements Agri-Cool : Acc\u00e9dez \u00e0 des ressources pour l&#039;agriculture durable<\/title>\n<meta name=\"description\" content=\"T\u00e9l\u00e9chargez des ressources cl\u00e9s d&#039;Agri-Cool, notamment des rapports et des documents sur des solutions innovantes de stockage et d&#039;agriculture durable pour les communaut\u00e9s rurales.\" \/>\n<meta name=\"robots\" content=\"index, follow, max-snippet:-1, max-image-preview:large, max-video-preview:-1\" \/>\n<link rel=\"canonical\" href=\"https:\/\/agri-cool.eu\/fr\/telechargements\/\" \/>\n<meta property=\"og:locale\" content=\"fr_FR\" \/>\n<meta property=\"og:type\" content=\"article\" \/>\n<meta property=\"og:title\" content=\"T\u00e9l\u00e9chargements Agri-Cool : Acc\u00e9dez \u00e0 des ressources pour l&#039;agriculture durable\" \/>\n<meta property=\"og:description\" content=\"T\u00e9l\u00e9chargez des ressources cl\u00e9s d&#039;Agri-Cool, notamment des rapports et des documents sur des solutions innovantes de stockage et d&#039;agriculture durable pour les communaut\u00e9s rurales.\" \/>\n<meta property=\"og:url\" content=\"https:\/\/agri-cool.eu\/fr\/telechargements\/\" \/>\n<meta property=\"og:site_name\" content=\"AGRI COOL\" \/>\n<meta property=\"article:modified_time\" content=\"2026-02-23T10:23:49+00:00\" \/>\n<meta name=\"twitter:card\" content=\"summary_large_image\" \/>\n<meta name=\"twitter:label1\" content=\"Dur\u00e9e de lecture estim\u00e9e\" \/>\n\t<meta name=\"twitter:data1\" content=\"1 minute\" \/>\n<script type=\"application\/ld+json\" class=\"yoast-schema-graph\">{\"@context\":\"https:\\\/\\\/schema.org\",\"@graph\":[{\"@type\":\"WebPage\",\"@id\":\"https:\\\/\\\/agri-cool.eu\\\/fr\\\/telechargements\\\/\",\"url\":\"https:\\\/\\\/agri-cool.eu\\\/fr\\\/telechargements\\\/\",\"name\":\"T\u00e9l\u00e9chargements Agri-Cool : Acc\u00e9dez \u00e0 des ressources pour l'agriculture durable\",\"isPartOf\":{\"@id\":\"https:\\\/\\\/agri-cool.eu\\\/#website\"},\"datePublished\":\"2024-11-19T10:57:27+00:00\",\"dateModified\":\"2026-02-23T10:23:49+00:00\",\"description\":\"T\u00e9l\u00e9chargez des ressources cl\u00e9s d'Agri-Cool, notamment des rapports et des documents sur des solutions innovantes de stockage et d'agriculture durable pour les communaut\u00e9s rurales.\",\"breadcrumb\":{\"@id\":\"https:\\\/\\\/agri-cool.eu\\\/fr\\\/telechargements\\\/#breadcrumb\"},\"inLanguage\":\"fr-FR\",\"potentialAction\":[{\"@type\":\"ReadAction\",\"target\":[\"https:\\\/\\\/agri-cool.eu\\\/fr\\\/telechargements\\\/\"]}]},{\"@type\":\"BreadcrumbList\",\"@id\":\"https:\\\/\\\/agri-cool.eu\\\/fr\\\/telechargements\\\/#breadcrumb\",\"itemListElement\":[{\"@type\":\"ListItem\",\"position\":1,\"name\":\"Home\",\"item\":\"https:\\\/\\\/agri-cool.eu\\\/fr\\\/accueil\\\/\"},{\"@type\":\"ListItem\",\"position\":2,\"name\":\"T\u00e9l\u00e9chargements\"}]},{\"@type\":\"WebSite\",\"@id\":\"https:\\\/\\\/agri-cool.eu\\\/#website\",\"url\":\"https:\\\/\\\/agri-cool.eu\\\/\",\"name\":\"AGRI COOL\",\"description\":\"\",\"potentialAction\":[{\"@type\":\"SearchAction\",\"target\":{\"@type\":\"EntryPoint\",\"urlTemplate\":\"https:\\\/\\\/agri-cool.eu\\\/?s={search_term_string}\"},\"query-input\":{\"@type\":\"PropertyValueSpecification\",\"valueRequired\":true,\"valueName\":\"search_term_string\"}}],\"inLanguage\":\"fr-FR\"}]}<\/script>\n<!-- \/ Yoast SEO plugin. -->","yoast_head_json":{"title":"T\u00e9l\u00e9chargements Agri-Cool : Acc\u00e9dez \u00e0 des ressources pour l'agriculture durable","description":"T\u00e9l\u00e9chargez des ressources cl\u00e9s d'Agri-Cool, notamment des rapports et des documents sur des solutions innovantes de stockage et d'agriculture durable pour les communaut\u00e9s rurales.","robots":{"index":"index","follow":"follow","max-snippet":"max-snippet:-1","max-image-preview":"max-image-preview:large","max-video-preview":"max-video-preview:-1"},"canonical":"https:\/\/agri-cool.eu\/fr\/telechargements\/","og_locale":"fr_FR","og_type":"article","og_title":"T\u00e9l\u00e9chargements Agri-Cool : Acc\u00e9dez \u00e0 des ressources pour l'agriculture durable","og_description":"T\u00e9l\u00e9chargez des ressources cl\u00e9s d'Agri-Cool, notamment des rapports et des documents sur des solutions innovantes de stockage et d'agriculture durable pour les communaut\u00e9s rurales.","og_url":"https:\/\/agri-cool.eu\/fr\/telechargements\/","og_site_name":"AGRI COOL","article_modified_time":"2026-02-23T10:23:49+00:00","twitter_card":"summary_large_image","twitter_misc":{"Dur\u00e9e de lecture estim\u00e9e":"1 minute"},"schema":{"@context":"https:\/\/schema.org","@graph":[{"@type":"WebPage","@id":"https:\/\/agri-cool.eu\/fr\/telechargements\/","url":"https:\/\/agri-cool.eu\/fr\/telechargements\/","name":"T\u00e9l\u00e9chargements Agri-Cool : Acc\u00e9dez \u00e0 des ressources pour l'agriculture durable","isPartOf":{"@id":"https:\/\/agri-cool.eu\/#website"},"datePublished":"2024-11-19T10:57:27+00:00","dateModified":"2026-02-23T10:23:49+00:00","description":"T\u00e9l\u00e9chargez des ressources cl\u00e9s d'Agri-Cool, notamment des rapports et des documents sur des solutions innovantes de stockage et d'agriculture durable pour les communaut\u00e9s rurales.","breadcrumb":{"@id":"https:\/\/agri-cool.eu\/fr\/telechargements\/#breadcrumb"},"inLanguage":"fr-FR","potentialAction":[{"@type":"ReadAction","target":["https:\/\/agri-cool.eu\/fr\/telechargements\/"]}]},{"@type":"BreadcrumbList","@id":"https:\/\/agri-cool.eu\/fr\/telechargements\/#breadcrumb","itemListElement":[{"@type":"ListItem","position":1,"name":"Home","item":"https:\/\/agri-cool.eu\/fr\/accueil\/"},{"@type":"ListItem","position":2,"name":"T\u00e9l\u00e9chargements"}]},{"@type":"WebSite","@id":"https:\/\/agri-cool.eu\/#website","url":"https:\/\/agri-cool.eu\/","name":"AGRI COOL","description":"","potentialAction":[{"@type":"SearchAction","target":{"@type":"EntryPoint","urlTemplate":"https:\/\/agri-cool.eu\/?s={search_term_string}"},"query-input":{"@type":"PropertyValueSpecification","valueRequired":true,"valueName":"search_term_string"}}],"inLanguage":"fr-FR"}]}},"_links":{"self":[{"href":"https:\/\/agri-cool.eu\/fr\/wp-json\/wp\/v2\/pages\/1181","targetHints":{"allow":["GET"]}}],"collection":[{"href":"https:\/\/agri-cool.eu\/fr\/wp-json\/wp\/v2\/pages"}],"about":[{"href":"https:\/\/agri-cool.eu\/fr\/wp-json\/wp\/v2\/types\/page"}],"author":[{"embeddable":true,"href":"https:\/\/agri-cool.eu\/fr\/wp-json\/wp\/v2\/users\/2"}],"replies":[{"embeddable":true,"href":"https:\/\/agri-cool.eu\/fr\/wp-json\/wp\/v2\/comments?post=1181"}],"version-history":[{"count":6,"href":"https:\/\/agri-cool.eu\/fr\/wp-json\/wp\/v2\/pages\/1181\/revisions"}],"predecessor-version":[{"id":2221,"href":"https:\/\/agri-cool.eu\/fr\/wp-json\/wp\/v2\/pages\/1181\/revisions\/2221"}],"wp:attachment":[{"href":"https:\/\/agri-cool.eu\/fr\/wp-json\/wp\/v2\/media?parent=1181"}],"curies":[{"name":"wp","href":"https:\/\/api.w.org\/{rel}","templated":true}]}}