{"id":1177,"date":"2024-10-07T06:05:07","date_gmt":"2024-10-07T04:05:07","guid":{"rendered":"https:\/\/agri-cool.eu\/demonstration-sites\/demo4-valota-farm-phillipi-south-africa\/"},"modified":"2024-11-20T19:19:35","modified_gmt":"2024-11-20T18:19:35","slug":"demo4-valota-farm-phillipi-south-africa","status":"publish","type":"page","link":"https:\/\/agri-cool.eu\/fr\/demonstration-sites\/demo4-valota-farm-phillipi-south-africa\/","title":{"rendered":"DEMO4 &#8211; Valota Farm, Phillipi (South Africa)"},"content":{"rendered":"\t\t<div data-elementor-type=\"wp-page\" data-elementor-id=\"1177\" class=\"elementor elementor-1177 elementor-536\" data-elementor-post-type=\"page\">\n\t\t\t\t\t\t<section class=\"elementor-section elementor-top-section elementor-element elementor-element-1a1f9ca elementor-section-boxed elementor-section-height-default elementor-section-height-default\" data-id=\"1a1f9ca\" data-element_type=\"section\" data-e-type=\"section\" data-settings=\"{&quot;background_background&quot;:&quot;classic&quot;}\">\n\t\t\t\t\t\t\t<div class=\"elementor-background-overlay\"><\/div>\n\t\t\t\t\t\t\t<div class=\"elementor-container elementor-column-gap-default\">\n\t\t\t\t\t<div class=\"elementor-column elementor-col-100 elementor-top-column elementor-element elementor-element-8e30542\" data-id=\"8e30542\" data-element_type=\"column\" data-e-type=\"column\">\n\t\t\t<div class=\"elementor-widget-wrap elementor-element-populated\">\n\t\t\t\t\t\t<div class=\"elementor-element elementor-element-be42ac5 elementor-widget elementor-widget-heading\" data-id=\"be42ac5\" data-element_type=\"widget\" data-e-type=\"widget\" data-widget_type=\"heading.default\">\n\t\t\t\t<div class=\"elementor-widget-container\">\n\t\t\t\t\t<h1 class=\"elementor-heading-title elementor-size-default\">DEMO4 &#8211; Valota Farm, Phillipi (South Africa)<\/h1>\t\t\t\t<\/div>\n\t\t\t\t<\/div>\n\t\t\t\t\t<\/div>\n\t\t<\/div>\n\t\t\t\t\t<\/div>\n\t\t<\/section>\n\t\t<div class=\"elementor-element elementor-element-fc00401 e-flex e-con-boxed e-con e-parent\" data-id=\"fc00401\" data-element_type=\"container\" data-e-type=\"container\">\n\t\t\t\t\t<div class=\"e-con-inner\">\n\t\t\t\t<div class=\"elementor-element elementor-element-9d078a4 elementor-widget elementor-widget-text-editor\" data-id=\"9d078a4\" data-element_type=\"widget\" data-e-type=\"widget\" data-widget_type=\"text-editor.default\">\n\t\t\t\t<div class=\"elementor-widget-container\">\n\t\t\t\t\t\t\t\t\t<h3><strong><img fetchpriority=\"high\" decoding=\"async\" class=\"size-medium wp-image-539 alignleft\" src=\"http:\/\/agri-cool.eu\/wp-content\/uploads\/2024\/10\/demo4-300x177.png\" alt=\"\" width=\"300\" height=\"177\" srcset=\"https:\/\/agri-cool.eu\/wp-content\/uploads\/2024\/10\/demo4-300x177.png 300w, https:\/\/agri-cool.eu\/wp-content\/uploads\/2024\/10\/demo4.png 528w\" sizes=\"(max-width: 300px) 100vw, 300px\" \/>Contexte :<\/strong><\/h3>\n<p>La ferme Valota est une ferme priv\u00e9e, la seule ferme certifi\u00e9e biologique de la r\u00e9gion. La ferme, qui appartient \u00e0 des Noirs, compte 12 employ\u00e9s permanents et 10 employ\u00e9s occasionnels en saison. 99 % de ses produits sont vendus en gros. Valota dispose d&rsquo;un site web fonctionnel pour atteindre un public plus large que celui qui passe par la ferme (https:\/\/valota.co.za\/).   <\/p>\n<h3><strong>Lieu de travail :<\/strong><\/h3>\n<p>La ferme Valota est situ\u00e9e dans la r\u00e9gion de Philippi. La ferme a une superficie d&rsquo;environ 13 hectares, n&rsquo;est pas cl\u00f4tur\u00e9e et se trouve \u00e0 proximit\u00e9 du village de Browns farm, un village planifi\u00e9 en 1986 par le gouvernement de l&rsquo;apartheid avec une densit\u00e9 urbaine initiale de 25 unit\u00e9s d&rsquo;habitation par hectare. En 1994, une partie du village de Browns farm a \u00e9t\u00e9 \u00ab\u00a0colonis\u00e9e\u00a0\u00bb en l&rsquo;espace d&rsquo;un week-end, des structures informelles ayant \u00e9t\u00e9 \u00e9rig\u00e9es sur 500 sites lors d&rsquo;une invasion de terres. De nombreux occupants du village de Browns Farm sont au ch\u00f4mage et \u00e0 la recherche d&rsquo;opportunit\u00e9s \u00e9conomiques.   <\/p>\n<h3><strong>Produits agricoles :<\/strong><\/h3>\n<p><img decoding=\"async\" class=\"size-medium wp-image-538 alignleft\" src=\"http:\/\/agri-cool.eu\/wp-content\/uploads\/2024\/10\/demo4-1-300x190.png\" alt=\"\" width=\"300\" height=\"190\" srcset=\"https:\/\/agri-cool.eu\/wp-content\/uploads\/2024\/10\/demo4-1-300x190.png 300w, https:\/\/agri-cool.eu\/wp-content\/uploads\/2024\/10\/demo4-1.png 467w\" sizes=\"(max-width: 300px) 100vw, 300px\" \/>Les membres de la communaut\u00e9 du village de Brown farm se rendaient parfois sur le terrain de la ferme et r\u00e9coltaient sans autorisation. En cons\u00e9quence, la ferme se concentre sur des cultures ayant une valeur limit\u00e9e pour les pauvres : micro-verts, fleurs comestibles, oignons, pois chiches, f\u00e8ves, radis, fenouil, courge, coriandre, navet dor\u00e9, chou fris\u00e9, persil italien, betteraves rouges et haricots verts. <\/p>\n<p>La ferme exploite deux petits tunnels de serre (structures de 2m x 8m). Entre l&rsquo;hiver et l&rsquo;\u00e9t\u00e9, 3 et 6 hectares sont cultiv\u00e9s respectivement. L&rsquo;exploitation utilise l&rsquo;eau de forage, qui est pomp\u00e9e dans deux barrages pour le stockage interm\u00e9diaire. Pendant les hivers, il y a g\u00e9n\u00e9ralement un surplus d&rsquo;eau et l&rsquo;irrigation est limit\u00e9e. L&rsquo;eau de forage est connue pour contenir un peu trop de sels, ce qui freine la croissance des plantes.    <\/p>\n<h3><strong>Approvisionnement et consommation d&rsquo;\u00e9nergie :<\/strong><\/h3>\n<p>La majorit\u00e9 de l&rsquo;\u00e9nergie du pays est fournie par la compagnie nationale d&rsquo;\u00e9lectricit\u00e9, Eskom, qui produit 73 % de son \u00e9lectricit\u00e9 \u00e0 partir de centrales au charbon. La consommation annuelle d&rsquo;\u00e9nergie de la ferme s&rsquo;\u00e9l\u00e8ve \u00e0 85 000 kWh, dont environ 8 000 kWh sont consacr\u00e9s \u00e0 l&rsquo;entreposage frigorifique. En 2023, Eskom a impos\u00e9 un record de 6 947 heures de d\u00e9lestage, l&rsquo;un des principaux facteurs contribuant \u00e0 la faible croissance \u00e9conomique du pays cette ann\u00e9e-l\u00e0 [1]. Les agriculteurs sont particuli\u00e8rement touch\u00e9s, car le d\u00e9lestage perturbe le fonctionnement du mat\u00e9riel agricole, des pompes et des compresseurs. Par cons\u00e9quent, des g\u00e9n\u00e9rateurs diesel sont souvent utilis\u00e9s pour r\u00e9pondre aux besoins essentiels en \u00e9lectricit\u00e9. La ferme Valota n&rsquo;a pas de g\u00e9n\u00e9rateurs diesel, mais pour r\u00e9duire l&rsquo;impact du d\u00e9lestage, elle limite la taille de la zone cultiv\u00e9e.     <\/p>\n<ol>\n<li>[https:\/\/www .statista.com\/ statistics\/1459776\/number-of-load-shedding-hours-in-south-africa \/]<\/li>\n<\/ol>\n\t\t\t\t\t\t\t\t<\/div>\n\t\t\t\t<\/div>\n\t\t\t\t\t<\/div>\n\t\t\t\t<\/div>\n\t\t\t\t<\/div>\n\t\t","protected":false},"excerpt":{"rendered":"<p>Contexte : La ferme Valota est une ferme priv\u00e9e, la seule ferme certifi\u00e9e biologique de la r\u00e9gion. La ferme, qui appartient \u00e0 des Noirs, compte 12 employ\u00e9s permanents et 10 employ\u00e9s occasionnels en saison. 99 % de ses produits sont vendus en gros. Valota dispose d&rsquo;un site web fonctionnel pour atteindre un public plus large [&hellip;]<\/p>\n","protected":false},"author":2,"featured_media":0,"parent":809,"menu_order":0,"comment_status":"closed","ping_status":"closed","template":"elementor_header_footer","meta":{"footnotes":""},"class_list":["post-1177","page","type-page","status-publish","hentry"],"yoast_head":"<!-- This site is optimized with the Yoast SEO plugin v27.3 - https:\/\/yoast.com\/product\/yoast-seo-wordpress\/ -->\n<title>DEMO4 - Valota Farm, Phillipi (South Africa) - AGRI COOL<\/title>\n<meta name=\"robots\" content=\"index, follow, max-snippet:-1, max-image-preview:large, max-video-preview:-1\" \/>\n<link rel=\"canonical\" href=\"https:\/\/agri-cool.eu\/demonstration-sites\/demo4-valota-farm-phillipi-south-africa\/\" \/>\n<meta property=\"og:locale\" content=\"fr_FR\" \/>\n<meta property=\"og:type\" content=\"article\" \/>\n<meta property=\"og:title\" content=\"DEMO4 - Valota Farm, Phillipi (South Africa) - AGRI COOL\" \/>\n<meta property=\"og:description\" content=\"Contexte : La ferme Valota est une ferme priv\u00e9e, la seule ferme certifi\u00e9e biologique de la r\u00e9gion. La ferme, qui appartient \u00e0 des Noirs, compte 12 employ\u00e9s permanents et 10 employ\u00e9s occasionnels en saison. 99 % de ses produits sont vendus en gros. Valota dispose d&rsquo;un site web fonctionnel pour atteindre un public plus large [&hellip;]\" \/>\n<meta property=\"og:url\" content=\"https:\/\/agri-cool.eu\/demonstration-sites\/demo4-valota-farm-phillipi-south-africa\/\" \/>\n<meta property=\"og:site_name\" content=\"AGRI COOL\" \/>\n<meta property=\"article:modified_time\" content=\"2024-11-20T18:19:35+00:00\" \/>\n<meta property=\"og:image\" content=\"https:\/\/agri-cool.eu\/wp-content\/uploads\/2024\/10\/demo4.png\" \/>\n\t<meta property=\"og:image:width\" content=\"528\" \/>\n\t<meta property=\"og:image:height\" content=\"311\" \/>\n\t<meta property=\"og:image:type\" content=\"image\/png\" \/>\n<meta name=\"twitter:card\" content=\"summary_large_image\" \/>\n<meta name=\"twitter:label1\" content=\"Dur\u00e9e de lecture estim\u00e9e\" \/>\n\t<meta name=\"twitter:data1\" content=\"2 minutes\" \/>\n<script type=\"application\/ld+json\" class=\"yoast-schema-graph\">{\"@context\":\"https:\\\/\\\/schema.org\",\"@graph\":[{\"@type\":\"WebPage\",\"@id\":\"https:\\\/\\\/agri-cool.eu\\\/demonstration-sites\\\/demo4-valota-farm-phillipi-south-africa\\\/\",\"url\":\"https:\\\/\\\/agri-cool.eu\\\/demonstration-sites\\\/demo4-valota-farm-phillipi-south-africa\\\/\",\"name\":\"DEMO4 - Valota Farm, Phillipi (South Africa) - AGRI COOL\",\"isPartOf\":{\"@id\":\"https:\\\/\\\/agri-cool.eu\\\/#website\"},\"primaryImageOfPage\":{\"@id\":\"https:\\\/\\\/agri-cool.eu\\\/demonstration-sites\\\/demo4-valota-farm-phillipi-south-africa\\\/#primaryimage\"},\"image\":{\"@id\":\"https:\\\/\\\/agri-cool.eu\\\/demonstration-sites\\\/demo4-valota-farm-phillipi-south-africa\\\/#primaryimage\"},\"thumbnailUrl\":\"http:\\\/\\\/agri-cool.eu\\\/wp-content\\\/uploads\\\/2024\\\/10\\\/demo4-300x177.png\",\"datePublished\":\"2024-10-07T04:05:07+00:00\",\"dateModified\":\"2024-11-20T18:19:35+00:00\",\"breadcrumb\":{\"@id\":\"https:\\\/\\\/agri-cool.eu\\\/demonstration-sites\\\/demo4-valota-farm-phillipi-south-africa\\\/#breadcrumb\"},\"inLanguage\":\"fr-FR\",\"potentialAction\":[{\"@type\":\"ReadAction\",\"target\":[\"https:\\\/\\\/agri-cool.eu\\\/demonstration-sites\\\/demo4-valota-farm-phillipi-south-africa\\\/\"]}]},{\"@type\":\"ImageObject\",\"inLanguage\":\"fr-FR\",\"@id\":\"https:\\\/\\\/agri-cool.eu\\\/demonstration-sites\\\/demo4-valota-farm-phillipi-south-africa\\\/#primaryimage\",\"url\":\"http:\\\/\\\/agri-cool.eu\\\/wp-content\\\/uploads\\\/2024\\\/10\\\/demo4-300x177.png\",\"contentUrl\":\"http:\\\/\\\/agri-cool.eu\\\/wp-content\\\/uploads\\\/2024\\\/10\\\/demo4-300x177.png\"},{\"@type\":\"BreadcrumbList\",\"@id\":\"https:\\\/\\\/agri-cool.eu\\\/demonstration-sites\\\/demo4-valota-farm-phillipi-south-africa\\\/#breadcrumb\",\"itemListElement\":[{\"@type\":\"ListItem\",\"position\":1,\"name\":\"Home\",\"item\":\"https:\\\/\\\/agri-cool.eu\\\/fr\\\/accueil\\\/\"},{\"@type\":\"ListItem\",\"position\":2,\"name\":\"Sites de d\u00e9monstration\",\"item\":\"https:\\\/\\\/agri-cool.eu\\\/fr\\\/demonstration-sites\\\/\"},{\"@type\":\"ListItem\",\"position\":3,\"name\":\"DEMO4 &#8211; Valota Farm, Phillipi (South Africa)\"}]},{\"@type\":\"WebSite\",\"@id\":\"https:\\\/\\\/agri-cool.eu\\\/#website\",\"url\":\"https:\\\/\\\/agri-cool.eu\\\/\",\"name\":\"AGRI COOL\",\"description\":\"\",\"potentialAction\":[{\"@type\":\"SearchAction\",\"target\":{\"@type\":\"EntryPoint\",\"urlTemplate\":\"https:\\\/\\\/agri-cool.eu\\\/?s={search_term_string}\"},\"query-input\":{\"@type\":\"PropertyValueSpecification\",\"valueRequired\":true,\"valueName\":\"search_term_string\"}}],\"inLanguage\":\"fr-FR\"}]}<\/script>\n<!-- \/ Yoast SEO plugin. -->","yoast_head_json":{"title":"DEMO4 - Valota Farm, Phillipi (South Africa) - AGRI COOL","robots":{"index":"index","follow":"follow","max-snippet":"max-snippet:-1","max-image-preview":"max-image-preview:large","max-video-preview":"max-video-preview:-1"},"canonical":"https:\/\/agri-cool.eu\/demonstration-sites\/demo4-valota-farm-phillipi-south-africa\/","og_locale":"fr_FR","og_type":"article","og_title":"DEMO4 - Valota Farm, Phillipi (South Africa) - AGRI COOL","og_description":"Contexte : La ferme Valota est une ferme priv\u00e9e, la seule ferme certifi\u00e9e biologique de la r\u00e9gion. La ferme, qui appartient \u00e0 des Noirs, compte 12 employ\u00e9s permanents et 10 employ\u00e9s occasionnels en saison. 99 % de ses produits sont vendus en gros. Valota dispose d&rsquo;un site web fonctionnel pour atteindre un public plus large [&hellip;]","og_url":"https:\/\/agri-cool.eu\/demonstration-sites\/demo4-valota-farm-phillipi-south-africa\/","og_site_name":"AGRI COOL","article_modified_time":"2024-11-20T18:19:35+00:00","og_image":[{"width":528,"height":311,"url":"https:\/\/agri-cool.eu\/wp-content\/uploads\/2024\/10\/demo4.png","type":"image\/png"}],"twitter_card":"summary_large_image","twitter_misc":{"Dur\u00e9e de lecture estim\u00e9e":"2 minutes"},"schema":{"@context":"https:\/\/schema.org","@graph":[{"@type":"WebPage","@id":"https:\/\/agri-cool.eu\/demonstration-sites\/demo4-valota-farm-phillipi-south-africa\/","url":"https:\/\/agri-cool.eu\/demonstration-sites\/demo4-valota-farm-phillipi-south-africa\/","name":"DEMO4 - Valota Farm, Phillipi (South Africa) - AGRI COOL","isPartOf":{"@id":"https:\/\/agri-cool.eu\/#website"},"primaryImageOfPage":{"@id":"https:\/\/agri-cool.eu\/demonstration-sites\/demo4-valota-farm-phillipi-south-africa\/#primaryimage"},"image":{"@id":"https:\/\/agri-cool.eu\/demonstration-sites\/demo4-valota-farm-phillipi-south-africa\/#primaryimage"},"thumbnailUrl":"http:\/\/agri-cool.eu\/wp-content\/uploads\/2024\/10\/demo4-300x177.png","datePublished":"2024-10-07T04:05:07+00:00","dateModified":"2024-11-20T18:19:35+00:00","breadcrumb":{"@id":"https:\/\/agri-cool.eu\/demonstration-sites\/demo4-valota-farm-phillipi-south-africa\/#breadcrumb"},"inLanguage":"fr-FR","potentialAction":[{"@type":"ReadAction","target":["https:\/\/agri-cool.eu\/demonstration-sites\/demo4-valota-farm-phillipi-south-africa\/"]}]},{"@type":"ImageObject","inLanguage":"fr-FR","@id":"https:\/\/agri-cool.eu\/demonstration-sites\/demo4-valota-farm-phillipi-south-africa\/#primaryimage","url":"http:\/\/agri-cool.eu\/wp-content\/uploads\/2024\/10\/demo4-300x177.png","contentUrl":"http:\/\/agri-cool.eu\/wp-content\/uploads\/2024\/10\/demo4-300x177.png"},{"@type":"BreadcrumbList","@id":"https:\/\/agri-cool.eu\/demonstration-sites\/demo4-valota-farm-phillipi-south-africa\/#breadcrumb","itemListElement":[{"@type":"ListItem","position":1,"name":"Home","item":"https:\/\/agri-cool.eu\/fr\/accueil\/"},{"@type":"ListItem","position":2,"name":"Sites de d\u00e9monstration","item":"https:\/\/agri-cool.eu\/fr\/demonstration-sites\/"},{"@type":"ListItem","position":3,"name":"DEMO4 &#8211; Valota Farm, Phillipi (South Africa)"}]},{"@type":"WebSite","@id":"https:\/\/agri-cool.eu\/#website","url":"https:\/\/agri-cool.eu\/","name":"AGRI COOL","description":"","potentialAction":[{"@type":"SearchAction","target":{"@type":"EntryPoint","urlTemplate":"https:\/\/agri-cool.eu\/?s={search_term_string}"},"query-input":{"@type":"PropertyValueSpecification","valueRequired":true,"valueName":"search_term_string"}}],"inLanguage":"fr-FR"}]}},"_links":{"self":[{"href":"https:\/\/agri-cool.eu\/fr\/wp-json\/wp\/v2\/pages\/1177","targetHints":{"allow":["GET"]}}],"collection":[{"href":"https:\/\/agri-cool.eu\/fr\/wp-json\/wp\/v2\/pages"}],"about":[{"href":"https:\/\/agri-cool.eu\/fr\/wp-json\/wp\/v2\/types\/page"}],"author":[{"embeddable":true,"href":"https:\/\/agri-cool.eu\/fr\/wp-json\/wp\/v2\/users\/2"}],"replies":[{"embeddable":true,"href":"https:\/\/agri-cool.eu\/fr\/wp-json\/wp\/v2\/comments?post=1177"}],"version-history":[{"count":1,"href":"https:\/\/agri-cool.eu\/fr\/wp-json\/wp\/v2\/pages\/1177\/revisions"}],"predecessor-version":[{"id":1178,"href":"https:\/\/agri-cool.eu\/fr\/wp-json\/wp\/v2\/pages\/1177\/revisions\/1178"}],"up":[{"embeddable":true,"href":"https:\/\/agri-cool.eu\/fr\/wp-json\/wp\/v2\/pages\/809"}],"wp:attachment":[{"href":"https:\/\/agri-cool.eu\/fr\/wp-json\/wp\/v2\/media?parent=1177"}],"curies":[{"name":"wp","href":"https:\/\/api.w.org\/{rel}","templated":true}]}}