{"id":1173,"date":"2024-10-07T05:59:05","date_gmt":"2024-10-07T03:59:05","guid":{"rendered":"https:\/\/agri-cool.eu\/demonstration-sites\/demo3-bulawayo-umguza-farm-zimbabwe\/"},"modified":"2024-11-20T19:18:55","modified_gmt":"2024-11-20T18:18:55","slug":"demo3-bulawayo-umguza-farm-zimbabwe","status":"publish","type":"page","link":"https:\/\/agri-cool.eu\/fr\/demonstration-sites\/demo3-bulawayo-umguza-farm-zimbabwe\/","title":{"rendered":"DEMO3 &#8211; Bulawayo Umguza Farm (Zimbabwe)"},"content":{"rendered":"\t\t<div data-elementor-type=\"wp-page\" data-elementor-id=\"1173\" class=\"elementor elementor-1173 elementor-521\" data-elementor-post-type=\"page\">\n\t\t\t\t\t\t<section class=\"elementor-section elementor-top-section elementor-element elementor-element-1a1f9ca elementor-section-boxed elementor-section-height-default elementor-section-height-default\" data-id=\"1a1f9ca\" data-element_type=\"section\" data-e-type=\"section\" data-settings=\"{&quot;background_background&quot;:&quot;classic&quot;}\">\n\t\t\t\t\t\t\t<div class=\"elementor-background-overlay\"><\/div>\n\t\t\t\t\t\t\t<div class=\"elementor-container elementor-column-gap-default\">\n\t\t\t\t\t<div class=\"elementor-column elementor-col-100 elementor-top-column elementor-element elementor-element-8e30542\" data-id=\"8e30542\" data-element_type=\"column\" data-e-type=\"column\">\n\t\t\t<div class=\"elementor-widget-wrap elementor-element-populated\">\n\t\t\t\t\t\t<div class=\"elementor-element elementor-element-be42ac5 elementor-widget elementor-widget-heading\" data-id=\"be42ac5\" data-element_type=\"widget\" data-e-type=\"widget\" data-widget_type=\"heading.default\">\n\t\t\t\t<div class=\"elementor-widget-container\">\n\t\t\t\t\t<h1 class=\"elementor-heading-title elementor-size-default\">DEMO3 &#8211; Bulawayo Umguza Farm (Zimbabwe)<\/h1>\t\t\t\t<\/div>\n\t\t\t\t<\/div>\n\t\t\t\t\t<\/div>\n\t\t<\/div>\n\t\t\t\t\t<\/div>\n\t\t<\/section>\n\t\t<div class=\"elementor-element elementor-element-fc00401 e-flex e-con-boxed e-con e-parent\" data-id=\"fc00401\" data-element_type=\"container\" data-e-type=\"container\">\n\t\t\t\t\t<div class=\"e-con-inner\">\n\t\t\t\t<div class=\"elementor-element elementor-element-9d078a4 elementor-widget elementor-widget-text-editor\" data-id=\"9d078a4\" data-element_type=\"widget\" data-e-type=\"widget\" data-widget_type=\"text-editor.default\">\n\t\t\t\t<div class=\"elementor-widget-container\">\n\t\t\t\t\t\t\t\t\t<h3><strong>Historique de l&rsquo;exploitation :<\/strong><\/h3>\n<p>La propri\u00e9taire de la ferme d&rsquo;Umguza est Mme Nkiwane, qui d\u00e9tient les titres de propri\u00e9t\u00e9. La ferme emploie 4 travailleurs \u00e0 temps plein et jusqu&rsquo;\u00e0 10 travailleurs saisonniers en haute saison. <\/p>\n<h3><strong>Lieu de travail :<\/strong><\/h3>\n<p>La ferme se trouve \u00e0 17 kilom\u00e8tres au nord-ouest de Bulawayo, juste \u00e0 c\u00f4t\u00e9 de l&rsquo;A8, la route principale menant aux chutes Victoria. L&rsquo;a\u00e9roport international de Bulawayo se trouve \u00e0 37 km de la ferme, via le centre ville de Bulawayo. <\/p>\n\t\t\t\t\t\t\t\t<\/div>\n\t\t\t\t<\/div>\n\t\t\t\t\t<\/div>\n\t\t\t\t<\/div>\n\t\t<div class=\"elementor-element elementor-element-7ee47ef e-flex e-con-boxed e-con e-parent\" data-id=\"7ee47ef\" data-element_type=\"container\" data-e-type=\"container\">\n\t\t\t\t\t<div class=\"e-con-inner\">\n\t\t<div class=\"elementor-element elementor-element-582a796 e-con-full e-flex e-con e-child\" data-id=\"582a796\" data-element_type=\"container\" data-e-type=\"container\">\n\t\t\t\t<div class=\"elementor-element elementor-element-b729cde elementor-widget elementor-widget-image\" data-id=\"b729cde\" data-element_type=\"widget\" data-e-type=\"widget\" data-widget_type=\"image.default\">\n\t\t\t\t<div class=\"elementor-widget-container\">\n\t\t\t\t\t\t\t\t\t\t\t\t\t\t\t<img fetchpriority=\"high\" decoding=\"async\" width=\"507\" height=\"540\" src=\"https:\/\/agri-cool.eu\/wp-content\/uploads\/2024\/10\/demo3.png\" class=\"attachment-large size-large wp-image-745\" alt=\"\" srcset=\"https:\/\/agri-cool.eu\/wp-content\/uploads\/2024\/10\/demo3.png 507w, https:\/\/agri-cool.eu\/wp-content\/uploads\/2024\/10\/demo3-282x300.png 282w\" sizes=\"(max-width: 507px) 100vw, 507px\" \/>\t\t\t\t\t\t\t\t\t\t\t\t\t\t\t<\/div>\n\t\t\t\t<\/div>\n\t\t\t\t<\/div>\n\t\t<div class=\"elementor-element elementor-element-94ed0b6 e-con-full e-flex e-con e-child\" data-id=\"94ed0b6\" data-element_type=\"container\" data-e-type=\"container\">\n\t\t\t\t<div class=\"elementor-element elementor-element-3ba722c elementor-widget elementor-widget-image\" data-id=\"3ba722c\" data-element_type=\"widget\" data-e-type=\"widget\" data-widget_type=\"image.default\">\n\t\t\t\t<div class=\"elementor-widget-container\">\n\t\t\t\t\t\t\t\t\t\t\t\t\t\t\t<img decoding=\"async\" width=\"392\" height=\"236\" src=\"https:\/\/agri-cool.eu\/wp-content\/uploads\/2024\/10\/demo33.png\" class=\"attachment-full size-full wp-image-747\" alt=\"\" srcset=\"https:\/\/agri-cool.eu\/wp-content\/uploads\/2024\/10\/demo33.png 392w, https:\/\/agri-cool.eu\/wp-content\/uploads\/2024\/10\/demo33-300x181.png 300w\" sizes=\"(max-width: 392px) 100vw, 392px\" \/>\t\t\t\t\t\t\t\t\t\t\t\t\t\t\t<\/div>\n\t\t\t\t<\/div>\n\t\t\t\t<\/div>\n\t\t\t\t\t<\/div>\n\t\t\t\t<\/div>\n\t\t<div class=\"elementor-element elementor-element-f79aed2 e-flex e-con-boxed e-con e-parent\" data-id=\"f79aed2\" data-element_type=\"container\" data-e-type=\"container\">\n\t\t\t\t\t<div class=\"e-con-inner\">\n\t\t\t\t<div class=\"elementor-element elementor-element-612e2e5 elementor-widget elementor-widget-text-editor\" data-id=\"612e2e5\" data-element_type=\"widget\" data-e-type=\"widget\" data-widget_type=\"text-editor.default\">\n\t\t\t\t<div class=\"elementor-widget-container\">\n\t\t\t\t\t\t\t\t\t<h3><strong>Ce que la ferme produit :<\/strong><\/h3>\n<p>40 hectares de l&rsquo;exploitation sont lou\u00e9s \u00e0 un producteur commercial de pommes de terre et 7 hectares sont exploit\u00e9s par le fils du propri\u00e9taire, Kenny Nkiwane, pour cultiver une vari\u00e9t\u00e9 de produits destin\u00e9s au march\u00e9 des l\u00e9gumes frais de Bulawayo, notamment des tomates, des noisettes, des choux, des oignons et des betteraves. L&rsquo;exploitation poss\u00e8de des droits d&rsquo;eau sur le syst\u00e8me d&rsquo;irrigation du barrage d&rsquo;Umguza, mais l&rsquo;eau est tr\u00e8s pollu\u00e9e et le niveau de l&rsquo;eau est trop bas pour permettre l&rsquo;irrigation en raison de la s\u00e9cheresse actuelle. L&rsquo;eau d&rsquo;un vieux trou de forage est utilis\u00e9e avec parcimonie pour irriguer les cultures \u00e0 l&rsquo;aide de goutte-\u00e0-goutte et de petits arroseurs a\u00e9riens.  <\/p>\n\t\t\t\t\t\t\t\t<\/div>\n\t\t\t\t<\/div>\n\t\t\t\t\t<\/div>\n\t\t\t\t<\/div>\n\t\t<div class=\"elementor-element elementor-element-0c697c9 e-flex e-con-boxed e-con e-parent\" data-id=\"0c697c9\" data-element_type=\"container\" data-e-type=\"container\">\n\t\t\t\t\t<div class=\"e-con-inner\">\n\t\t<div class=\"elementor-element elementor-element-0c06b6f e-con-full e-flex e-con e-child\" data-id=\"0c06b6f\" data-element_type=\"container\" data-e-type=\"container\">\n\t\t\t\t<div class=\"elementor-element elementor-element-1ab6f03 elementor-widget elementor-widget-image\" data-id=\"1ab6f03\" data-element_type=\"widget\" data-e-type=\"widget\" data-widget_type=\"image.default\">\n\t\t\t\t<div class=\"elementor-widget-container\">\n\t\t\t\t\t\t\t\t\t\t\t\t\t\t\t<img decoding=\"async\" width=\"660\" height=\"495\" src=\"https:\/\/agri-cool.eu\/wp-content\/uploads\/2024\/10\/demo3-3.jpg\" class=\"attachment-large size-large wp-image-741\" alt=\"\" srcset=\"https:\/\/agri-cool.eu\/wp-content\/uploads\/2024\/10\/demo3-3.jpg 660w, https:\/\/agri-cool.eu\/wp-content\/uploads\/2024\/10\/demo3-3-300x225.jpg 300w\" sizes=\"(max-width: 660px) 100vw, 660px\" \/>\t\t\t\t\t\t\t\t\t\t\t\t\t\t\t<\/div>\n\t\t\t\t<\/div>\n\t\t\t\t<\/div>\n\t\t<div class=\"elementor-element elementor-element-9a28d71 e-con-full e-flex e-con e-child\" data-id=\"9a28d71\" data-element_type=\"container\" data-e-type=\"container\">\n\t\t\t\t<div class=\"elementor-element elementor-element-812dcc0 elementor-widget elementor-widget-image\" data-id=\"812dcc0\" data-element_type=\"widget\" data-e-type=\"widget\" data-widget_type=\"image.default\">\n\t\t\t\t<div class=\"elementor-widget-container\">\n\t\t\t\t\t\t\t\t\t\t\t\t\t\t\t<img loading=\"lazy\" decoding=\"async\" width=\"434\" height=\"324\" src=\"https:\/\/agri-cool.eu\/wp-content\/uploads\/2024\/10\/demo3-4.jpg\" class=\"attachment-full size-full wp-image-743\" alt=\"\" srcset=\"https:\/\/agri-cool.eu\/wp-content\/uploads\/2024\/10\/demo3-4.jpg 434w, https:\/\/agri-cool.eu\/wp-content\/uploads\/2024\/10\/demo3-4-300x224.jpg 300w\" sizes=\"(max-width: 434px) 100vw, 434px\" \/>\t\t\t\t\t\t\t\t\t\t\t\t\t\t\t<\/div>\n\t\t\t\t<\/div>\n\t\t\t\t<\/div>\n\t\t\t\t\t<\/div>\n\t\t\t\t<\/div>\n\t\t<div class=\"elementor-element elementor-element-df0a7cc e-flex e-con-boxed e-con e-parent\" data-id=\"df0a7cc\" data-element_type=\"container\" data-e-type=\"container\">\n\t\t\t\t\t<div class=\"e-con-inner\">\n\t\t\t\t<div class=\"elementor-element elementor-element-72f9508 elementor-widget elementor-widget-text-editor\" data-id=\"72f9508\" data-element_type=\"widget\" data-e-type=\"widget\" data-widget_type=\"text-editor.default\">\n\t\t\t\t<div class=\"elementor-widget-container\">\n\t\t\t\t\t\t\t\t\t<h3><strong>Consommation d&rsquo;\u00e9nergie :<\/strong><\/h3>\n<p>L&rsquo;\u00e9nergie au Zimbabwe est un probl\u00e8me s\u00e9rieux pour le pays. L&rsquo;utilisation intensive de bois de chauffage entra\u00eene la d\u00e9forestation et la capacit\u00e9 de production d&rsquo;\u00e9lectricit\u00e9 est trop faible pour le niveau de consommation actuel. Le Zimbabwe dispose d&rsquo;une centrale hydro\u00e9lectrique et de quatre g\u00e9n\u00e9rateurs au charbon qui produisent une capacit\u00e9 totale combin\u00e9e de 2 240 m\u00e9gawatts. La capacit\u00e9 de la centrale hydro\u00e9lectrique de Kariba est de 1050 MW, mais en raison du faible niveau du barrage, la capacit\u00e9 de production actuelle n&rsquo;est que de 215 MW ( https:\/\/www.newsday.co.zw\/local-news\/article\/200031810\/more-dark-days-aheadas-kariba-faces-shutdown (MW). [https:\/\/venturesafrica.com\/zimbabwes-centragrid-makes-plans-to-scale-up-solar-output\/] Seuls 79,9 % de la population ont acc\u00e8s \u00e0 l&rsquo;\u00e9lectricit\u00e9.<\/p>\n<p>En raison du manque de fiabilit\u00e9 de l&rsquo;approvisionnement en \u00e9lectricit\u00e9, le choix des cultures de l&rsquo;exploitation est limit\u00e9 aux cultivars qui ne n\u00e9cessitent pas de traitement ou de refroidissement. Avec l&rsquo;acc\u00e8s \u00e0 l&rsquo;\u00e9nergie et au refroidissement, une plus grande vari\u00e9t\u00e9 de cultures sera envisag\u00e9e. <\/p>\n\t\t\t\t\t\t\t\t<\/div>\n\t\t\t\t<\/div>\n\t\t\t\t\t<\/div>\n\t\t\t\t<\/div>\n\t\t\t\t<\/div>\n\t\t","protected":false},"excerpt":{"rendered":"<p>Historique de l&rsquo;exploitation : La propri\u00e9taire de la ferme d&rsquo;Umguza est Mme Nkiwane, qui d\u00e9tient les titres de propri\u00e9t\u00e9. La ferme emploie 4 travailleurs \u00e0 temps plein et jusqu&rsquo;\u00e0 10 travailleurs saisonniers en haute saison. Lieu de travail : La ferme se trouve \u00e0 17 kilom\u00e8tres au nord-ouest de Bulawayo, juste \u00e0 c\u00f4t\u00e9 de l&rsquo;A8, [&hellip;]<\/p>\n","protected":false},"author":2,"featured_media":0,"parent":809,"menu_order":0,"comment_status":"closed","ping_status":"closed","template":"elementor_header_footer","meta":{"footnotes":""},"class_list":["post-1173","page","type-page","status-publish","hentry"],"yoast_head":"<!-- This site is optimized with the Yoast SEO plugin v27.3 - https:\/\/yoast.com\/product\/yoast-seo-wordpress\/ -->\n<title>DEMO3 - Bulawayo Umguza Farm (Zimbabwe) - AGRI COOL<\/title>\n<meta name=\"robots\" content=\"index, follow, max-snippet:-1, max-image-preview:large, max-video-preview:-1\" \/>\n<link rel=\"canonical\" href=\"https:\/\/agri-cool.eu\/fr\/demonstration-sites\/demo3-bulawayo-umguza-farm-zimbabwe\/\" \/>\n<meta property=\"og:locale\" content=\"fr_FR\" \/>\n<meta property=\"og:type\" content=\"article\" \/>\n<meta property=\"og:title\" content=\"DEMO3 - Bulawayo Umguza Farm (Zimbabwe) - AGRI COOL\" \/>\n<meta property=\"og:description\" content=\"Historique de l&rsquo;exploitation : La propri\u00e9taire de la ferme d&rsquo;Umguza est Mme Nkiwane, qui d\u00e9tient les titres de propri\u00e9t\u00e9. La ferme emploie 4 travailleurs \u00e0 temps plein et jusqu&rsquo;\u00e0 10 travailleurs saisonniers en haute saison. Lieu de travail : La ferme se trouve \u00e0 17 kilom\u00e8tres au nord-ouest de Bulawayo, juste \u00e0 c\u00f4t\u00e9 de l&rsquo;A8, [&hellip;]\" \/>\n<meta property=\"og:url\" content=\"https:\/\/agri-cool.eu\/fr\/demonstration-sites\/demo3-bulawayo-umguza-farm-zimbabwe\/\" \/>\n<meta property=\"og:site_name\" content=\"AGRI COOL\" \/>\n<meta property=\"article:modified_time\" content=\"2024-11-20T18:18:55+00:00\" \/>\n<meta property=\"og:image\" content=\"https:\/\/agri-cool.eu\/wp-content\/uploads\/2024\/10\/demo3.png\" \/>\n\t<meta property=\"og:image:width\" content=\"507\" \/>\n\t<meta property=\"og:image:height\" content=\"540\" \/>\n\t<meta property=\"og:image:type\" content=\"image\/png\" \/>\n<meta name=\"twitter:card\" content=\"summary_large_image\" \/>\n<meta name=\"twitter:label1\" content=\"Dur\u00e9e de lecture estim\u00e9e\" \/>\n\t<meta name=\"twitter:data1\" content=\"2 minutes\" \/>\n<script type=\"application\/ld+json\" class=\"yoast-schema-graph\">{\"@context\":\"https:\\\/\\\/schema.org\",\"@graph\":[{\"@type\":\"WebPage\",\"@id\":\"https:\\\/\\\/agri-cool.eu\\\/fr\\\/demonstration-sites\\\/demo3-bulawayo-umguza-farm-zimbabwe\\\/\",\"url\":\"https:\\\/\\\/agri-cool.eu\\\/fr\\\/demonstration-sites\\\/demo3-bulawayo-umguza-farm-zimbabwe\\\/\",\"name\":\"DEMO3 - Bulawayo Umguza Farm (Zimbabwe) - AGRI COOL\",\"isPartOf\":{\"@id\":\"https:\\\/\\\/agri-cool.eu\\\/#website\"},\"primaryImageOfPage\":{\"@id\":\"https:\\\/\\\/agri-cool.eu\\\/fr\\\/demonstration-sites\\\/demo3-bulawayo-umguza-farm-zimbabwe\\\/#primaryimage\"},\"image\":{\"@id\":\"https:\\\/\\\/agri-cool.eu\\\/fr\\\/demonstration-sites\\\/demo3-bulawayo-umguza-farm-zimbabwe\\\/#primaryimage\"},\"thumbnailUrl\":\"https:\\\/\\\/agri-cool.eu\\\/wp-content\\\/uploads\\\/2024\\\/10\\\/demo3.png\",\"datePublished\":\"2024-10-07T03:59:05+00:00\",\"dateModified\":\"2024-11-20T18:18:55+00:00\",\"breadcrumb\":{\"@id\":\"https:\\\/\\\/agri-cool.eu\\\/fr\\\/demonstration-sites\\\/demo3-bulawayo-umguza-farm-zimbabwe\\\/#breadcrumb\"},\"inLanguage\":\"fr-FR\",\"potentialAction\":[{\"@type\":\"ReadAction\",\"target\":[\"https:\\\/\\\/agri-cool.eu\\\/fr\\\/demonstration-sites\\\/demo3-bulawayo-umguza-farm-zimbabwe\\\/\"]}]},{\"@type\":\"ImageObject\",\"inLanguage\":\"fr-FR\",\"@id\":\"https:\\\/\\\/agri-cool.eu\\\/fr\\\/demonstration-sites\\\/demo3-bulawayo-umguza-farm-zimbabwe\\\/#primaryimage\",\"url\":\"https:\\\/\\\/agri-cool.eu\\\/wp-content\\\/uploads\\\/2024\\\/10\\\/demo3.png\",\"contentUrl\":\"https:\\\/\\\/agri-cool.eu\\\/wp-content\\\/uploads\\\/2024\\\/10\\\/demo3.png\"},{\"@type\":\"BreadcrumbList\",\"@id\":\"https:\\\/\\\/agri-cool.eu\\\/fr\\\/demonstration-sites\\\/demo3-bulawayo-umguza-farm-zimbabwe\\\/#breadcrumb\",\"itemListElement\":[{\"@type\":\"ListItem\",\"position\":1,\"name\":\"Home\",\"item\":\"https:\\\/\\\/agri-cool.eu\\\/fr\\\/accueil\\\/\"},{\"@type\":\"ListItem\",\"position\":2,\"name\":\"Sites de d\u00e9monstration\",\"item\":\"https:\\\/\\\/agri-cool.eu\\\/fr\\\/demonstration-sites\\\/\"},{\"@type\":\"ListItem\",\"position\":3,\"name\":\"DEMO3 &#8211; Bulawayo Umguza Farm (Zimbabwe)\"}]},{\"@type\":\"WebSite\",\"@id\":\"https:\\\/\\\/agri-cool.eu\\\/#website\",\"url\":\"https:\\\/\\\/agri-cool.eu\\\/\",\"name\":\"AGRI COOL\",\"description\":\"\",\"potentialAction\":[{\"@type\":\"SearchAction\",\"target\":{\"@type\":\"EntryPoint\",\"urlTemplate\":\"https:\\\/\\\/agri-cool.eu\\\/?s={search_term_string}\"},\"query-input\":{\"@type\":\"PropertyValueSpecification\",\"valueRequired\":true,\"valueName\":\"search_term_string\"}}],\"inLanguage\":\"fr-FR\"}]}<\/script>\n<!-- \/ Yoast SEO plugin. -->","yoast_head_json":{"title":"DEMO3 - Bulawayo Umguza Farm (Zimbabwe) - AGRI COOL","robots":{"index":"index","follow":"follow","max-snippet":"max-snippet:-1","max-image-preview":"max-image-preview:large","max-video-preview":"max-video-preview:-1"},"canonical":"https:\/\/agri-cool.eu\/fr\/demonstration-sites\/demo3-bulawayo-umguza-farm-zimbabwe\/","og_locale":"fr_FR","og_type":"article","og_title":"DEMO3 - Bulawayo Umguza Farm (Zimbabwe) - AGRI COOL","og_description":"Historique de l&rsquo;exploitation : La propri\u00e9taire de la ferme d&rsquo;Umguza est Mme Nkiwane, qui d\u00e9tient les titres de propri\u00e9t\u00e9. La ferme emploie 4 travailleurs \u00e0 temps plein et jusqu&rsquo;\u00e0 10 travailleurs saisonniers en haute saison. Lieu de travail : La ferme se trouve \u00e0 17 kilom\u00e8tres au nord-ouest de Bulawayo, juste \u00e0 c\u00f4t\u00e9 de l&rsquo;A8, [&hellip;]","og_url":"https:\/\/agri-cool.eu\/fr\/demonstration-sites\/demo3-bulawayo-umguza-farm-zimbabwe\/","og_site_name":"AGRI COOL","article_modified_time":"2024-11-20T18:18:55+00:00","og_image":[{"width":507,"height":540,"url":"https:\/\/agri-cool.eu\/wp-content\/uploads\/2024\/10\/demo3.png","type":"image\/png"}],"twitter_card":"summary_large_image","twitter_misc":{"Dur\u00e9e de lecture estim\u00e9e":"2 minutes"},"schema":{"@context":"https:\/\/schema.org","@graph":[{"@type":"WebPage","@id":"https:\/\/agri-cool.eu\/fr\/demonstration-sites\/demo3-bulawayo-umguza-farm-zimbabwe\/","url":"https:\/\/agri-cool.eu\/fr\/demonstration-sites\/demo3-bulawayo-umguza-farm-zimbabwe\/","name":"DEMO3 - Bulawayo Umguza Farm (Zimbabwe) - AGRI COOL","isPartOf":{"@id":"https:\/\/agri-cool.eu\/#website"},"primaryImageOfPage":{"@id":"https:\/\/agri-cool.eu\/fr\/demonstration-sites\/demo3-bulawayo-umguza-farm-zimbabwe\/#primaryimage"},"image":{"@id":"https:\/\/agri-cool.eu\/fr\/demonstration-sites\/demo3-bulawayo-umguza-farm-zimbabwe\/#primaryimage"},"thumbnailUrl":"https:\/\/agri-cool.eu\/wp-content\/uploads\/2024\/10\/demo3.png","datePublished":"2024-10-07T03:59:05+00:00","dateModified":"2024-11-20T18:18:55+00:00","breadcrumb":{"@id":"https:\/\/agri-cool.eu\/fr\/demonstration-sites\/demo3-bulawayo-umguza-farm-zimbabwe\/#breadcrumb"},"inLanguage":"fr-FR","potentialAction":[{"@type":"ReadAction","target":["https:\/\/agri-cool.eu\/fr\/demonstration-sites\/demo3-bulawayo-umguza-farm-zimbabwe\/"]}]},{"@type":"ImageObject","inLanguage":"fr-FR","@id":"https:\/\/agri-cool.eu\/fr\/demonstration-sites\/demo3-bulawayo-umguza-farm-zimbabwe\/#primaryimage","url":"https:\/\/agri-cool.eu\/wp-content\/uploads\/2024\/10\/demo3.png","contentUrl":"https:\/\/agri-cool.eu\/wp-content\/uploads\/2024\/10\/demo3.png"},{"@type":"BreadcrumbList","@id":"https:\/\/agri-cool.eu\/fr\/demonstration-sites\/demo3-bulawayo-umguza-farm-zimbabwe\/#breadcrumb","itemListElement":[{"@type":"ListItem","position":1,"name":"Home","item":"https:\/\/agri-cool.eu\/fr\/accueil\/"},{"@type":"ListItem","position":2,"name":"Sites de d\u00e9monstration","item":"https:\/\/agri-cool.eu\/fr\/demonstration-sites\/"},{"@type":"ListItem","position":3,"name":"DEMO3 &#8211; Bulawayo Umguza Farm (Zimbabwe)"}]},{"@type":"WebSite","@id":"https:\/\/agri-cool.eu\/#website","url":"https:\/\/agri-cool.eu\/","name":"AGRI COOL","description":"","potentialAction":[{"@type":"SearchAction","target":{"@type":"EntryPoint","urlTemplate":"https:\/\/agri-cool.eu\/?s={search_term_string}"},"query-input":{"@type":"PropertyValueSpecification","valueRequired":true,"valueName":"search_term_string"}}],"inLanguage":"fr-FR"}]}},"_links":{"self":[{"href":"https:\/\/agri-cool.eu\/fr\/wp-json\/wp\/v2\/pages\/1173","targetHints":{"allow":["GET"]}}],"collection":[{"href":"https:\/\/agri-cool.eu\/fr\/wp-json\/wp\/v2\/pages"}],"about":[{"href":"https:\/\/agri-cool.eu\/fr\/wp-json\/wp\/v2\/types\/page"}],"author":[{"embeddable":true,"href":"https:\/\/agri-cool.eu\/fr\/wp-json\/wp\/v2\/users\/2"}],"replies":[{"embeddable":true,"href":"https:\/\/agri-cool.eu\/fr\/wp-json\/wp\/v2\/comments?post=1173"}],"version-history":[{"count":1,"href":"https:\/\/agri-cool.eu\/fr\/wp-json\/wp\/v2\/pages\/1173\/revisions"}],"predecessor-version":[{"id":1174,"href":"https:\/\/agri-cool.eu\/fr\/wp-json\/wp\/v2\/pages\/1173\/revisions\/1174"}],"up":[{"embeddable":true,"href":"https:\/\/agri-cool.eu\/fr\/wp-json\/wp\/v2\/pages\/809"}],"wp:attachment":[{"href":"https:\/\/agri-cool.eu\/fr\/wp-json\/wp\/v2\/media?parent=1173"}],"curies":[{"name":"wp","href":"https:\/\/api.w.org\/{rel}","templated":true}]}}