{"id":1169,"date":"2024-10-07T05:57:13","date_gmt":"2024-10-07T03:57:13","guid":{"rendered":"https:\/\/agri-cool.eu\/demonstration-sites\/demo2-xingalool-somalie\/"},"modified":"2024-11-20T19:18:14","modified_gmt":"2024-11-20T18:18:14","slug":"demo2-xingalool-somalie","status":"publish","type":"page","link":"https:\/\/agri-cool.eu\/fr\/demonstration-sites\/demo2-xingalool-somalie\/","title":{"rendered":"DEMO2 &#8211; Xingalool (Somalie)"},"content":{"rendered":"\t\t<div data-elementor-type=\"wp-page\" data-elementor-id=\"1169\" class=\"elementor elementor-1169 elementor-511\" data-elementor-post-type=\"page\">\n\t\t\t\t\t\t<section class=\"elementor-section elementor-top-section elementor-element elementor-element-1a1f9ca elementor-section-boxed elementor-section-height-default elementor-section-height-default\" data-id=\"1a1f9ca\" data-element_type=\"section\" data-e-type=\"section\" data-settings=\"{&quot;background_background&quot;:&quot;classic&quot;}\">\n\t\t\t\t\t\t\t<div class=\"elementor-background-overlay\"><\/div>\n\t\t\t\t\t\t\t<div class=\"elementor-container elementor-column-gap-default\">\n\t\t\t\t\t<div class=\"elementor-column elementor-col-100 elementor-top-column elementor-element elementor-element-8e30542\" data-id=\"8e30542\" data-element_type=\"column\" data-e-type=\"column\">\n\t\t\t<div class=\"elementor-widget-wrap elementor-element-populated\">\n\t\t\t\t\t\t<div class=\"elementor-element elementor-element-be42ac5 elementor-widget elementor-widget-heading\" data-id=\"be42ac5\" data-element_type=\"widget\" data-e-type=\"widget\" data-widget_type=\"heading.default\">\n\t\t\t\t<div class=\"elementor-widget-container\">\n\t\t\t\t\t<h1 class=\"elementor-heading-title elementor-size-default\">DEMO2 &#8211; Xingalool (Somalie)<\/h1>\t\t\t\t<\/div>\n\t\t\t\t<\/div>\n\t\t\t\t\t<\/div>\n\t\t<\/div>\n\t\t\t\t\t<\/div>\n\t\t<\/section>\n\t\t<div class=\"elementor-element elementor-element-fc00401 e-flex e-con-boxed e-con e-parent\" data-id=\"fc00401\" data-element_type=\"container\" data-e-type=\"container\">\n\t\t\t\t\t<div class=\"e-con-inner\">\n\t\t\t\t<div class=\"elementor-element elementor-element-9d078a4 elementor-widget elementor-widget-text-editor\" data-id=\"9d078a4\" data-element_type=\"widget\" data-e-type=\"widget\" data-widget_type=\"text-editor.default\">\n\t\t\t\t<div class=\"elementor-widget-container\">\n\t\t\t\t\t\t\t\t\t<p>Le climat de la Somalie est influenc\u00e9 par la zone de convergence intertropicale, les vents de mousson et les courants oc\u00e9aniques, les courants-jets, notamment le Somali Jetstream ou courant de Somalie, les vagues d&rsquo;est, les cyclones tropicaux et les conditions de l&rsquo;oc\u00e9an Indien et de la mer Rouge. La Somalie est g\u00e9n\u00e9ralement aride et semi-aride, avec deux saisons de pr\u00e9cipitations. La temp\u00e9rature moyenne annuelle est proche de 30\u00b0\u0421 dans tout le pays. La Corne de l&rsquo;Afrique conna\u00eet \u00e9galement la pire s\u00e9cheresse de ces dix derni\u00e8res ann\u00e9es, ce qui a entra\u00een\u00e9 d&rsquo;\u00e9normes pertes de b\u00e9tail et contraint de nombreux \u00e9leveurs nomades \u00e0 s&rsquo;installer dans des zones construites.<\/p>\n\t\t\t\t\t\t\t\t<\/div>\n\t\t\t\t<\/div>\n\t\t\t\t\t<\/div>\n\t\t\t\t<\/div>\n\t\t<div class=\"elementor-element elementor-element-7ee47ef e-flex e-con-boxed e-con e-parent\" data-id=\"7ee47ef\" data-element_type=\"container\" data-e-type=\"container\">\n\t\t\t\t\t<div class=\"e-con-inner\">\n\t\t<div class=\"elementor-element elementor-element-582a796 e-con-full e-flex e-con e-child\" data-id=\"582a796\" data-element_type=\"container\" data-e-type=\"container\">\n\t\t\t\t<div class=\"elementor-element elementor-element-b729cde elementor-widget elementor-widget-image\" data-id=\"b729cde\" data-element_type=\"widget\" data-e-type=\"widget\" data-widget_type=\"image.default\">\n\t\t\t\t<div class=\"elementor-widget-container\">\n\t\t\t\t\t\t\t\t\t\t\t\t\t\t\t<img fetchpriority=\"high\" decoding=\"async\" width=\"800\" height=\"452\" src=\"https:\/\/agri-cool.eu\/wp-content\/uploads\/2024\/10\/demo2-1024x578.jpg\" class=\"attachment-large size-large wp-image-737\" alt=\"\" srcset=\"https:\/\/agri-cool.eu\/wp-content\/uploads\/2024\/10\/demo2-1024x578.jpg 1024w, https:\/\/agri-cool.eu\/wp-content\/uploads\/2024\/10\/demo2-300x169.jpg 300w, https:\/\/agri-cool.eu\/wp-content\/uploads\/2024\/10\/demo2-768x434.jpg 768w, https:\/\/agri-cool.eu\/wp-content\/uploads\/2024\/10\/demo2-1536x867.jpg 1536w, https:\/\/agri-cool.eu\/wp-content\/uploads\/2024\/10\/demo2.jpg 1546w\" sizes=\"(max-width: 800px) 100vw, 800px\" \/>\t\t\t\t\t\t\t\t\t\t\t\t\t\t\t<\/div>\n\t\t\t\t<\/div>\n\t\t\t\t<\/div>\n\t\t<div class=\"elementor-element elementor-element-94ed0b6 e-con-full e-flex e-con e-child\" data-id=\"94ed0b6\" data-element_type=\"container\" data-e-type=\"container\">\n\t\t\t\t<div class=\"elementor-element elementor-element-3ba722c elementor-widget elementor-widget-image\" data-id=\"3ba722c\" data-element_type=\"widget\" data-e-type=\"widget\" data-widget_type=\"image.default\">\n\t\t\t\t<div class=\"elementor-widget-container\">\n\t\t\t\t\t\t\t\t\t\t\t\t\t\t\t<img decoding=\"async\" width=\"800\" height=\"451\" src=\"https:\/\/agri-cool.eu\/wp-content\/uploads\/2024\/10\/demo22-1024x577.jpg\" class=\"attachment-large size-large wp-image-739\" alt=\"\" srcset=\"https:\/\/agri-cool.eu\/wp-content\/uploads\/2024\/10\/demo22-1024x577.jpg 1024w, https:\/\/agri-cool.eu\/wp-content\/uploads\/2024\/10\/demo22-300x169.jpg 300w, https:\/\/agri-cool.eu\/wp-content\/uploads\/2024\/10\/demo22-768x433.jpg 768w, https:\/\/agri-cool.eu\/wp-content\/uploads\/2024\/10\/demo22-1536x866.jpg 1536w, https:\/\/agri-cool.eu\/wp-content\/uploads\/2024\/10\/demo22.jpg 1701w\" sizes=\"(max-width: 800px) 100vw, 800px\" \/>\t\t\t\t\t\t\t\t\t\t\t\t\t\t\t<\/div>\n\t\t\t\t<\/div>\n\t\t\t\t<\/div>\n\t\t\t\t\t<\/div>\n\t\t\t\t<\/div>\n\t\t\t\t<\/div>\n\t\t","protected":false},"excerpt":{"rendered":"<p>Le climat de la Somalie est influenc\u00e9 par la zone de convergence intertropicale, les vents de mousson et les courants oc\u00e9aniques, les courants-jets, notamment le Somali Jetstream ou courant de Somalie, les vagues d&rsquo;est, les cyclones tropicaux et les conditions de l&rsquo;oc\u00e9an Indien et de la mer Rouge. La Somalie est g\u00e9n\u00e9ralement aride et semi-aride, [&hellip;]<\/p>\n","protected":false},"author":2,"featured_media":0,"parent":809,"menu_order":0,"comment_status":"closed","ping_status":"closed","template":"elementor_header_footer","meta":{"footnotes":""},"class_list":["post-1169","page","type-page","status-publish","hentry"],"yoast_head":"<!-- This site is optimized with the Yoast SEO plugin v27.3 - https:\/\/yoast.com\/product\/yoast-seo-wordpress\/ -->\n<title>DEMO2 - Xingalool (Somalie) - AGRI COOL<\/title>\n<meta name=\"robots\" content=\"index, follow, max-snippet:-1, max-image-preview:large, max-video-preview:-1\" \/>\n<link rel=\"canonical\" href=\"https:\/\/agri-cool.eu\/demonstration-sites\/demo2-xingalool-somalia\/\" \/>\n<meta property=\"og:locale\" content=\"fr_FR\" \/>\n<meta property=\"og:type\" content=\"article\" \/>\n<meta property=\"og:title\" content=\"DEMO2 - Xingalool (Somalie) - AGRI COOL\" \/>\n<meta property=\"og:description\" content=\"Le climat de la Somalie est influenc\u00e9 par la zone de convergence intertropicale, les vents de mousson et les courants oc\u00e9aniques, les courants-jets, notamment le Somali Jetstream ou courant de Somalie, les vagues d&rsquo;est, les cyclones tropicaux et les conditions de l&rsquo;oc\u00e9an Indien et de la mer Rouge. La Somalie est g\u00e9n\u00e9ralement aride et semi-aride, [&hellip;]\" \/>\n<meta property=\"og:url\" content=\"https:\/\/agri-cool.eu\/demonstration-sites\/demo2-xingalool-somalia\/\" \/>\n<meta property=\"og:site_name\" content=\"AGRI COOL\" \/>\n<meta property=\"article:modified_time\" content=\"2024-11-20T18:18:14+00:00\" \/>\n<meta property=\"og:image\" content=\"https:\/\/agri-cool.eu\/wp-content\/uploads\/2024\/10\/demo2.jpg\" \/>\n\t<meta property=\"og:image:width\" content=\"1546\" \/>\n\t<meta property=\"og:image:height\" content=\"873\" \/>\n\t<meta property=\"og:image:type\" content=\"image\/jpeg\" \/>\n<meta name=\"twitter:card\" content=\"summary_large_image\" \/>\n<meta name=\"twitter:label1\" content=\"Dur\u00e9e de lecture estim\u00e9e\" \/>\n\t<meta name=\"twitter:data1\" content=\"1 minute\" \/>\n<script type=\"application\/ld+json\" class=\"yoast-schema-graph\">{\"@context\":\"https:\\\/\\\/schema.org\",\"@graph\":[{\"@type\":\"WebPage\",\"@id\":\"https:\\\/\\\/agri-cool.eu\\\/demonstration-sites\\\/demo2-xingalool-somalia\\\/\",\"url\":\"https:\\\/\\\/agri-cool.eu\\\/demonstration-sites\\\/demo2-xingalool-somalia\\\/\",\"name\":\"DEMO2 - Xingalool (Somalie) - AGRI COOL\",\"isPartOf\":{\"@id\":\"https:\\\/\\\/agri-cool.eu\\\/#website\"},\"primaryImageOfPage\":{\"@id\":\"https:\\\/\\\/agri-cool.eu\\\/demonstration-sites\\\/demo2-xingalool-somalia\\\/#primaryimage\"},\"image\":{\"@id\":\"https:\\\/\\\/agri-cool.eu\\\/demonstration-sites\\\/demo2-xingalool-somalia\\\/#primaryimage\"},\"thumbnailUrl\":\"https:\\\/\\\/agri-cool.eu\\\/wp-content\\\/uploads\\\/2024\\\/10\\\/demo2-1024x578.jpg\",\"datePublished\":\"2024-10-07T03:57:13+00:00\",\"dateModified\":\"2024-11-20T18:18:14+00:00\",\"breadcrumb\":{\"@id\":\"https:\\\/\\\/agri-cool.eu\\\/demonstration-sites\\\/demo2-xingalool-somalia\\\/#breadcrumb\"},\"inLanguage\":\"fr-FR\",\"potentialAction\":[{\"@type\":\"ReadAction\",\"target\":[\"https:\\\/\\\/agri-cool.eu\\\/demonstration-sites\\\/demo2-xingalool-somalia\\\/\"]}]},{\"@type\":\"ImageObject\",\"inLanguage\":\"fr-FR\",\"@id\":\"https:\\\/\\\/agri-cool.eu\\\/demonstration-sites\\\/demo2-xingalool-somalia\\\/#primaryimage\",\"url\":\"https:\\\/\\\/agri-cool.eu\\\/wp-content\\\/uploads\\\/2024\\\/10\\\/demo2-1024x578.jpg\",\"contentUrl\":\"https:\\\/\\\/agri-cool.eu\\\/wp-content\\\/uploads\\\/2024\\\/10\\\/demo2-1024x578.jpg\"},{\"@type\":\"BreadcrumbList\",\"@id\":\"https:\\\/\\\/agri-cool.eu\\\/demonstration-sites\\\/demo2-xingalool-somalia\\\/#breadcrumb\",\"itemListElement\":[{\"@type\":\"ListItem\",\"position\":1,\"name\":\"Home\",\"item\":\"https:\\\/\\\/agri-cool.eu\\\/fr\\\/accueil\\\/\"},{\"@type\":\"ListItem\",\"position\":2,\"name\":\"Sites de d\u00e9monstration\",\"item\":\"https:\\\/\\\/agri-cool.eu\\\/fr\\\/demonstration-sites\\\/\"},{\"@type\":\"ListItem\",\"position\":3,\"name\":\"DEMO2 &#8211; Xingalool (Somalie)\"}]},{\"@type\":\"WebSite\",\"@id\":\"https:\\\/\\\/agri-cool.eu\\\/#website\",\"url\":\"https:\\\/\\\/agri-cool.eu\\\/\",\"name\":\"AGRI COOL\",\"description\":\"\",\"potentialAction\":[{\"@type\":\"SearchAction\",\"target\":{\"@type\":\"EntryPoint\",\"urlTemplate\":\"https:\\\/\\\/agri-cool.eu\\\/?s={search_term_string}\"},\"query-input\":{\"@type\":\"PropertyValueSpecification\",\"valueRequired\":true,\"valueName\":\"search_term_string\"}}],\"inLanguage\":\"fr-FR\"}]}<\/script>\n<!-- \/ Yoast SEO plugin. -->","yoast_head_json":{"title":"DEMO2 - Xingalool (Somalie) - AGRI COOL","robots":{"index":"index","follow":"follow","max-snippet":"max-snippet:-1","max-image-preview":"max-image-preview:large","max-video-preview":"max-video-preview:-1"},"canonical":"https:\/\/agri-cool.eu\/demonstration-sites\/demo2-xingalool-somalia\/","og_locale":"fr_FR","og_type":"article","og_title":"DEMO2 - Xingalool (Somalie) - AGRI COOL","og_description":"Le climat de la Somalie est influenc\u00e9 par la zone de convergence intertropicale, les vents de mousson et les courants oc\u00e9aniques, les courants-jets, notamment le Somali Jetstream ou courant de Somalie, les vagues d&rsquo;est, les cyclones tropicaux et les conditions de l&rsquo;oc\u00e9an Indien et de la mer Rouge. La Somalie est g\u00e9n\u00e9ralement aride et semi-aride, [&hellip;]","og_url":"https:\/\/agri-cool.eu\/demonstration-sites\/demo2-xingalool-somalia\/","og_site_name":"AGRI COOL","article_modified_time":"2024-11-20T18:18:14+00:00","og_image":[{"width":1546,"height":873,"url":"https:\/\/agri-cool.eu\/wp-content\/uploads\/2024\/10\/demo2.jpg","type":"image\/jpeg"}],"twitter_card":"summary_large_image","twitter_misc":{"Dur\u00e9e de lecture estim\u00e9e":"1 minute"},"schema":{"@context":"https:\/\/schema.org","@graph":[{"@type":"WebPage","@id":"https:\/\/agri-cool.eu\/demonstration-sites\/demo2-xingalool-somalia\/","url":"https:\/\/agri-cool.eu\/demonstration-sites\/demo2-xingalool-somalia\/","name":"DEMO2 - Xingalool (Somalie) - AGRI COOL","isPartOf":{"@id":"https:\/\/agri-cool.eu\/#website"},"primaryImageOfPage":{"@id":"https:\/\/agri-cool.eu\/demonstration-sites\/demo2-xingalool-somalia\/#primaryimage"},"image":{"@id":"https:\/\/agri-cool.eu\/demonstration-sites\/demo2-xingalool-somalia\/#primaryimage"},"thumbnailUrl":"https:\/\/agri-cool.eu\/wp-content\/uploads\/2024\/10\/demo2-1024x578.jpg","datePublished":"2024-10-07T03:57:13+00:00","dateModified":"2024-11-20T18:18:14+00:00","breadcrumb":{"@id":"https:\/\/agri-cool.eu\/demonstration-sites\/demo2-xingalool-somalia\/#breadcrumb"},"inLanguage":"fr-FR","potentialAction":[{"@type":"ReadAction","target":["https:\/\/agri-cool.eu\/demonstration-sites\/demo2-xingalool-somalia\/"]}]},{"@type":"ImageObject","inLanguage":"fr-FR","@id":"https:\/\/agri-cool.eu\/demonstration-sites\/demo2-xingalool-somalia\/#primaryimage","url":"https:\/\/agri-cool.eu\/wp-content\/uploads\/2024\/10\/demo2-1024x578.jpg","contentUrl":"https:\/\/agri-cool.eu\/wp-content\/uploads\/2024\/10\/demo2-1024x578.jpg"},{"@type":"BreadcrumbList","@id":"https:\/\/agri-cool.eu\/demonstration-sites\/demo2-xingalool-somalia\/#breadcrumb","itemListElement":[{"@type":"ListItem","position":1,"name":"Home","item":"https:\/\/agri-cool.eu\/fr\/accueil\/"},{"@type":"ListItem","position":2,"name":"Sites de d\u00e9monstration","item":"https:\/\/agri-cool.eu\/fr\/demonstration-sites\/"},{"@type":"ListItem","position":3,"name":"DEMO2 &#8211; Xingalool (Somalie)"}]},{"@type":"WebSite","@id":"https:\/\/agri-cool.eu\/#website","url":"https:\/\/agri-cool.eu\/","name":"AGRI COOL","description":"","potentialAction":[{"@type":"SearchAction","target":{"@type":"EntryPoint","urlTemplate":"https:\/\/agri-cool.eu\/?s={search_term_string}"},"query-input":{"@type":"PropertyValueSpecification","valueRequired":true,"valueName":"search_term_string"}}],"inLanguage":"fr-FR"}]}},"_links":{"self":[{"href":"https:\/\/agri-cool.eu\/fr\/wp-json\/wp\/v2\/pages\/1169","targetHints":{"allow":["GET"]}}],"collection":[{"href":"https:\/\/agri-cool.eu\/fr\/wp-json\/wp\/v2\/pages"}],"about":[{"href":"https:\/\/agri-cool.eu\/fr\/wp-json\/wp\/v2\/types\/page"}],"author":[{"embeddable":true,"href":"https:\/\/agri-cool.eu\/fr\/wp-json\/wp\/v2\/users\/2"}],"replies":[{"embeddable":true,"href":"https:\/\/agri-cool.eu\/fr\/wp-json\/wp\/v2\/comments?post=1169"}],"version-history":[{"count":1,"href":"https:\/\/agri-cool.eu\/fr\/wp-json\/wp\/v2\/pages\/1169\/revisions"}],"predecessor-version":[{"id":1170,"href":"https:\/\/agri-cool.eu\/fr\/wp-json\/wp\/v2\/pages\/1169\/revisions\/1170"}],"up":[{"embeddable":true,"href":"https:\/\/agri-cool.eu\/fr\/wp-json\/wp\/v2\/pages\/809"}],"wp:attachment":[{"href":"https:\/\/agri-cool.eu\/fr\/wp-json\/wp\/v2\/media?parent=1169"}],"curies":[{"name":"wp","href":"https:\/\/api.w.org\/{rel}","templated":true}]}}