{"id":1165,"date":"2024-10-07T05:52:41","date_gmt":"2024-10-07T03:52:41","guid":{"rendered":"https:\/\/agri-cool.eu\/demonstration-sites\/demo1-boa-vista-island-cape-verde\/"},"modified":"2024-11-20T19:17:37","modified_gmt":"2024-11-20T18:17:37","slug":"demo1-boa-vista-island-cape-verde","status":"publish","type":"page","link":"https:\/\/agri-cool.eu\/fr\/demonstration-sites\/demo1-boa-vista-island-cape-verde\/","title":{"rendered":"DEMO1- BOA VISTA island (Cape Verde)"},"content":{"rendered":"\t\t<div data-elementor-type=\"wp-page\" data-elementor-id=\"1165\" class=\"elementor elementor-1165 elementor-500\" data-elementor-post-type=\"page\">\n\t\t\t\t\t\t<section class=\"elementor-section elementor-top-section elementor-element elementor-element-1a1f9ca elementor-section-boxed elementor-section-height-default elementor-section-height-default\" data-id=\"1a1f9ca\" data-element_type=\"section\" data-e-type=\"section\" data-settings=\"{&quot;background_background&quot;:&quot;classic&quot;}\">\n\t\t\t\t\t\t\t<div class=\"elementor-background-overlay\"><\/div>\n\t\t\t\t\t\t\t<div class=\"elementor-container elementor-column-gap-default\">\n\t\t\t\t\t<div class=\"elementor-column elementor-col-100 elementor-top-column elementor-element elementor-element-8e30542\" data-id=\"8e30542\" data-element_type=\"column\" data-e-type=\"column\">\n\t\t\t<div class=\"elementor-widget-wrap elementor-element-populated\">\n\t\t\t\t\t\t<div class=\"elementor-element elementor-element-be42ac5 elementor-widget elementor-widget-heading\" data-id=\"be42ac5\" data-element_type=\"widget\" data-e-type=\"widget\" data-widget_type=\"heading.default\">\n\t\t\t\t<div class=\"elementor-widget-container\">\n\t\t\t\t\t<h1 class=\"elementor-heading-title elementor-size-default\">DEMO1- BOA VISTA island (Cape Verde)<\/h1>\t\t\t\t<\/div>\n\t\t\t\t<\/div>\n\t\t\t\t\t<\/div>\n\t\t<\/div>\n\t\t\t\t\t<\/div>\n\t\t<\/section>\n\t\t<div class=\"elementor-element elementor-element-fc00401 e-flex e-con-boxed e-con e-parent\" data-id=\"fc00401\" data-element_type=\"container\" data-e-type=\"container\">\n\t\t\t\t\t<div class=\"e-con-inner\">\n\t\t\t\t<div class=\"elementor-element elementor-element-9d078a4 elementor-widget elementor-widget-text-editor\" data-id=\"9d078a4\" data-element_type=\"widget\" data-e-type=\"widget\" data-widget_type=\"text-editor.default\">\n\t\t\t\t<div class=\"elementor-widget-container\">\n\t\t\t\t\t\t\t\t\t<p>Varandinha est une zone rurale sans connexion au r\u00e9seau et sans infrastructure de cha\u00eene du froid. 82,7 % de l&rsquo;\u00e9nergie est produite par des moteurs diesel, avec un co\u00fbt d&rsquo;environ 0,45 \u00e0 0,9 \u20ac\/kWh. En 2020, GW a install\u00e9 un syst\u00e8me de dessalement hors r\u00e9seau pour fournir de l&rsquo;eau douce aux agriculteurs et \u00e0 la communaut\u00e9.  <\/p>\n\t\t\t\t\t\t\t\t<\/div>\n\t\t\t\t<\/div>\n\t\t\t\t\t<\/div>\n\t\t\t\t<\/div>\n\t\t<div class=\"elementor-element elementor-element-7ee47ef e-flex e-con-boxed e-con e-parent\" data-id=\"7ee47ef\" data-element_type=\"container\" data-e-type=\"container\">\n\t\t\t\t\t<div class=\"e-con-inner\">\n\t\t<div class=\"elementor-element elementor-element-582a796 e-con-full e-flex e-con e-child\" data-id=\"582a796\" data-element_type=\"container\" data-e-type=\"container\">\n\t\t\t\t<div class=\"elementor-element elementor-element-b729cde elementor-widget elementor-widget-image\" data-id=\"b729cde\" data-element_type=\"widget\" data-e-type=\"widget\" data-widget_type=\"image.default\">\n\t\t\t\t<div class=\"elementor-widget-container\">\n\t\t\t\t\t\t\t\t\t\t\t\t\t\t\t<img fetchpriority=\"high\" decoding=\"async\" width=\"800\" height=\"460\" src=\"https:\/\/agri-cool.eu\/wp-content\/uploads\/2024\/10\/boavista2-1024x589.jpg\" class=\"attachment-large size-large wp-image-735\" alt=\"\" srcset=\"https:\/\/agri-cool.eu\/wp-content\/uploads\/2024\/10\/boavista2-1024x589.jpg 1024w, https:\/\/agri-cool.eu\/wp-content\/uploads\/2024\/10\/boavista2-300x173.jpg 300w, https:\/\/agri-cool.eu\/wp-content\/uploads\/2024\/10\/boavista2-768x442.jpg 768w, https:\/\/agri-cool.eu\/wp-content\/uploads\/2024\/10\/boavista2-1536x883.jpg 1536w, https:\/\/agri-cool.eu\/wp-content\/uploads\/2024\/10\/boavista2-2048x1178.jpg 2048w\" sizes=\"(max-width: 800px) 100vw, 800px\" \/>\t\t\t\t\t\t\t\t\t\t\t\t\t\t\t<\/div>\n\t\t\t\t<\/div>\n\t\t\t\t<\/div>\n\t\t<div class=\"elementor-element elementor-element-94ed0b6 e-con-full e-flex e-con e-child\" data-id=\"94ed0b6\" data-element_type=\"container\" data-e-type=\"container\">\n\t\t\t\t<div class=\"elementor-element elementor-element-3ba722c elementor-widget elementor-widget-image\" data-id=\"3ba722c\" data-element_type=\"widget\" data-e-type=\"widget\" data-widget_type=\"image.default\">\n\t\t\t\t<div class=\"elementor-widget-container\">\n\t\t\t\t\t\t\t\t\t\t\t\t\t\t\t<img decoding=\"async\" width=\"800\" height=\"452\" src=\"https:\/\/agri-cool.eu\/wp-content\/uploads\/2024\/10\/boavista1-1024x578.jpg\" class=\"attachment-large size-large wp-image-733\" alt=\"\" srcset=\"https:\/\/agri-cool.eu\/wp-content\/uploads\/2024\/10\/boavista1-1024x578.jpg 1024w, https:\/\/agri-cool.eu\/wp-content\/uploads\/2024\/10\/boavista1-300x169.jpg 300w, https:\/\/agri-cool.eu\/wp-content\/uploads\/2024\/10\/boavista1-768x434.jpg 768w, https:\/\/agri-cool.eu\/wp-content\/uploads\/2024\/10\/boavista1-1536x867.jpg 1536w, https:\/\/agri-cool.eu\/wp-content\/uploads\/2024\/10\/boavista1.jpg 1915w\" sizes=\"(max-width: 800px) 100vw, 800px\" \/>\t\t\t\t\t\t\t\t\t\t\t\t\t\t\t<\/div>\n\t\t\t\t<\/div>\n\t\t\t\t<\/div>\n\t\t\t\t\t<\/div>\n\t\t\t\t<\/div>\n\t\t\t\t<\/div>\n\t\t","protected":false},"excerpt":{"rendered":"<p>Varandinha est une zone rurale sans connexion au r\u00e9seau et sans infrastructure de cha\u00eene du froid. 82,7 % de l&rsquo;\u00e9nergie est produite par des moteurs diesel, avec un co\u00fbt d&rsquo;environ 0,45 \u00e0 0,9 \u20ac\/kWh. En 2020, GW a install\u00e9 un syst\u00e8me de dessalement hors r\u00e9seau pour fournir de l&rsquo;eau douce aux agriculteurs et \u00e0 la [&hellip;]<\/p>\n","protected":false},"author":2,"featured_media":0,"parent":809,"menu_order":0,"comment_status":"closed","ping_status":"closed","template":"elementor_header_footer","meta":{"footnotes":""},"class_list":["post-1165","page","type-page","status-publish","hentry"],"yoast_head":"<!-- This site is optimized with the Yoast SEO plugin v27.3 - https:\/\/yoast.com\/product\/yoast-seo-wordpress\/ -->\n<title>DEMO1- BOA VISTA island (Cape Verde) - AGRI COOL<\/title>\n<meta name=\"robots\" content=\"index, follow, max-snippet:-1, max-image-preview:large, max-video-preview:-1\" \/>\n<link rel=\"canonical\" href=\"https:\/\/agri-cool.eu\/demonstration-sites\/demo1-boa-vista-island-cape-verde\/\" \/>\n<meta property=\"og:locale\" content=\"fr_FR\" \/>\n<meta property=\"og:type\" content=\"article\" \/>\n<meta property=\"og:title\" content=\"DEMO1- BOA VISTA island (Cape Verde) - AGRI COOL\" \/>\n<meta property=\"og:description\" content=\"Varandinha est une zone rurale sans connexion au r\u00e9seau et sans infrastructure de cha\u00eene du froid. 82,7 % de l&rsquo;\u00e9nergie est produite par des moteurs diesel, avec un co\u00fbt d&rsquo;environ 0,45 \u00e0 0,9 \u20ac\/kWh. En 2020, GW a install\u00e9 un syst\u00e8me de dessalement hors r\u00e9seau pour fournir de l&rsquo;eau douce aux agriculteurs et \u00e0 la [&hellip;]\" \/>\n<meta property=\"og:url\" content=\"https:\/\/agri-cool.eu\/demonstration-sites\/demo1-boa-vista-island-cape-verde\/\" \/>\n<meta property=\"og:site_name\" content=\"AGRI COOL\" \/>\n<meta property=\"article:modified_time\" content=\"2024-11-20T18:17:37+00:00\" \/>\n<meta property=\"og:image\" content=\"https:\/\/agri-cool.eu\/wp-content\/uploads\/2024\/10\/boavista2.jpg\" \/>\n\t<meta property=\"og:image:width\" content=\"2135\" \/>\n\t<meta property=\"og:image:height\" content=\"1228\" \/>\n\t<meta property=\"og:image:type\" content=\"image\/jpeg\" \/>\n<meta name=\"twitter:card\" content=\"summary_large_image\" \/>\n<script type=\"application\/ld+json\" class=\"yoast-schema-graph\">{\"@context\":\"https:\\\/\\\/schema.org\",\"@graph\":[{\"@type\":\"WebPage\",\"@id\":\"https:\\\/\\\/agri-cool.eu\\\/demonstration-sites\\\/demo1-boa-vista-island-cape-verde\\\/\",\"url\":\"https:\\\/\\\/agri-cool.eu\\\/demonstration-sites\\\/demo1-boa-vista-island-cape-verde\\\/\",\"name\":\"DEMO1- BOA VISTA island (Cape Verde) - AGRI COOL\",\"isPartOf\":{\"@id\":\"https:\\\/\\\/agri-cool.eu\\\/#website\"},\"primaryImageOfPage\":{\"@id\":\"https:\\\/\\\/agri-cool.eu\\\/demonstration-sites\\\/demo1-boa-vista-island-cape-verde\\\/#primaryimage\"},\"image\":{\"@id\":\"https:\\\/\\\/agri-cool.eu\\\/demonstration-sites\\\/demo1-boa-vista-island-cape-verde\\\/#primaryimage\"},\"thumbnailUrl\":\"https:\\\/\\\/agri-cool.eu\\\/wp-content\\\/uploads\\\/2024\\\/10\\\/boavista2-1024x589.jpg\",\"datePublished\":\"2024-10-07T03:52:41+00:00\",\"dateModified\":\"2024-11-20T18:17:37+00:00\",\"breadcrumb\":{\"@id\":\"https:\\\/\\\/agri-cool.eu\\\/demonstration-sites\\\/demo1-boa-vista-island-cape-verde\\\/#breadcrumb\"},\"inLanguage\":\"fr-FR\",\"potentialAction\":[{\"@type\":\"ReadAction\",\"target\":[\"https:\\\/\\\/agri-cool.eu\\\/demonstration-sites\\\/demo1-boa-vista-island-cape-verde\\\/\"]}]},{\"@type\":\"ImageObject\",\"inLanguage\":\"fr-FR\",\"@id\":\"https:\\\/\\\/agri-cool.eu\\\/demonstration-sites\\\/demo1-boa-vista-island-cape-verde\\\/#primaryimage\",\"url\":\"https:\\\/\\\/agri-cool.eu\\\/wp-content\\\/uploads\\\/2024\\\/10\\\/boavista2-1024x589.jpg\",\"contentUrl\":\"https:\\\/\\\/agri-cool.eu\\\/wp-content\\\/uploads\\\/2024\\\/10\\\/boavista2-1024x589.jpg\"},{\"@type\":\"BreadcrumbList\",\"@id\":\"https:\\\/\\\/agri-cool.eu\\\/demonstration-sites\\\/demo1-boa-vista-island-cape-verde\\\/#breadcrumb\",\"itemListElement\":[{\"@type\":\"ListItem\",\"position\":1,\"name\":\"Home\",\"item\":\"https:\\\/\\\/agri-cool.eu\\\/fr\\\/accueil\\\/\"},{\"@type\":\"ListItem\",\"position\":2,\"name\":\"Sites de d\u00e9monstration\",\"item\":\"https:\\\/\\\/agri-cool.eu\\\/fr\\\/demonstration-sites\\\/\"},{\"@type\":\"ListItem\",\"position\":3,\"name\":\"DEMO1- BOA VISTA island (Cape Verde)\"}]},{\"@type\":\"WebSite\",\"@id\":\"https:\\\/\\\/agri-cool.eu\\\/#website\",\"url\":\"https:\\\/\\\/agri-cool.eu\\\/\",\"name\":\"AGRI COOL\",\"description\":\"\",\"potentialAction\":[{\"@type\":\"SearchAction\",\"target\":{\"@type\":\"EntryPoint\",\"urlTemplate\":\"https:\\\/\\\/agri-cool.eu\\\/?s={search_term_string}\"},\"query-input\":{\"@type\":\"PropertyValueSpecification\",\"valueRequired\":true,\"valueName\":\"search_term_string\"}}],\"inLanguage\":\"fr-FR\"}]}<\/script>\n<!-- \/ Yoast SEO plugin. -->","yoast_head_json":{"title":"DEMO1- BOA VISTA island (Cape Verde) - AGRI COOL","robots":{"index":"index","follow":"follow","max-snippet":"max-snippet:-1","max-image-preview":"max-image-preview:large","max-video-preview":"max-video-preview:-1"},"canonical":"https:\/\/agri-cool.eu\/demonstration-sites\/demo1-boa-vista-island-cape-verde\/","og_locale":"fr_FR","og_type":"article","og_title":"DEMO1- BOA VISTA island (Cape Verde) - AGRI COOL","og_description":"Varandinha est une zone rurale sans connexion au r\u00e9seau et sans infrastructure de cha\u00eene du froid. 82,7 % de l&rsquo;\u00e9nergie est produite par des moteurs diesel, avec un co\u00fbt d&rsquo;environ 0,45 \u00e0 0,9 \u20ac\/kWh. En 2020, GW a install\u00e9 un syst\u00e8me de dessalement hors r\u00e9seau pour fournir de l&rsquo;eau douce aux agriculteurs et \u00e0 la [&hellip;]","og_url":"https:\/\/agri-cool.eu\/demonstration-sites\/demo1-boa-vista-island-cape-verde\/","og_site_name":"AGRI COOL","article_modified_time":"2024-11-20T18:17:37+00:00","og_image":[{"width":2135,"height":1228,"url":"https:\/\/agri-cool.eu\/wp-content\/uploads\/2024\/10\/boavista2.jpg","type":"image\/jpeg"}],"twitter_card":"summary_large_image","schema":{"@context":"https:\/\/schema.org","@graph":[{"@type":"WebPage","@id":"https:\/\/agri-cool.eu\/demonstration-sites\/demo1-boa-vista-island-cape-verde\/","url":"https:\/\/agri-cool.eu\/demonstration-sites\/demo1-boa-vista-island-cape-verde\/","name":"DEMO1- BOA VISTA island (Cape Verde) - AGRI COOL","isPartOf":{"@id":"https:\/\/agri-cool.eu\/#website"},"primaryImageOfPage":{"@id":"https:\/\/agri-cool.eu\/demonstration-sites\/demo1-boa-vista-island-cape-verde\/#primaryimage"},"image":{"@id":"https:\/\/agri-cool.eu\/demonstration-sites\/demo1-boa-vista-island-cape-verde\/#primaryimage"},"thumbnailUrl":"https:\/\/agri-cool.eu\/wp-content\/uploads\/2024\/10\/boavista2-1024x589.jpg","datePublished":"2024-10-07T03:52:41+00:00","dateModified":"2024-11-20T18:17:37+00:00","breadcrumb":{"@id":"https:\/\/agri-cool.eu\/demonstration-sites\/demo1-boa-vista-island-cape-verde\/#breadcrumb"},"inLanguage":"fr-FR","potentialAction":[{"@type":"ReadAction","target":["https:\/\/agri-cool.eu\/demonstration-sites\/demo1-boa-vista-island-cape-verde\/"]}]},{"@type":"ImageObject","inLanguage":"fr-FR","@id":"https:\/\/agri-cool.eu\/demonstration-sites\/demo1-boa-vista-island-cape-verde\/#primaryimage","url":"https:\/\/agri-cool.eu\/wp-content\/uploads\/2024\/10\/boavista2-1024x589.jpg","contentUrl":"https:\/\/agri-cool.eu\/wp-content\/uploads\/2024\/10\/boavista2-1024x589.jpg"},{"@type":"BreadcrumbList","@id":"https:\/\/agri-cool.eu\/demonstration-sites\/demo1-boa-vista-island-cape-verde\/#breadcrumb","itemListElement":[{"@type":"ListItem","position":1,"name":"Home","item":"https:\/\/agri-cool.eu\/fr\/accueil\/"},{"@type":"ListItem","position":2,"name":"Sites de d\u00e9monstration","item":"https:\/\/agri-cool.eu\/fr\/demonstration-sites\/"},{"@type":"ListItem","position":3,"name":"DEMO1- BOA VISTA island (Cape Verde)"}]},{"@type":"WebSite","@id":"https:\/\/agri-cool.eu\/#website","url":"https:\/\/agri-cool.eu\/","name":"AGRI COOL","description":"","potentialAction":[{"@type":"SearchAction","target":{"@type":"EntryPoint","urlTemplate":"https:\/\/agri-cool.eu\/?s={search_term_string}"},"query-input":{"@type":"PropertyValueSpecification","valueRequired":true,"valueName":"search_term_string"}}],"inLanguage":"fr-FR"}]}},"_links":{"self":[{"href":"https:\/\/agri-cool.eu\/fr\/wp-json\/wp\/v2\/pages\/1165","targetHints":{"allow":["GET"]}}],"collection":[{"href":"https:\/\/agri-cool.eu\/fr\/wp-json\/wp\/v2\/pages"}],"about":[{"href":"https:\/\/agri-cool.eu\/fr\/wp-json\/wp\/v2\/types\/page"}],"author":[{"embeddable":true,"href":"https:\/\/agri-cool.eu\/fr\/wp-json\/wp\/v2\/users\/2"}],"replies":[{"embeddable":true,"href":"https:\/\/agri-cool.eu\/fr\/wp-json\/wp\/v2\/comments?post=1165"}],"version-history":[{"count":1,"href":"https:\/\/agri-cool.eu\/fr\/wp-json\/wp\/v2\/pages\/1165\/revisions"}],"predecessor-version":[{"id":1166,"href":"https:\/\/agri-cool.eu\/fr\/wp-json\/wp\/v2\/pages\/1165\/revisions\/1166"}],"up":[{"embeddable":true,"href":"https:\/\/agri-cool.eu\/fr\/wp-json\/wp\/v2\/pages\/809"}],"wp:attachment":[{"href":"https:\/\/agri-cool.eu\/fr\/wp-json\/wp\/v2\/media?parent=1165"}],"curies":[{"name":"wp","href":"https:\/\/api.w.org\/{rel}","templated":true}]}}