{"id":1161,"date":"2024-11-19T11:17:19","date_gmt":"2024-11-19T10:17:19","guid":{"rendered":"https:\/\/agri-cool.eu\/demonstration-sites\/demo-5-ile-de-boa-vista-cape-verde\/"},"modified":"2024-11-20T19:16:56","modified_gmt":"2024-11-20T18:16:56","slug":"demo-5-ile-de-boa-vista-cape-verde","status":"publish","type":"page","link":"https:\/\/agri-cool.eu\/fr\/demonstration-sites\/demo-5-ile-de-boa-vista-cape-verde\/","title":{"rendered":"DEMO 5- \u00cele de Boa Vista, CAPE VERDE"},"content":{"rendered":"\t\t<div data-elementor-type=\"wp-page\" data-elementor-id=\"1161\" class=\"elementor elementor-1161 elementor-1072\" data-elementor-post-type=\"page\">\n\t\t\t\t\t\t<section class=\"elementor-section elementor-top-section elementor-element elementor-element-1a1f9ca elementor-section-boxed elementor-section-height-default elementor-section-height-default\" data-id=\"1a1f9ca\" data-element_type=\"section\" data-e-type=\"section\" data-settings=\"{&quot;background_background&quot;:&quot;classic&quot;}\">\n\t\t\t\t\t\t\t<div class=\"elementor-background-overlay\"><\/div>\n\t\t\t\t\t\t\t<div class=\"elementor-container elementor-column-gap-default\">\n\t\t\t\t\t<div class=\"elementor-column elementor-col-100 elementor-top-column elementor-element elementor-element-8e30542\" data-id=\"8e30542\" data-element_type=\"column\" data-e-type=\"column\">\n\t\t\t<div class=\"elementor-widget-wrap elementor-element-populated\">\n\t\t\t\t\t\t<div class=\"elementor-element elementor-element-be42ac5 elementor-widget elementor-widget-heading\" data-id=\"be42ac5\" data-element_type=\"widget\" data-e-type=\"widget\" data-widget_type=\"heading.default\">\n\t\t\t\t<div class=\"elementor-widget-container\">\n\t\t\t\t\t<h1 class=\"elementor-heading-title elementor-size-default\">DEMO 5- \u00cele de Boa Vista, CAPE VERDE<\/h1>\t\t\t\t<\/div>\n\t\t\t\t<\/div>\n\t\t\t\t\t<\/div>\n\t\t<\/div>\n\t\t\t\t\t<\/div>\n\t\t<\/section>\n\t\t<div class=\"elementor-element elementor-element-fc00401 e-flex e-con-boxed e-con e-parent\" data-id=\"fc00401\" data-element_type=\"container\" data-e-type=\"container\">\n\t\t\t\t\t<div class=\"e-con-inner\">\n\t\t\t\t<div class=\"elementor-element elementor-element-9d078a4 elementor-widget elementor-widget-text-editor\" data-id=\"9d078a4\" data-element_type=\"widget\" data-e-type=\"widget\" data-widget_type=\"text-editor.default\">\n\t\t\t\t<div class=\"elementor-widget-container\">\n\t\t\t\t\t\t\t\t\t<h3><strong>Modernisation d&rsquo;une chambre froide positive de 500 m\u00b3.  <\/strong><\/h3>\n<p>Le projet DEMO5 sur l&rsquo;\u00eele de Boa Vista illustre le potentiel de l&rsquo;innovation AGRI-COOL dans la modernisation des chambres froides existantes, permettant de rem\u00e9dier \u00e0 des inefficacit\u00e9s environnementales et op\u00e9rationnelles critiques. Cette chambre froide positive, situ\u00e9e dans un b\u00e2timent industriel, est un excellent exemple des d\u00e9fis pos\u00e9s par les syst\u00e8mes de r\u00e9frig\u00e9ration obsol\u00e8tes.<\/p>\n<h3><strong>Caract\u00e9ristiques principales de la chambre froide actuelle :<\/strong><\/h3>\n<p><strong>&#8211; Volume et structure :<\/strong> Chambre de 500 m\u00b3 avec une surface de 130 m\u00b2, une hauteur de 3,8 m et des murs isol\u00e9s de 12 cm d&rsquo;\u00e9paisseur.<\/p>\n<p> &#8211;<strong> Emplacement et ombrage :<\/strong> Situ\u00e9e dans un b\u00e2timent industriel, \u00e0 l&rsquo;ombre des murs de la structure, l&rsquo;impact du rayonnement solaire est n\u00e9gligeable.<\/p>\n<p> &#8211;<strong> Profil \u00e9nerg\u00e9tique :<\/strong> La chambre est actuellement aliment\u00e9e par un moteur diesel, qui consomme environ 15 850 kWh par an pour compenser les pertes de chaleur.<\/p>\n\t\t\t\t\t\t\t\t<\/div>\n\t\t\t\t<\/div>\n\t\t\t\t\t<\/div>\n\t\t\t\t<\/div>\n\t\t<div class=\"elementor-element elementor-element-7ee47ef e-flex e-con-boxed e-con e-parent\" data-id=\"7ee47ef\" data-element_type=\"container\" data-e-type=\"container\">\n\t\t\t\t\t<div class=\"e-con-inner\">\n\t\t<div class=\"elementor-element elementor-element-582a796 e-con-full e-flex e-con e-child\" data-id=\"582a796\" data-element_type=\"container\" data-e-type=\"container\">\n\t\t\t\t<div class=\"elementor-element elementor-element-b729cde elementor-widget elementor-widget-image\" data-id=\"b729cde\" data-element_type=\"widget\" data-e-type=\"widget\" data-widget_type=\"image.default\">\n\t\t\t\t<div class=\"elementor-widget-container\">\n\t\t\t\t\t\t\t\t\t\t\t\t\t\t\t<img fetchpriority=\"high\" decoding=\"async\" width=\"608\" height=\"310\" src=\"https:\/\/agri-cool.eu\/wp-content\/uploads\/2024\/11\/demo5-1.png\" class=\"attachment-full size-full wp-image-1067\" alt=\"\" srcset=\"https:\/\/agri-cool.eu\/wp-content\/uploads\/2024\/11\/demo5-1.png 608w, https:\/\/agri-cool.eu\/wp-content\/uploads\/2024\/11\/demo5-1-300x153.png 300w\" sizes=\"(max-width: 608px) 100vw, 608px\" \/>\t\t\t\t\t\t\t\t\t\t\t\t\t\t\t<\/div>\n\t\t\t\t<\/div>\n\t\t\t\t<\/div>\n\t\t<div class=\"elementor-element elementor-element-94ed0b6 e-con-full e-flex e-con e-child\" data-id=\"94ed0b6\" data-element_type=\"container\" data-e-type=\"container\">\n\t\t\t\t<div class=\"elementor-element elementor-element-3ba722c elementor-widget elementor-widget-image\" data-id=\"3ba722c\" data-element_type=\"widget\" data-e-type=\"widget\" data-widget_type=\"image.default\">\n\t\t\t\t<div class=\"elementor-widget-container\">\n\t\t\t\t\t\t\t\t\t\t\t\t\t\t\t<img decoding=\"async\" width=\"608\" height=\"464\" src=\"https:\/\/agri-cool.eu\/wp-content\/uploads\/2024\/11\/demo5-2.png\" class=\"attachment-full size-full wp-image-1075\" alt=\"\" srcset=\"https:\/\/agri-cool.eu\/wp-content\/uploads\/2024\/11\/demo5-2.png 608w, https:\/\/agri-cool.eu\/wp-content\/uploads\/2024\/11\/demo5-2-300x229.png 300w\" sizes=\"(max-width: 608px) 100vw, 608px\" \/>\t\t\t\t\t\t\t\t\t\t\t\t\t\t\t<\/div>\n\t\t\t\t<\/div>\n\t\t\t\t<\/div>\n\t\t\t\t\t<\/div>\n\t\t\t\t<\/div>\n\t\t<div class=\"elementor-element elementor-element-f79aed2 e-flex e-con-boxed e-con e-parent\" data-id=\"f79aed2\" data-element_type=\"container\" data-e-type=\"container\">\n\t\t\t\t\t<div class=\"e-con-inner\">\n\t\t\t\t<div class=\"elementor-element elementor-element-612e2e5 elementor-widget elementor-widget-text-editor\" data-id=\"612e2e5\" data-element_type=\"widget\" data-e-type=\"widget\" data-widget_type=\"text-editor.default\">\n\t\t\t\t<div class=\"elementor-widget-container\">\n\t\t\t\t\t\t\t\t\t<h3><strong>Impact environnemental et \u00e9conomique :<\/strong><\/h3>\n<p><strong>&#8211; \u00c9missions de GES :<\/strong> \u00c9missions annuelles d&rsquo;environ 10,4 tCO\u2082eq dues au g\u00e9n\u00e9rateur diesel \u00e0 fortes \u00e9missions.<br \/> &#8211;<strong> Co\u00fbts op\u00e9rationnels :<\/strong> Les d\u00e9penses de carburant varient de 7 100 \u20ac \u00e0 14 100 \u20ac par an, en fonction du prix du diesel.<\/p>\n\t\t\t\t\t\t\t\t<\/div>\n\t\t\t\t<\/div>\n\t\t\t\t\t<\/div>\n\t\t\t\t<\/div>\n\t\t<div class=\"elementor-element elementor-element-df0a7cc e-flex e-con-boxed e-con e-parent\" data-id=\"df0a7cc\" data-element_type=\"container\" data-e-type=\"container\">\n\t\t\t\t\t<div class=\"e-con-inner\">\n\t\t\t\t<div class=\"elementor-element elementor-element-72f9508 elementor-widget elementor-widget-text-editor\" data-id=\"72f9508\" data-element_type=\"widget\" data-e-type=\"widget\" data-widget_type=\"text-editor.default\">\n\t\t\t\t<div class=\"elementor-widget-container\">\n\t\t\t\t\t\t\t\t\t<h3>La solution de modernisation :<\/h3>\n<p>La modernisation d&rsquo;AGRI-COOL d\u00e9montrera comment des solutions de refroidissement innovantes peuvent r\u00e9duire les \u00e9missions de gaz \u00e0 effet de serre, diminuer les co\u00fbts \u00e9nerg\u00e9tiques et am\u00e9liorer la durabilit\u00e9 des op\u00e9rations de la cha\u00eene du froid. En modernisant cette installation, DEMO5 vise \u00e0 \u00e9tablir une r\u00e9f\u00e9rence pour la modernisation de syst\u00e8mes inefficaces dans des contextes similaires \u00e0 l&rsquo;\u00e9chelle mondiale.<\/p>\n\t\t\t\t\t\t\t\t<\/div>\n\t\t\t\t<\/div>\n\t\t\t\t\t<\/div>\n\t\t\t\t<\/div>\n\t\t\t\t<\/div>\n\t\t","protected":false},"excerpt":{"rendered":"<p>Modernisation d&rsquo;une chambre froide positive de 500 m\u00b3. Le projet DEMO5 sur l&rsquo;\u00eele de Boa Vista illustre le potentiel de l&rsquo;innovation AGRI-COOL dans la modernisation des chambres froides existantes, permettant de rem\u00e9dier \u00e0 des inefficacit\u00e9s environnementales et op\u00e9rationnelles critiques. Cette chambre froide positive, situ\u00e9e dans un b\u00e2timent industriel, est un excellent exemple des d\u00e9fis pos\u00e9s [&hellip;]<\/p>\n","protected":false},"author":2,"featured_media":0,"parent":809,"menu_order":0,"comment_status":"closed","ping_status":"closed","template":"elementor_header_footer","meta":{"footnotes":""},"class_list":["post-1161","page","type-page","status-publish","hentry"],"yoast_head":"<!-- This site is optimized with the Yoast SEO plugin v27.3 - https:\/\/yoast.com\/product\/yoast-seo-wordpress\/ -->\n<title>DEMO 5- \u00cele de Boa Vista, CAPE VERDE - AGRI COOL<\/title>\n<meta name=\"robots\" content=\"index, follow, max-snippet:-1, max-image-preview:large, max-video-preview:-1\" \/>\n<link rel=\"canonical\" href=\"https:\/\/agri-cool.eu\/demonstration-sites\/demo-5-boa-vista-island-cape-verde\/\" \/>\n<meta property=\"og:locale\" content=\"fr_FR\" \/>\n<meta property=\"og:type\" content=\"article\" \/>\n<meta property=\"og:title\" content=\"DEMO 5- \u00cele de Boa Vista, CAPE VERDE - AGRI COOL\" \/>\n<meta property=\"og:description\" content=\"Modernisation d&rsquo;une chambre froide positive de 500 m\u00b3. Le projet DEMO5 sur l&rsquo;\u00eele de Boa Vista illustre le potentiel de l&rsquo;innovation AGRI-COOL dans la modernisation des chambres froides existantes, permettant de rem\u00e9dier \u00e0 des inefficacit\u00e9s environnementales et op\u00e9rationnelles critiques. Cette chambre froide positive, situ\u00e9e dans un b\u00e2timent industriel, est un excellent exemple des d\u00e9fis pos\u00e9s [&hellip;]\" \/>\n<meta property=\"og:url\" content=\"https:\/\/agri-cool.eu\/demonstration-sites\/demo-5-boa-vista-island-cape-verde\/\" \/>\n<meta property=\"og:site_name\" content=\"AGRI COOL\" \/>\n<meta property=\"article:modified_time\" content=\"2024-11-20T18:16:56+00:00\" \/>\n<meta property=\"og:image\" content=\"https:\/\/agri-cool.eu\/wp-content\/uploads\/2024\/11\/demo5-1.png\" \/>\n\t<meta property=\"og:image:width\" content=\"608\" \/>\n\t<meta property=\"og:image:height\" content=\"310\" \/>\n\t<meta property=\"og:image:type\" content=\"image\/png\" \/>\n<meta name=\"twitter:card\" content=\"summary_large_image\" \/>\n<meta name=\"twitter:label1\" content=\"Dur\u00e9e de lecture estim\u00e9e\" \/>\n\t<meta name=\"twitter:data1\" content=\"1 minute\" \/>\n<script type=\"application\/ld+json\" class=\"yoast-schema-graph\">{\"@context\":\"https:\\\/\\\/schema.org\",\"@graph\":[{\"@type\":\"WebPage\",\"@id\":\"https:\\\/\\\/agri-cool.eu\\\/demonstration-sites\\\/demo-5-boa-vista-island-cape-verde\\\/\",\"url\":\"https:\\\/\\\/agri-cool.eu\\\/demonstration-sites\\\/demo-5-boa-vista-island-cape-verde\\\/\",\"name\":\"DEMO 5- \u00cele de Boa Vista, CAPE VERDE - AGRI COOL\",\"isPartOf\":{\"@id\":\"https:\\\/\\\/agri-cool.eu\\\/#website\"},\"primaryImageOfPage\":{\"@id\":\"https:\\\/\\\/agri-cool.eu\\\/demonstration-sites\\\/demo-5-boa-vista-island-cape-verde\\\/#primaryimage\"},\"image\":{\"@id\":\"https:\\\/\\\/agri-cool.eu\\\/demonstration-sites\\\/demo-5-boa-vista-island-cape-verde\\\/#primaryimage\"},\"thumbnailUrl\":\"https:\\\/\\\/agri-cool.eu\\\/wp-content\\\/uploads\\\/2024\\\/11\\\/demo5-1.png\",\"datePublished\":\"2024-11-19T10:17:19+00:00\",\"dateModified\":\"2024-11-20T18:16:56+00:00\",\"breadcrumb\":{\"@id\":\"https:\\\/\\\/agri-cool.eu\\\/demonstration-sites\\\/demo-5-boa-vista-island-cape-verde\\\/#breadcrumb\"},\"inLanguage\":\"fr-FR\",\"potentialAction\":[{\"@type\":\"ReadAction\",\"target\":[\"https:\\\/\\\/agri-cool.eu\\\/demonstration-sites\\\/demo-5-boa-vista-island-cape-verde\\\/\"]}]},{\"@type\":\"ImageObject\",\"inLanguage\":\"fr-FR\",\"@id\":\"https:\\\/\\\/agri-cool.eu\\\/demonstration-sites\\\/demo-5-boa-vista-island-cape-verde\\\/#primaryimage\",\"url\":\"https:\\\/\\\/agri-cool.eu\\\/wp-content\\\/uploads\\\/2024\\\/11\\\/demo5-1.png\",\"contentUrl\":\"https:\\\/\\\/agri-cool.eu\\\/wp-content\\\/uploads\\\/2024\\\/11\\\/demo5-1.png\"},{\"@type\":\"BreadcrumbList\",\"@id\":\"https:\\\/\\\/agri-cool.eu\\\/demonstration-sites\\\/demo-5-boa-vista-island-cape-verde\\\/#breadcrumb\",\"itemListElement\":[{\"@type\":\"ListItem\",\"position\":1,\"name\":\"Home\",\"item\":\"https:\\\/\\\/agri-cool.eu\\\/fr\\\/accueil\\\/\"},{\"@type\":\"ListItem\",\"position\":2,\"name\":\"Sites de d\u00e9monstration\",\"item\":\"https:\\\/\\\/agri-cool.eu\\\/fr\\\/demonstration-sites\\\/\"},{\"@type\":\"ListItem\",\"position\":3,\"name\":\"DEMO 5- \u00cele de Boa Vista, CAPE VERDE\"}]},{\"@type\":\"WebSite\",\"@id\":\"https:\\\/\\\/agri-cool.eu\\\/#website\",\"url\":\"https:\\\/\\\/agri-cool.eu\\\/\",\"name\":\"AGRI COOL\",\"description\":\"\",\"potentialAction\":[{\"@type\":\"SearchAction\",\"target\":{\"@type\":\"EntryPoint\",\"urlTemplate\":\"https:\\\/\\\/agri-cool.eu\\\/?s={search_term_string}\"},\"query-input\":{\"@type\":\"PropertyValueSpecification\",\"valueRequired\":true,\"valueName\":\"search_term_string\"}}],\"inLanguage\":\"fr-FR\"}]}<\/script>\n<!-- \/ Yoast SEO plugin. -->","yoast_head_json":{"title":"DEMO 5- \u00cele de Boa Vista, CAPE VERDE - AGRI COOL","robots":{"index":"index","follow":"follow","max-snippet":"max-snippet:-1","max-image-preview":"max-image-preview:large","max-video-preview":"max-video-preview:-1"},"canonical":"https:\/\/agri-cool.eu\/demonstration-sites\/demo-5-boa-vista-island-cape-verde\/","og_locale":"fr_FR","og_type":"article","og_title":"DEMO 5- \u00cele de Boa Vista, CAPE VERDE - AGRI COOL","og_description":"Modernisation d&rsquo;une chambre froide positive de 500 m\u00b3. Le projet DEMO5 sur l&rsquo;\u00eele de Boa Vista illustre le potentiel de l&rsquo;innovation AGRI-COOL dans la modernisation des chambres froides existantes, permettant de rem\u00e9dier \u00e0 des inefficacit\u00e9s environnementales et op\u00e9rationnelles critiques. Cette chambre froide positive, situ\u00e9e dans un b\u00e2timent industriel, est un excellent exemple des d\u00e9fis pos\u00e9s [&hellip;]","og_url":"https:\/\/agri-cool.eu\/demonstration-sites\/demo-5-boa-vista-island-cape-verde\/","og_site_name":"AGRI COOL","article_modified_time":"2024-11-20T18:16:56+00:00","og_image":[{"width":608,"height":310,"url":"https:\/\/agri-cool.eu\/wp-content\/uploads\/2024\/11\/demo5-1.png","type":"image\/png"}],"twitter_card":"summary_large_image","twitter_misc":{"Dur\u00e9e de lecture estim\u00e9e":"1 minute"},"schema":{"@context":"https:\/\/schema.org","@graph":[{"@type":"WebPage","@id":"https:\/\/agri-cool.eu\/demonstration-sites\/demo-5-boa-vista-island-cape-verde\/","url":"https:\/\/agri-cool.eu\/demonstration-sites\/demo-5-boa-vista-island-cape-verde\/","name":"DEMO 5- \u00cele de Boa Vista, CAPE VERDE - AGRI COOL","isPartOf":{"@id":"https:\/\/agri-cool.eu\/#website"},"primaryImageOfPage":{"@id":"https:\/\/agri-cool.eu\/demonstration-sites\/demo-5-boa-vista-island-cape-verde\/#primaryimage"},"image":{"@id":"https:\/\/agri-cool.eu\/demonstration-sites\/demo-5-boa-vista-island-cape-verde\/#primaryimage"},"thumbnailUrl":"https:\/\/agri-cool.eu\/wp-content\/uploads\/2024\/11\/demo5-1.png","datePublished":"2024-11-19T10:17:19+00:00","dateModified":"2024-11-20T18:16:56+00:00","breadcrumb":{"@id":"https:\/\/agri-cool.eu\/demonstration-sites\/demo-5-boa-vista-island-cape-verde\/#breadcrumb"},"inLanguage":"fr-FR","potentialAction":[{"@type":"ReadAction","target":["https:\/\/agri-cool.eu\/demonstration-sites\/demo-5-boa-vista-island-cape-verde\/"]}]},{"@type":"ImageObject","inLanguage":"fr-FR","@id":"https:\/\/agri-cool.eu\/demonstration-sites\/demo-5-boa-vista-island-cape-verde\/#primaryimage","url":"https:\/\/agri-cool.eu\/wp-content\/uploads\/2024\/11\/demo5-1.png","contentUrl":"https:\/\/agri-cool.eu\/wp-content\/uploads\/2024\/11\/demo5-1.png"},{"@type":"BreadcrumbList","@id":"https:\/\/agri-cool.eu\/demonstration-sites\/demo-5-boa-vista-island-cape-verde\/#breadcrumb","itemListElement":[{"@type":"ListItem","position":1,"name":"Home","item":"https:\/\/agri-cool.eu\/fr\/accueil\/"},{"@type":"ListItem","position":2,"name":"Sites de d\u00e9monstration","item":"https:\/\/agri-cool.eu\/fr\/demonstration-sites\/"},{"@type":"ListItem","position":3,"name":"DEMO 5- \u00cele de Boa Vista, CAPE VERDE"}]},{"@type":"WebSite","@id":"https:\/\/agri-cool.eu\/#website","url":"https:\/\/agri-cool.eu\/","name":"AGRI COOL","description":"","potentialAction":[{"@type":"SearchAction","target":{"@type":"EntryPoint","urlTemplate":"https:\/\/agri-cool.eu\/?s={search_term_string}"},"query-input":{"@type":"PropertyValueSpecification","valueRequired":true,"valueName":"search_term_string"}}],"inLanguage":"fr-FR"}]}},"_links":{"self":[{"href":"https:\/\/agri-cool.eu\/fr\/wp-json\/wp\/v2\/pages\/1161","targetHints":{"allow":["GET"]}}],"collection":[{"href":"https:\/\/agri-cool.eu\/fr\/wp-json\/wp\/v2\/pages"}],"about":[{"href":"https:\/\/agri-cool.eu\/fr\/wp-json\/wp\/v2\/types\/page"}],"author":[{"embeddable":true,"href":"https:\/\/agri-cool.eu\/fr\/wp-json\/wp\/v2\/users\/2"}],"replies":[{"embeddable":true,"href":"https:\/\/agri-cool.eu\/fr\/wp-json\/wp\/v2\/comments?post=1161"}],"version-history":[{"count":1,"href":"https:\/\/agri-cool.eu\/fr\/wp-json\/wp\/v2\/pages\/1161\/revisions"}],"predecessor-version":[{"id":1162,"href":"https:\/\/agri-cool.eu\/fr\/wp-json\/wp\/v2\/pages\/1161\/revisions\/1162"}],"up":[{"embeddable":true,"href":"https:\/\/agri-cool.eu\/fr\/wp-json\/wp\/v2\/pages\/809"}],"wp:attachment":[{"href":"https:\/\/agri-cool.eu\/fr\/wp-json\/wp\/v2\/media?parent=1161"}],"curies":[{"name":"wp","href":"https:\/\/api.w.org\/{rel}","templated":true}]}}