{"id":1145,"date":"2024-08-10T11:37:34","date_gmt":"2024-08-10T09:37:34","guid":{"rendered":"https:\/\/agri-cool.eu\/a-propos-du-projet\/"},"modified":"2026-02-10T16:28:16","modified_gmt":"2026-02-10T15:28:16","slug":"a-propos-du-projet","status":"publish","type":"page","link":"https:\/\/agri-cool.eu\/fr\/a-propos-du-projet\/","title":{"rendered":"\u00c0 propos du projet"},"content":{"rendered":"\t\t<div data-elementor-type=\"wp-page\" data-elementor-id=\"1145\" class=\"elementor elementor-1145 elementor-311\" data-elementor-post-type=\"page\">\n\t\t\t\t\t\t<section class=\"elementor-section elementor-top-section elementor-element elementor-element-1a1f9ca elementor-section-boxed elementor-section-height-default elementor-section-height-default\" data-id=\"1a1f9ca\" data-element_type=\"section\" data-e-type=\"section\" data-settings=\"{&quot;background_background&quot;:&quot;classic&quot;}\">\n\t\t\t\t\t\t\t<div class=\"elementor-background-overlay\"><\/div>\n\t\t\t\t\t\t\t<div class=\"elementor-container elementor-column-gap-default\">\n\t\t\t\t\t<div class=\"elementor-column elementor-col-100 elementor-top-column elementor-element elementor-element-8e30542\" data-id=\"8e30542\" data-element_type=\"column\" data-e-type=\"column\">\n\t\t\t<div class=\"elementor-widget-wrap elementor-element-populated\">\n\t\t\t\t\t\t<div class=\"elementor-element elementor-element-be42ac5 elementor-widget elementor-widget-heading\" data-id=\"be42ac5\" data-element_type=\"widget\" data-e-type=\"widget\" data-widget_type=\"heading.default\">\n\t\t\t\t<div class=\"elementor-widget-container\">\n\t\t\t\t\t<h1 class=\"elementor-heading-title elementor-size-default\">\u00c0 propos du projet<\/h1>\t\t\t\t<\/div>\n\t\t\t\t<\/div>\n\t\t\t\t\t<\/div>\n\t\t<\/div>\n\t\t\t\t\t<\/div>\n\t\t<\/section>\n\t\t\t\t<section class=\"elementor-section elementor-top-section elementor-element elementor-element-d578536 elementor-section-boxed elementor-section-height-default elementor-section-height-default\" data-id=\"d578536\" data-element_type=\"section\" data-e-type=\"section\">\n\t\t\t\t\t\t<div class=\"elementor-container elementor-column-gap-default\">\n\t\t\t\t\t<div class=\"elementor-column elementor-col-50 elementor-top-column elementor-element elementor-element-3b4376b\" data-id=\"3b4376b\" data-element_type=\"column\" data-e-type=\"column\">\n\t\t\t<div class=\"elementor-widget-wrap elementor-element-populated\">\n\t\t\t\t\t\t<div class=\"elementor-element elementor-element-86b838d elementor-widget elementor-widget-image\" data-id=\"86b838d\" data-element_type=\"widget\" data-e-type=\"widget\" data-widget_type=\"image.default\">\n\t\t\t\t<div class=\"elementor-widget-container\">\n\t\t\t\t\t\t\t\t\t\t\t\t\t\t\t<img fetchpriority=\"high\" decoding=\"async\" width=\"2468\" height=\"1440\" src=\"https:\/\/agri-cool.eu\/wp-content\/uploads\/2024\/10\/IMG_2717.jpeg\" class=\"attachment-full size-full wp-image-729\" alt=\"\" srcset=\"https:\/\/agri-cool.eu\/wp-content\/uploads\/2024\/10\/IMG_2717.jpeg 2468w, https:\/\/agri-cool.eu\/wp-content\/uploads\/2024\/10\/IMG_2717-300x175.jpeg 300w, https:\/\/agri-cool.eu\/wp-content\/uploads\/2024\/10\/IMG_2717-1024x597.jpeg 1024w, https:\/\/agri-cool.eu\/wp-content\/uploads\/2024\/10\/IMG_2717-768x448.jpeg 768w, https:\/\/agri-cool.eu\/wp-content\/uploads\/2024\/10\/IMG_2717-1536x896.jpeg 1536w, https:\/\/agri-cool.eu\/wp-content\/uploads\/2024\/10\/IMG_2717-2048x1195.jpeg 2048w\" sizes=\"(max-width: 2468px) 100vw, 2468px\" \/>\t\t\t\t\t\t\t\t\t\t\t\t\t\t\t<\/div>\n\t\t\t\t<\/div>\n\t\t\t\t\t<\/div>\n\t\t<\/div>\n\t\t\t\t<div class=\"elementor-column elementor-col-50 elementor-top-column elementor-element elementor-element-1884294\" data-id=\"1884294\" data-element_type=\"column\" data-e-type=\"column\">\n\t\t\t<div class=\"elementor-widget-wrap elementor-element-populated\">\n\t\t\t\t\t\t<div class=\"elementor-element elementor-element-c15ba8b elementor-widget elementor-widget-heading\" data-id=\"c15ba8b\" data-element_type=\"widget\" data-e-type=\"widget\" data-widget_type=\"heading.default\">\n\t\t\t\t<div class=\"elementor-widget-container\">\n\t\t\t\t\t<h2 class=\"elementor-heading-title elementor-size-default\">AGRI-COOL<\/h2>\t\t\t\t<\/div>\n\t\t\t\t<\/div>\n\t\t\t\t<div class=\"elementor-element elementor-element-575e9d1 elementor-widget-divider--view-line elementor-widget elementor-widget-divider\" data-id=\"575e9d1\" data-element_type=\"widget\" data-e-type=\"widget\" data-widget_type=\"divider.default\">\n\t\t\t\t<div class=\"elementor-widget-container\">\n\t\t\t\t\t\t\t<div class=\"elementor-divider\">\n\t\t\t<span class=\"elementor-divider-separator\">\n\t\t\t\t\t\t<\/span>\n\t\t<\/div>\n\t\t\t\t\t\t<\/div>\n\t\t\t\t<\/div>\n\t\t\t\t<div class=\"elementor-element elementor-element-8cec863 elementor-widget elementor-widget-text-editor\" data-id=\"8cec863\" data-element_type=\"widget\" data-e-type=\"widget\" data-widget_type=\"text-editor.default\">\n\t\t\t\t<div class=\"elementor-widget-container\">\n\t\t\t\t\t\t\t\t\t<p>AGRI-COOL est un projet innovant con\u00e7u pour relever des d\u00e9fis agricoles cruciaux en Afrique.\nCette initiative offre une solution rentable et durable pour lutter contre le gaspillage alimentaire, renforcer la s\u00e9curit\u00e9 alimentaire et r\u00e9duire les effets du changement climatique. <\/p><p> <\/p>\t\t\t\t\t\t\t\t<\/div>\n\t\t\t\t<\/div>\n\t\t\t\t\t<\/div>\n\t\t<\/div>\n\t\t\t\t\t<\/div>\n\t\t<\/section>\n\t\t\t\t<section class=\"elementor-section elementor-top-section elementor-element elementor-element-a7755d2 elementor-section-boxed elementor-section-height-default elementor-section-height-default\" data-id=\"a7755d2\" data-element_type=\"section\" data-e-type=\"section\">\n\t\t\t\t\t\t<div class=\"elementor-container elementor-column-gap-default\">\n\t\t\t\t\t<div class=\"elementor-column elementor-col-100 elementor-top-column elementor-element elementor-element-0abc0a6\" data-id=\"0abc0a6\" data-element_type=\"column\" data-e-type=\"column\">\n\t\t\t<div class=\"elementor-widget-wrap elementor-element-populated\">\n\t\t\t\t\t\t<section class=\"elementor-section elementor-inner-section elementor-element elementor-element-b1c3283 elementor-section-full_width elementor-section-height-default elementor-section-height-default\" data-id=\"b1c3283\" data-element_type=\"section\" data-e-type=\"section\">\n\t\t\t\t\t\t<div class=\"elementor-container elementor-column-gap-default\">\n\t\t\t\t\t<div class=\"elementor-column elementor-col-33 elementor-inner-column elementor-element elementor-element-b6e6d01 animated-slow elementor-invisible\" data-id=\"b6e6d01\" data-element_type=\"column\" data-e-type=\"column\" data-settings=\"{&quot;background_background&quot;:&quot;classic&quot;,&quot;animation&quot;:&quot;fadeIn&quot;,&quot;animation_delay&quot;:900}\">\n\t\t\t<div class=\"elementor-widget-wrap elementor-element-populated\">\n\t\t\t\t\t\t<div class=\"elementor-element elementor-element-6519c0c elementor-view-default elementor-widget elementor-widget-icon\" data-id=\"6519c0c\" data-element_type=\"widget\" data-e-type=\"widget\" data-widget_type=\"icon.default\">\n\t\t\t\t<div class=\"elementor-widget-container\">\n\t\t\t\t\t\t\t<div class=\"elementor-icon-wrapper\">\n\t\t\t<div class=\"elementor-icon\">\n\t\t\t<i aria-hidden=\"true\" class=\"fas fa-air-freshener\"><\/i>\t\t\t<\/div>\n\t\t<\/div>\n\t\t\t\t\t\t<\/div>\n\t\t\t\t<\/div>\n\t\t\t\t<div class=\"elementor-element elementor-element-34a01bc elementor-widget elementor-widget-heading\" data-id=\"34a01bc\" data-element_type=\"widget\" data-e-type=\"widget\" data-widget_type=\"heading.default\">\n\t\t\t\t<div class=\"elementor-widget-container\">\n\t\t\t\t\t<h2 class=\"elementor-heading-title elementor-size-default\">Solutions de refroidissement durables<\/h2>\t\t\t\t<\/div>\n\t\t\t\t<\/div>\n\t\t\t\t<div class=\"elementor-element elementor-element-b5b89fc elementor-widget elementor-widget-text-editor\" data-id=\"b5b89fc\" data-element_type=\"widget\" data-e-type=\"widget\" data-widget_type=\"text-editor.default\">\n\t\t\t\t<div class=\"elementor-widget-container\">\n\t\t\t\t\t\t\t\t\t<p>En int\u00e9grant les \u00e9nergies renouvelables, les technologies de refroidissement avanc\u00e9es, les syst\u00e8mes de contr\u00f4le intelligents et le stockage d&rsquo;\u00e9nergie thermique de pointe, AGRI-COOL cr\u00e9e des solutions de refroidissement \u00e9volutives et conteneuris\u00e9es qui am\u00e9liorent consid\u00e9rablement les processus post-r\u00e9colte.\nCette approche innovante permet de conserver efficacement les denr\u00e9es p\u00e9rissables, de r\u00e9duire les d\u00e9chets et d&rsquo;am\u00e9liorer l&rsquo;efficacit\u00e9 de la cha\u00eene d&rsquo;approvisionnement. <\/p>\t\t\t\t\t\t\t\t<\/div>\n\t\t\t\t<\/div>\n\t\t\t\t\t<\/div>\n\t\t<\/div>\n\t\t\t\t<div class=\"elementor-column elementor-col-33 elementor-inner-column elementor-element elementor-element-aa40b05 animated-slow elementor-invisible\" data-id=\"aa40b05\" data-element_type=\"column\" data-e-type=\"column\" data-settings=\"{&quot;background_background&quot;:&quot;classic&quot;,&quot;animation&quot;:&quot;fadeIn&quot;,&quot;animation_delay&quot;:1200}\">\n\t\t\t<div class=\"elementor-widget-wrap elementor-element-populated\">\n\t\t\t\t\t\t<div class=\"elementor-element elementor-element-49c7bca elementor-view-default elementor-widget elementor-widget-icon\" data-id=\"49c7bca\" data-element_type=\"widget\" data-e-type=\"widget\" data-widget_type=\"icon.default\">\n\t\t\t\t<div class=\"elementor-widget-container\">\n\t\t\t\t\t\t\t<div class=\"elementor-icon-wrapper\">\n\t\t\t<div class=\"elementor-icon\">\n\t\t\t<i aria-hidden=\"true\" class=\"fas fa-people-arrows\"><\/i>\t\t\t<\/div>\n\t\t<\/div>\n\t\t\t\t\t\t<\/div>\n\t\t\t\t<\/div>\n\t\t\t\t<div class=\"elementor-element elementor-element-d673686 elementor-widget elementor-widget-heading\" data-id=\"d673686\" data-element_type=\"widget\" data-e-type=\"widget\" data-widget_type=\"heading.default\">\n\t\t\t\t<div class=\"elementor-widget-container\">\n\t\t\t\t\t<h2 class=\"elementor-heading-title elementor-size-default\">Renforcer les communaut\u00e9s locales<\/h2>\t\t\t\t<\/div>\n\t\t\t\t<\/div>\n\t\t\t\t<div class=\"elementor-element elementor-element-57b0759 elementor-widget elementor-widget-text-editor\" data-id=\"57b0759\" data-element_type=\"widget\" data-e-type=\"widget\" data-widget_type=\"text-editor.default\">\n\t\t\t\t<div class=\"elementor-widget-container\">\n\t\t\t\t\t\t\t\t\t<p>Au-del\u00e0 du d\u00e9veloppement de syst\u00e8mes de refroidissement aliment\u00e9s par des \u00e9nergies renouvelables, AGRI-COOL vise \u00e0 renforcer les industries locales et les petits exploitants agricoles en rendant ces solutions \u00e0 la fois accessibles et rentables.\nGr\u00e2ce \u00e0 des projets de d\u00e9monstration men\u00e9s dans diverses r\u00e9gions, notamment en Afrique du Sud, au Cap-Vert, en Somalie et au Zimbabwe, l&rsquo;initiative mettra en \u00e9vidence l&rsquo;adaptabilit\u00e9 de sa technologie \u00e0 diff\u00e9rents climats et contextes agricoles. <\/p>\t\t\t\t\t\t\t\t<\/div>\n\t\t\t\t<\/div>\n\t\t\t\t\t<\/div>\n\t\t<\/div>\n\t\t\t\t<div class=\"elementor-column elementor-col-33 elementor-inner-column elementor-element elementor-element-572c6ba animated-slow elementor-invisible\" data-id=\"572c6ba\" data-element_type=\"column\" data-e-type=\"column\" data-settings=\"{&quot;background_background&quot;:&quot;classic&quot;,&quot;animation&quot;:&quot;fadeIn&quot;,&quot;animation_delay&quot;:1500}\">\n\t\t\t<div class=\"elementor-widget-wrap elementor-element-populated\">\n\t\t\t\t\t\t<div class=\"elementor-element elementor-element-4622528 elementor-view-default elementor-widget elementor-widget-icon\" data-id=\"4622528\" data-element_type=\"widget\" data-e-type=\"widget\" data-widget_type=\"icon.default\">\n\t\t\t\t<div class=\"elementor-widget-container\">\n\t\t\t\t\t\t\t<div class=\"elementor-icon-wrapper\">\n\t\t\t<div class=\"elementor-icon\">\n\t\t\t<i aria-hidden=\"true\" class=\"icon icon-graph\"><\/i>\t\t\t<\/div>\n\t\t<\/div>\n\t\t\t\t\t\t<\/div>\n\t\t\t\t<\/div>\n\t\t\t\t<div class=\"elementor-element elementor-element-001eec2 elementor-widget elementor-widget-heading\" data-id=\"001eec2\" data-element_type=\"widget\" data-e-type=\"widget\" data-widget_type=\"heading.default\">\n\t\t\t\t<div class=\"elementor-widget-container\">\n\t\t\t\t\t<h2 class=\"elementor-heading-title elementor-size-default\">Mesurer l'impact<\/h2>\t\t\t\t<\/div>\n\t\t\t\t<\/div>\n\t\t\t\t<div class=\"elementor-element elementor-element-c1a2bd0 elementor-widget elementor-widget-text-editor\" data-id=\"c1a2bd0\" data-element_type=\"widget\" data-e-type=\"widget\" data-widget_type=\"text-editor.default\">\n\t\t\t\t<div class=\"elementor-widget-container\">\n\t\t\t\t\t\t\t\t\t<p>L&rsquo;impact du projet sera \u00e9valu\u00e9 en fonction du succ\u00e8s de sa technologie de refroidissement innovante, de ses programmes de formation complets et de son approche strat\u00e9gique de l&rsquo;entr\u00e9e sur le march\u00e9.\nEn fin de compte, AGRI-COOL cherche \u00e0 am\u00e9liorer la s\u00e9curit\u00e9 alimentaire, \u00e0 r\u00e9duire le gaspillage alimentaire et \u00e0 stimuler la croissance \u00e9conomique dans le secteur agricole africain tout en promouvant la durabilit\u00e9 et la r\u00e9silience. <\/p>\t\t\t\t\t\t\t\t<\/div>\n\t\t\t\t<\/div>\n\t\t\t\t\t<\/div>\n\t\t<\/div>\n\t\t\t\t\t<\/div>\n\t\t<\/section>\n\t\t\t\t\t<\/div>\n\t\t<\/div>\n\t\t\t\t\t<\/div>\n\t\t<\/section>\n\t\t<div class=\"elementor-element elementor-element-8e2d7ac e-flex e-con-boxed e-con e-parent\" data-id=\"8e2d7ac\" data-element_type=\"container\" data-e-type=\"container\">\n\t\t\t\t\t<div class=\"e-con-inner\">\n\t\t\t\t<div class=\"elementor-element elementor-element-624fe23 elementor-widget elementor-widget-video\" data-id=\"624fe23\" data-element_type=\"widget\" data-e-type=\"widget\" data-settings=\"{&quot;youtube_url&quot;:&quot;https:\\\/\\\/www.youtube.com\\\/watch?v=mjExgBj0bM0&amp;pp=0gcJCZQKAYcqIYzv&quot;,&quot;video_type&quot;:&quot;youtube&quot;,&quot;controls&quot;:&quot;yes&quot;}\" data-widget_type=\"video.default\">\n\t\t\t\t<div class=\"elementor-widget-container\">\n\t\t\t\t\t\t\t<div class=\"elementor-wrapper elementor-open-inline\">\n\t\t\t<div class=\"elementor-video\"><\/div>\t\t<\/div>\n\t\t\t\t\t\t<\/div>\n\t\t\t\t<\/div>\n\t\t\t\t\t<\/div>\n\t\t\t\t<\/div>\n\t\t\t\t<\/div>\n\t\t","protected":false},"excerpt":{"rendered":"<p>AGRI-COOL AGRI-COOL est un projet innovant con\u00e7u pour relever des d\u00e9fis agricoles cruciaux en Afrique. Cette initiative offre une solution rentable et durable pour lutter contre le gaspillage alimentaire, renforcer la s\u00e9curit\u00e9 alimentaire et r\u00e9duire les effets du changement climatique. Solutions de refroidissement durables En int\u00e9grant les \u00e9nergies renouvelables, les technologies de refroidissement avanc\u00e9es, les [&hellip;]<\/p>\n","protected":false},"author":2,"featured_media":0,"parent":0,"menu_order":0,"comment_status":"closed","ping_status":"closed","template":"elementor_header_footer","meta":{"footnotes":""},"class_list":["post-1145","page","type-page","status-publish","hentry"],"yoast_head":"<!-- This site is optimized with the Yoast SEO plugin v27.3 - https:\/\/yoast.com\/product\/yoast-seo-wordpress\/ -->\n<title>\u00c0 propos d&#039;Agri-Cool : Aper\u00e7u du projet et objectifs pour une agriculture durable<\/title>\n<meta name=\"description\" content=\"D\u00e9couvrez le projet Agri-Cool : des solutions agricoles durables avec des syst\u00e8mes de stockage et de refroidissement innovants pour les communaut\u00e9s rurales africaines.\" \/>\n<meta name=\"robots\" content=\"index, follow, max-snippet:-1, max-image-preview:large, max-video-preview:-1\" \/>\n<link rel=\"canonical\" href=\"https:\/\/agri-cool.eu\/fr\/a-propos-du-projet\/\" \/>\n<meta property=\"og:locale\" content=\"fr_FR\" \/>\n<meta property=\"og:type\" content=\"article\" \/>\n<meta property=\"og:title\" content=\"\u00c0 propos d&#039;Agri-Cool : Aper\u00e7u du projet et objectifs pour une agriculture durable\" \/>\n<meta property=\"og:description\" content=\"D\u00e9couvrez le projet Agri-Cool : des solutions agricoles durables avec des syst\u00e8mes de stockage et de refroidissement innovants pour les communaut\u00e9s rurales africaines.\" \/>\n<meta property=\"og:url\" content=\"https:\/\/agri-cool.eu\/fr\/a-propos-du-projet\/\" \/>\n<meta property=\"og:site_name\" content=\"AGRI COOL\" \/>\n<meta property=\"article:modified_time\" content=\"2026-02-10T15:28:16+00:00\" \/>\n<meta property=\"og:image\" content=\"https:\/\/agri-cool.eu\/wp-content\/uploads\/2024\/10\/IMG_2717-1024x597.jpeg\" \/>\n\t<meta property=\"og:image:width\" content=\"1024\" \/>\n\t<meta property=\"og:image:height\" content=\"597\" \/>\n\t<meta property=\"og:image:type\" content=\"image\/jpeg\" \/>\n<meta name=\"twitter:card\" content=\"summary_large_image\" \/>\n<meta name=\"twitter:label1\" content=\"Dur\u00e9e de lecture estim\u00e9e\" \/>\n\t<meta name=\"twitter:data1\" content=\"1 minute\" \/>\n<script type=\"application\/ld+json\" class=\"yoast-schema-graph\">{\"@context\":\"https:\\\/\\\/schema.org\",\"@graph\":[{\"@type\":\"WebPage\",\"@id\":\"https:\\\/\\\/agri-cool.eu\\\/fr\\\/a-propos-du-projet\\\/\",\"url\":\"https:\\\/\\\/agri-cool.eu\\\/fr\\\/a-propos-du-projet\\\/\",\"name\":\"\u00c0 propos d'Agri-Cool : Aper\u00e7u du projet et objectifs pour une agriculture durable\",\"isPartOf\":{\"@id\":\"https:\\\/\\\/agri-cool.eu\\\/#website\"},\"primaryImageOfPage\":{\"@id\":\"https:\\\/\\\/agri-cool.eu\\\/fr\\\/a-propos-du-projet\\\/#primaryimage\"},\"image\":{\"@id\":\"https:\\\/\\\/agri-cool.eu\\\/fr\\\/a-propos-du-projet\\\/#primaryimage\"},\"thumbnailUrl\":\"https:\\\/\\\/agri-cool.eu\\\/wp-content\\\/uploads\\\/2024\\\/10\\\/IMG_2717.jpeg\",\"datePublished\":\"2024-08-10T09:37:34+00:00\",\"dateModified\":\"2026-02-10T15:28:16+00:00\",\"description\":\"D\u00e9couvrez le projet Agri-Cool : des solutions agricoles durables avec des syst\u00e8mes de stockage et de refroidissement innovants pour les communaut\u00e9s rurales africaines.\",\"breadcrumb\":{\"@id\":\"https:\\\/\\\/agri-cool.eu\\\/fr\\\/a-propos-du-projet\\\/#breadcrumb\"},\"inLanguage\":\"fr-FR\",\"potentialAction\":[{\"@type\":\"ReadAction\",\"target\":[\"https:\\\/\\\/agri-cool.eu\\\/fr\\\/a-propos-du-projet\\\/\"]}]},{\"@type\":\"ImageObject\",\"inLanguage\":\"fr-FR\",\"@id\":\"https:\\\/\\\/agri-cool.eu\\\/fr\\\/a-propos-du-projet\\\/#primaryimage\",\"url\":\"https:\\\/\\\/agri-cool.eu\\\/wp-content\\\/uploads\\\/2024\\\/10\\\/IMG_2717.jpeg\",\"contentUrl\":\"https:\\\/\\\/agri-cool.eu\\\/wp-content\\\/uploads\\\/2024\\\/10\\\/IMG_2717.jpeg\"},{\"@type\":\"BreadcrumbList\",\"@id\":\"https:\\\/\\\/agri-cool.eu\\\/fr\\\/a-propos-du-projet\\\/#breadcrumb\",\"itemListElement\":[{\"@type\":\"ListItem\",\"position\":1,\"name\":\"Home\",\"item\":\"https:\\\/\\\/agri-cool.eu\\\/fr\\\/accueil\\\/\"},{\"@type\":\"ListItem\",\"position\":2,\"name\":\"\u00c0 propos du projet\"}]},{\"@type\":\"WebSite\",\"@id\":\"https:\\\/\\\/agri-cool.eu\\\/#website\",\"url\":\"https:\\\/\\\/agri-cool.eu\\\/\",\"name\":\"AGRI COOL\",\"description\":\"\",\"potentialAction\":[{\"@type\":\"SearchAction\",\"target\":{\"@type\":\"EntryPoint\",\"urlTemplate\":\"https:\\\/\\\/agri-cool.eu\\\/?s={search_term_string}\"},\"query-input\":{\"@type\":\"PropertyValueSpecification\",\"valueRequired\":true,\"valueName\":\"search_term_string\"}}],\"inLanguage\":\"fr-FR\"}]}<\/script>\n<!-- \/ Yoast SEO plugin. -->","yoast_head_json":{"title":"\u00c0 propos d'Agri-Cool : Aper\u00e7u du projet et objectifs pour une agriculture durable","description":"D\u00e9couvrez le projet Agri-Cool : des solutions agricoles durables avec des syst\u00e8mes de stockage et de refroidissement innovants pour les communaut\u00e9s rurales africaines.","robots":{"index":"index","follow":"follow","max-snippet":"max-snippet:-1","max-image-preview":"max-image-preview:large","max-video-preview":"max-video-preview:-1"},"canonical":"https:\/\/agri-cool.eu\/fr\/a-propos-du-projet\/","og_locale":"fr_FR","og_type":"article","og_title":"\u00c0 propos d'Agri-Cool : Aper\u00e7u du projet et objectifs pour une agriculture durable","og_description":"D\u00e9couvrez le projet Agri-Cool : des solutions agricoles durables avec des syst\u00e8mes de stockage et de refroidissement innovants pour les communaut\u00e9s rurales africaines.","og_url":"https:\/\/agri-cool.eu\/fr\/a-propos-du-projet\/","og_site_name":"AGRI COOL","article_modified_time":"2026-02-10T15:28:16+00:00","og_image":[{"width":1024,"height":597,"url":"https:\/\/agri-cool.eu\/wp-content\/uploads\/2024\/10\/IMG_2717-1024x597.jpeg","type":"image\/jpeg"}],"twitter_card":"summary_large_image","twitter_misc":{"Dur\u00e9e de lecture estim\u00e9e":"1 minute"},"schema":{"@context":"https:\/\/schema.org","@graph":[{"@type":"WebPage","@id":"https:\/\/agri-cool.eu\/fr\/a-propos-du-projet\/","url":"https:\/\/agri-cool.eu\/fr\/a-propos-du-projet\/","name":"\u00c0 propos d'Agri-Cool : Aper\u00e7u du projet et objectifs pour une agriculture durable","isPartOf":{"@id":"https:\/\/agri-cool.eu\/#website"},"primaryImageOfPage":{"@id":"https:\/\/agri-cool.eu\/fr\/a-propos-du-projet\/#primaryimage"},"image":{"@id":"https:\/\/agri-cool.eu\/fr\/a-propos-du-projet\/#primaryimage"},"thumbnailUrl":"https:\/\/agri-cool.eu\/wp-content\/uploads\/2024\/10\/IMG_2717.jpeg","datePublished":"2024-08-10T09:37:34+00:00","dateModified":"2026-02-10T15:28:16+00:00","description":"D\u00e9couvrez le projet Agri-Cool : des solutions agricoles durables avec des syst\u00e8mes de stockage et de refroidissement innovants pour les communaut\u00e9s rurales africaines.","breadcrumb":{"@id":"https:\/\/agri-cool.eu\/fr\/a-propos-du-projet\/#breadcrumb"},"inLanguage":"fr-FR","potentialAction":[{"@type":"ReadAction","target":["https:\/\/agri-cool.eu\/fr\/a-propos-du-projet\/"]}]},{"@type":"ImageObject","inLanguage":"fr-FR","@id":"https:\/\/agri-cool.eu\/fr\/a-propos-du-projet\/#primaryimage","url":"https:\/\/agri-cool.eu\/wp-content\/uploads\/2024\/10\/IMG_2717.jpeg","contentUrl":"https:\/\/agri-cool.eu\/wp-content\/uploads\/2024\/10\/IMG_2717.jpeg"},{"@type":"BreadcrumbList","@id":"https:\/\/agri-cool.eu\/fr\/a-propos-du-projet\/#breadcrumb","itemListElement":[{"@type":"ListItem","position":1,"name":"Home","item":"https:\/\/agri-cool.eu\/fr\/accueil\/"},{"@type":"ListItem","position":2,"name":"\u00c0 propos du projet"}]},{"@type":"WebSite","@id":"https:\/\/agri-cool.eu\/#website","url":"https:\/\/agri-cool.eu\/","name":"AGRI COOL","description":"","potentialAction":[{"@type":"SearchAction","target":{"@type":"EntryPoint","urlTemplate":"https:\/\/agri-cool.eu\/?s={search_term_string}"},"query-input":{"@type":"PropertyValueSpecification","valueRequired":true,"valueName":"search_term_string"}}],"inLanguage":"fr-FR"}]}},"_links":{"self":[{"href":"https:\/\/agri-cool.eu\/fr\/wp-json\/wp\/v2\/pages\/1145","targetHints":{"allow":["GET"]}}],"collection":[{"href":"https:\/\/agri-cool.eu\/fr\/wp-json\/wp\/v2\/pages"}],"about":[{"href":"https:\/\/agri-cool.eu\/fr\/wp-json\/wp\/v2\/types\/page"}],"author":[{"embeddable":true,"href":"https:\/\/agri-cool.eu\/fr\/wp-json\/wp\/v2\/users\/2"}],"replies":[{"embeddable":true,"href":"https:\/\/agri-cool.eu\/fr\/wp-json\/wp\/v2\/comments?post=1145"}],"version-history":[{"count":5,"href":"https:\/\/agri-cool.eu\/fr\/wp-json\/wp\/v2\/pages\/1145\/revisions"}],"predecessor-version":[{"id":2205,"href":"https:\/\/agri-cool.eu\/fr\/wp-json\/wp\/v2\/pages\/1145\/revisions\/2205"}],"wp:attachment":[{"href":"https:\/\/agri-cool.eu\/fr\/wp-json\/wp\/v2\/media?parent=1145"}],"curies":[{"name":"wp","href":"https:\/\/api.w.org\/{rel}","templated":true}]}}